{"id":1486,"date":"2026-01-20T12:11:11","date_gmt":"2026-01-20T12:11:11","guid":{"rendered":"https:\/\/bonuskongcasino.com\/login-and-registration\/"},"modified":"2026-03-16T11:03:52","modified_gmt":"2026-03-16T11:03:52","slug":"logowanie-i-rejestracja","status":"publish","type":"page","link":"https:\/\/cowboyspincasino.com\/pl\/logowanie-i-rejestracja\/","title":{"rendered":"Logowanie i rejestracja"},"content":{"rendered":"<h1>Logowanie i rejestracja konta Cowboyspin<\/h1>\n<p>Aby rozpocz\u0105\u0107 gr\u0119, wszyscy gracze z Polski musz\u0105 przej\u015b\u0107 procedur\u0119 Cowboyspin login. Proces ten nie zajmuje du\u017co czasu i wymaga jedynie podania danych identyfikacyjnych. Nale\u017cy pami\u0119ta\u0107, \u017ce procedura ta jest dost\u0119pna wy\u0142\u0105cznie dla os\u00f3b pe\u0142noletnich.<\/p>\n<p><div class=\"banner-wrap\" aria-label=\"Banner\"><img src=\"https:\/\/cowboyspincasino.com\/wp-content\/uploads\/2026\/03\/banner-desktop2x.webp\" class=\"w-100 d-none d-lg-block img-pc main-banner-img\" alt=\"Cowboyspin bonus desktop\" fetchpriority=\"high\" decoding=\"async\"><img src=\"https:\/\/cowboyspincasino.com\/wp-content\/uploads\/2026\/03\/banner-mobile2x.webp\" class=\"w-100 d-none d-md-block d-lg-none main-banner-img\" alt=\"banner-mobile2x\" fetchpriority=\"high\" decoding=\"async\"><img src=\"https:\/\/cowboyspincasino.com\/wp-content\/uploads\/2026\/03\/banner-mobile2x.webp\" class=\"w-100 d-md-none\" alt=\"banner-mobile2x\" fetchpriority=\"high\" decoding=\"async\"><div class=\"banner-description\">\n<div class=\"banner-title\">Bonusy powitalne<\/div>\n<p class=\"banner-header-title\">1500 \u20ac<\/p>\n<div class=\"banner-header-AdditionalText\">+ 250 Darmowe spiny<\/div>\n<button data-item=\"homepage_banner_link\" class=\"goto m-button m-gradient-border m-button--primary m-button--large banner-button btn-orange\">\n            <div class=\"m-button-content\">\n                <span>Zarejestruj si\u0119 teraz<\/span>\n                <span><\/span>\n            <\/div>\n        <\/button>\n<\/div>\n<div class=\"WelcomePack\">\n<p><img loading=\"lazy\" decoding=\"async\" class=\"alignnone size-full wp-image-1832\" src=\"https:\/\/cowboyspincasino.com\/wp-content\/uploads\/2026\/03\/welcome-crown.png\" alt=\"cronw\" width=\"25\" height=\"26\" \/><\/p>\n<div class=\"WelcomePack-Info\">Cotygodniowy zwrot got\u00f3wki do 25%<\/div>\n<p><img loading=\"lazy\" decoding=\"async\" class=\"alignnone size-full wp-image-1832\" src=\"https:\/\/cowboyspincasino.com\/wp-content\/uploads\/2026\/03\/welcome-crown.png\" alt=\"cronw\" width=\"25\" height=\"26\" \/><\/p>\n<\/div>\n<\/div><div class=\"scrollable-content-wrap my-5\"><div class=\"scrollable-content-inner\"><h2>Rejestracja nowego u\u017cytkownika w Cowboy Spin<\/h2>\n<p>Rejestracja nowego konta w Cowboyspin Casino zapewnia pe\u0142ny dost\u0119p do wszystkich gier, promocji i innych funkcji platformy. Po zalogowaniu si\u0119 wszyscy nowi gracze mog\u0105 otrzyma\u0107 pakiet powitalny: do 1 500 \u20ac + 250 darmowych spin\u00f3w. Dost\u0119pne b\u0119d\u0105 r\u00f3wnie\u017c wszystkie inne promocje.<\/p>\n<p>U\u017cytkownicy otrzymuj\u0105 pe\u0142ny dost\u0119p do wysokiej jako\u015bci gier od najlepszych dostawc\u00f3w, opcji wp\u0142at i wyp\u0142at oraz dost\u0119p do konta osobistego, kt\u00f3re zapewnia dodatkowe funkcje zapewniaj\u0105ce komfortowe i selektywne wra\u017cenia z gry.<\/p>\n<h3>Utw\u00f3rz swoje konto<\/h3>\n<p>Aby utworzy\u0107 konto w Cowboyspin, wykonaj nast\u0119puj\u0105ce proste kroki:<\/p>\n<ol>\n<li>Aby przej\u015b\u0107 do formularza rejestracyjnego, kliknij przycisk \u201eZarejestruj si\u0119\u201d na stronie g\u0142\u00f3wnej.<\/li>\n<li>Wprowad\u017a sw\u00f3j adres e-mail i wybierz has\u0142o.<\/li>\n<li>Je\u015bli posiadasz kod promocyjny, u\u017cyj go.<\/li>\n<li>Potwierd\u017a, \u017ce masz uko\u0144czone 18 lat i akceptujesz warunki.<\/li>\n<li>Kliknij \u201eZarejestruj si\u0119\u201d, aby zako\u0144czy\u0107 rejestracj\u0119.<\/li>\n<\/ol>\n<p>Proces ten mo\u017cna jeszcze bardziej upro\u015bci\u0107, klikaj\u0105c przycisk \u201eKontynuuj z Google\u201d. Po klikni\u0119ciu tego przycisku pominiesz r\u0119czne wype\u0142nianie formularza i b\u0119dziesz m\u00f3g\u0142 natychmiast zako\u0144czy\u0107 rejestracj\u0119.<\/p>\n<p>Pami\u0119taj, \u017ce podczas tworzenia konta Cowboy Spin musisz zapozna\u0107 si\u0119 z warunkami i zaakceptowa\u0107 polityk\u0119 prywatno\u015bci strony internetowej.<\/p>\n<p><img loading=\"lazy\" decoding=\"async\" class=\"alignnone size-full wp-image-1928\" src=\"https:\/\/cowboyspincasino.com\/wp-content\/uploads\/2026\/03\/Cowboyspin.webp\" alt=\"Cowboyspin login\" width=\"1248\" height=\"536\" srcset=\"https:\/\/cowboyspincasino.com\/wp-content\/uploads\/2026\/03\/Cowboyspin.webp 1248w, https:\/\/cowboyspincasino.com\/wp-content\/uploads\/2026\/03\/Cowboyspin-300x129.webp 300w, https:\/\/cowboyspincasino.com\/wp-content\/uploads\/2026\/03\/Cowboyspin-1024x440.webp 1024w, https:\/\/cowboyspincasino.com\/wp-content\/uploads\/2026\/03\/Cowboyspin-768x330.webp 768w\" sizes=\"auto, (max-width: 1248px) 100vw, 1248px\" \/><\/p>\n<h2>Korzystanie z konta Cowboyspin<\/h2>\n<p>Po zarejestrowaniu si\u0119 wystarczy zalogowa\u0107 si\u0119 na swoje konto, aby uzyska\u0107 do niego dost\u0119p. Oto, co nale\u017cy zrobi\u0107, aby zako\u0144czy\u0107 procedur\u0119 logowania do serwisu Cowboyspin:<\/p>\n<ol>\n<li>Kliknij przycisk logowania w prawym g\u00f3rnym rogu strony.<\/li>\n<li>Wprowad\u017a dane u\u017cyte podczas rejestracji lub uzyskaj dost\u0119p za po\u015brednictwem Google.<\/li>\n<li>Po sprawdzeniu wszystkich danych kliknij link potwierdzaj\u0105cy na ko\u0144cu formularza.<\/li>\n<\/ol>\n<p>Po zalogowaniu masz pe\u0142n\u0105 kontrol\u0119 nad swoimi danymi osobowymi i informacjami dotycz\u0105cymi gry. Mo\u017cesz \u0142atwo zmienia\u0107 informacje w swoim profilu, dokonywa\u0107 wp\u0142at i wyp\u0142at, przegl\u0105da\u0107 histori\u0119 transakcji oraz sprawdza\u0107 bonusy i oferty dost\u0119pne wy\u0142\u0105cznie dla Ciebie w panelu konta Cowboyspin.<\/p>\n<h3>Weryfikacja konta Cowboy Spin i bezpiecze\u0144stwo<\/h3>\n<p>Nasza strona internetowa przestrzega surowych zasad bezpiecze\u0144stwa, aby chroni\u0107 konta graczy i dane osobowe. Odbywa si\u0119 to poprzez pe\u0142ny proces weryfikacji. System \u201ePoznaj swojego klienta\u201d (KYC) sprawdza imi\u0119 i nazwisko osoby przed dokonaniem wyp\u0142aty. Funkcja ta blokuje oszustwa i dost\u0119p os\u00f3b poni\u017cej 18 roku \u017cycia oraz zapewnia przestrzeganie zasad. Wielowarstwowy system bezpiecze\u0144stwa Cowboyspin obejmuje zaawansowane szyfrowanie, monitorowanie w czasie rzeczywistym oraz niezale\u017cne audyty, aby zapewni\u0107 ca\u0142kowite bezpiecze\u0144stwo gry.<\/p>\n<table>\n<tbody>\n<tr>\n<td>\u015arodek bezpiecze\u0144stwa<\/td>\n<td>Cel<\/td>\n<\/tr>\n<tr>\n<td>Szyfrowanie TLS 1.3<\/td>\n<td>Zabezpiecza wszystkie transmisje danych<\/td>\n<\/tr>\n<tr>\n<td>Uwierzytelnianie dwusk\u0142adnikowe<\/td>\n<td>Zapobiega nieautoryzowanemu dost\u0119powi do konta<\/td>\n<\/tr>\n<tr>\n<td>Weryfikacja KYC<\/td>\n<td>Potwierdza to\u017csamo\u015b\u0107 i wiek gracza<\/td>\n<\/tr>\n<tr>\n<td>Certyfikacja RNG<\/td>\n<td>Zapewnia uczciwe wyniki gry<\/td>\n<\/tr>\n<tr>\n<td>Monitorowanie oszustw 24\/7<\/td>\n<td>Natychmiastowe wykrywanie podejrzanych dzia\u0142a\u0144<\/td>\n<\/tr>\n<\/tbody>\n<\/table>\n<h3>Nie pami\u0119tasz has\u0142a?<\/h3>\n<p>Wiemy, \u017ce podczas logowania do serwisu Cowboyspin mog\u0105 pojawi\u0107 si\u0119 nieoczekiwane trudno\u015bci. Najcz\u0119\u015bciej dzieje si\u0119 tak, poniewa\u017c wprowadzono nieprawid\u0142owe has\u0142o. Je\u015bli logujesz si\u0119 za pomoc\u0105 Google, mog\u0105 pojawi\u0107 si\u0119 problemy z wyborem konta, kt\u00f3re nie jest powi\u0105zane z Cowboyspin Casino.<\/p>\n<p>Aby rozpocz\u0105\u0107 zmian\u0119 has\u0142a, kliknij \u201eNie pami\u0119tasz has\u0142a?\u201d pod przyciskiem \u201eZaloguj si\u0119\u201d. Spr\u00f3buj zalogowa\u0107 si\u0119 ponownie, u\u017cywaj\u0105c nowych danych.<\/p>\n<p>Je\u015bli ta procedura nie pomog\u0142a, problem mo\u017ce le\u017ce\u0107 po naszej stronie. Zawsze mo\u017cesz skontaktowa\u0107 si\u0119 z naszym zespo\u0142em pomocy technicznej za po\u015brednictwem czatu na \u017cywo. Je\u015bli czat na \u017cywo nie jest dost\u0119pny w Twoim j\u0119zyku, zapewnimy Ci wieloj\u0119zyczn\u0105 pomoc za po\u015brednictwem formularza e-mailowego.<\/p>\n<h2>FAQ<\/h2>\n<h3>Czy mog\u0119 utworzy\u0107 wiele kont w kasynie Cowboyspin?<\/h3>\n<p>Nie, Cowboyspin zezwala na posiadanie tylko jednego konta na gracza, adres IP i urz\u0105dzenie. Utworzenie wielu profili stanowi naruszenie naszych warunk\u00f3w \u015bwiadczenia us\u0142ug i spowoduje trwa\u0142e zablokowanie konta oraz utrat\u0119 wszystkich \u015brodk\u00f3w i bonus\u00f3w na kontach.<\/p>\n<h3>Co mam zrobi\u0107, je\u015bli nie mog\u0119 uzyska\u0107 dost\u0119pu do mojego zarejestrowanego adresu e-mail?<\/h3>\n<p>Je\u015bli nie mo\u017cesz uzyska\u0107 dost\u0119pu do adresu e-mail powi\u0105zanego z kontem Cowboy Spin, skontaktuj si\u0119 natychmiast z naszym zespo\u0142em pomocy technicznej za po\u015brednictwem czatu na \u017cywo. Przedstawiciele przeprowadz\u0105 Ci\u0119 przez proces potwierdzania to\u017csamo\u015bci, aby\u015b m\u00f3g\u0142 bezpiecznie zmieni\u0107 swoje dane kontaktowe i ponownie uzyska\u0107 dost\u0119p do konta bez naruszania zasad bezpiecze\u0144stwa.<\/p>\n<h3>Czy Cowboyspin Casino oferuje gr\u0119 demo bez rejestracji?<\/h3>\n<p>Tak, nasza strona internetowa zawiera wersje demonstracyjne niekt\u00f3rych gier slotowych, kt\u00f3re \u0142aduj\u0105 si\u0119 natychmiastowo i nie wymagaj\u0105 tworzenia konta ani logowania si\u0119 do serwisu Cowboyspin. Przed rejestracj\u0105 gracze mog\u0105 bez ryzyka wypr\u00f3bowa\u0107 mechanik\u0119, motywy i funkcje gry. Aby uzyska\u0107 pe\u0142ny dost\u0119p do gier na prawdziwe pieni\u0105dze, wyp\u0142at i promocji, nale\u017cy doko\u0144czy\u0107 rejestracj\u0119.<\/p>\n<\/div><\/div><\/p>\n","protected":false},"excerpt":{"rendered":"<p>Logowanie i rejestracja konta Cowboyspin Aby rozpocz\u0105\u0107 gr\u0119, wszyscy gracze z Polski musz\u0105 przej\u015b\u0107 procedur\u0119 Cowboyspin login. Proces ten nie zajmuje du\u017co czasu i wymaga jedynie podania danych identyfikacyjnych. Nale\u017cy pami\u0119ta\u0107, \u017ce procedura ta jest dost\u0119pna wy\u0142\u0105cznie dla os\u00f3b pe\u0142noletnich.<\/p>\n","protected":false},"author":1,"featured_media":0,"parent":0,"menu_order":0,"comment_status":"closed","ping_status":"closed","template":"template-builder.php","meta":{"_acf_changed":false,"inline_featured_image":false,"footnotes":""},"class_list":["post-1486","page","type-page","status-publish","hentry"],"acf":[],"yoast_head":"<!-- This site is optimized with the Yoast SEO plugin v27.3 - https:\/\/yoast.com\/product\/yoast-seo-wordpress\/ -->\n<title>Cowboyspin Login i rejestracja w serwisie<\/title>\n<meta name=\"description\" content=\"Bez wysi\u0142ku tw\u00f3rz, zarz\u0105dzaj i weryfikuj swoje konto Cowboyspin. Ciesz si\u0119 szybk\u0105 rejestracj\u0105, \u0142atwym odzyskiwaniem konta i bezpiecznym zamkni\u0119ciem dzi\u0119ki Cowboyspin Login, zapewniaj\u0105c ochron\u0119 swojego konta przez ca\u0142\u0105 dob\u0119.\" \/>\n<meta name=\"robots\" content=\"index, follow, max-snippet:-1, max-image-preview:large, max-video-preview:-1\" \/>\n<link rel=\"canonical\" href=\"https:\/\/cowboyspincasino.com\/pl\/logowanie-i-rejestracja\/\" \/>\n<meta property=\"og:locale\" content=\"pl_PL\" \/>\n<meta property=\"og:type\" content=\"article\" \/>\n<meta property=\"og:title\" content=\"Cowboyspin Login i rejestracja w serwisie\" \/>\n<meta property=\"og:description\" content=\"Bez wysi\u0142ku tw\u00f3rz, zarz\u0105dzaj i weryfikuj swoje konto Cowboyspin. Ciesz si\u0119 szybk\u0105 rejestracj\u0105, \u0142atwym odzyskiwaniem konta i bezpiecznym zamkni\u0119ciem dzi\u0119ki Cowboyspin Login, zapewniaj\u0105c ochron\u0119 swojego konta przez ca\u0142\u0105 dob\u0119.\" \/>\n<meta property=\"og:url\" content=\"https:\/\/cowboyspincasino.com\/pl\/logowanie-i-rejestracja\/\" \/>\n<meta property=\"og:site_name\" content=\"cowboyspin\" \/>\n<meta property=\"article:modified_time\" content=\"2026-03-16T11:03:52+00:00\" \/>\n<meta name=\"twitter:card\" content=\"summary_large_image\" \/>\n<meta name=\"twitter:label1\" content=\"Est. reading time\" \/>\n\t<meta name=\"twitter:data1\" content=\"1 minute\" \/>\n<script type=\"application\/ld+json\" class=\"yoast-schema-graph\">{\"@context\":\"https:\\\/\\\/schema.org\",\"@graph\":[{\"@type\":\"WebPage\",\"@id\":\"https:\\\/\\\/cowboyspincasino.com\\\/pl\\\/logowanie-i-rejestracja\\\/\",\"url\":\"https:\\\/\\\/cowboyspincasino.com\\\/pl\\\/logowanie-i-rejestracja\\\/\",\"name\":\"Cowboyspin Login i rejestracja w serwisie\",\"isPartOf\":{\"@id\":\"https:\\\/\\\/cowboyspincasino.com\\\/pl\\\/#website\"},\"datePublished\":\"2026-01-20T12:11:11+00:00\",\"dateModified\":\"2026-03-16T11:03:52+00:00\",\"description\":\"Bez wysi\u0142ku tw\u00f3rz, zarz\u0105dzaj i weryfikuj swoje konto Cowboyspin. Ciesz si\u0119 szybk\u0105 rejestracj\u0105, \u0142atwym odzyskiwaniem konta i bezpiecznym zamkni\u0119ciem dzi\u0119ki Cowboyspin Login, zapewniaj\u0105c ochron\u0119 swojego konta przez ca\u0142\u0105 dob\u0119.\",\"breadcrumb\":{\"@id\":\"https:\\\/\\\/cowboyspincasino.com\\\/pl\\\/logowanie-i-rejestracja\\\/#breadcrumb\"},\"inLanguage\":\"pl-PL\",\"potentialAction\":[{\"@type\":\"ReadAction\",\"target\":[\"https:\\\/\\\/cowboyspincasino.com\\\/pl\\\/logowanie-i-rejestracja\\\/\"]}]},{\"@type\":\"BreadcrumbList\",\"@id\":\"https:\\\/\\\/cowboyspincasino.com\\\/pl\\\/logowanie-i-rejestracja\\\/#breadcrumb\",\"itemListElement\":[{\"@type\":\"ListItem\",\"position\":1,\"name\":\"Cowboyspin\",\"item\":\"https:\\\/\\\/cowboyspincasino.com\\\/pl\\\/\"},{\"@type\":\"ListItem\",\"position\":2,\"name\":\"Logowanie i rejestracja\"}]},{\"@type\":\"WebSite\",\"@id\":\"https:\\\/\\\/cowboyspincasino.com\\\/pl\\\/#website\",\"url\":\"https:\\\/\\\/cowboyspincasino.com\\\/pl\\\/\",\"name\":\"Cowboyspin\",\"description\":\"\",\"publisher\":{\"@id\":\"https:\\\/\\\/cowboyspincasino.com\\\/pl\\\/#organization\"},\"potentialAction\":[{\"@type\":\"SearchAction\",\"target\":{\"@type\":\"EntryPoint\",\"urlTemplate\":\"https:\\\/\\\/cowboyspincasino.com\\\/pl\\\/?s={search_term_string}\"},\"query-input\":{\"@type\":\"PropertyValueSpecification\",\"valueRequired\":true,\"valueName\":\"search_term_string\"}}],\"inLanguage\":\"pl-PL\"},{\"@type\":\"Organization\",\"@id\":\"https:\\\/\\\/cowboyspincasino.com\\\/pl\\\/#organization\",\"name\":\"Cowboyspin\",\"url\":\"https:\\\/\\\/cowboyspincasino.com\\\/pl\\\/\",\"logo\":{\"@type\":\"ImageObject\",\"inLanguage\":\"pl-PL\",\"@id\":\"https:\\\/\\\/cowboyspincasino.com\\\/pl\\\/#\\\/schema\\\/logo\\\/image\\\/\",\"url\":\"https:\\\/\\\/cowboyspincasino.com\\\/wp-content\\\/uploads\\\/2026\\\/03\\\/cowboyspin-logo.png\",\"contentUrl\":\"https:\\\/\\\/cowboyspincasino.com\\\/wp-content\\\/uploads\\\/2026\\\/03\\\/cowboyspin-logo.png\",\"width\":180,\"height\":66,\"caption\":\"Cowboyspin\"},\"image\":{\"@id\":\"https:\\\/\\\/cowboyspincasino.com\\\/pl\\\/#\\\/schema\\\/logo\\\/image\\\/\"}}]}<\/script>\n<!-- \/ Yoast SEO plugin. -->","yoast_head_json":{"title":"Cowboyspin Login i rejestracja w serwisie","description":"Bez wysi\u0142ku tw\u00f3rz, zarz\u0105dzaj i weryfikuj swoje konto Cowboyspin. Ciesz si\u0119 szybk\u0105 rejestracj\u0105, \u0142atwym odzyskiwaniem konta i bezpiecznym zamkni\u0119ciem dzi\u0119ki Cowboyspin Login, zapewniaj\u0105c ochron\u0119 swojego konta przez ca\u0142\u0105 dob\u0119.","robots":{"index":"index","follow":"follow","max-snippet":"max-snippet:-1","max-image-preview":"max-image-preview:large","max-video-preview":"max-video-preview:-1"},"canonical":"https:\/\/cowboyspincasino.com\/pl\/logowanie-i-rejestracja\/","og_locale":"pl_PL","og_type":"article","og_title":"Cowboyspin Login i rejestracja w serwisie","og_description":"Bez wysi\u0142ku tw\u00f3rz, zarz\u0105dzaj i weryfikuj swoje konto Cowboyspin. Ciesz si\u0119 szybk\u0105 rejestracj\u0105, \u0142atwym odzyskiwaniem konta i bezpiecznym zamkni\u0119ciem dzi\u0119ki Cowboyspin Login, zapewniaj\u0105c ochron\u0119 swojego konta przez ca\u0142\u0105 dob\u0119.","og_url":"https:\/\/cowboyspincasino.com\/pl\/logowanie-i-rejestracja\/","og_site_name":"cowboyspin","article_modified_time":"2026-03-16T11:03:52+00:00","twitter_card":"summary_large_image","twitter_misc":{"Est. reading time":"1 minute"},"schema":{"@context":"https:\/\/schema.org","@graph":[{"@type":"WebPage","@id":"https:\/\/cowboyspincasino.com\/pl\/logowanie-i-rejestracja\/","url":"https:\/\/cowboyspincasino.com\/pl\/logowanie-i-rejestracja\/","name":"Cowboyspin Login i rejestracja w serwisie","isPartOf":{"@id":"https:\/\/cowboyspincasino.com\/pl\/#website"},"datePublished":"2026-01-20T12:11:11+00:00","dateModified":"2026-03-16T11:03:52+00:00","description":"Bez wysi\u0142ku tw\u00f3rz, zarz\u0105dzaj i weryfikuj swoje konto Cowboyspin. Ciesz si\u0119 szybk\u0105 rejestracj\u0105, \u0142atwym odzyskiwaniem konta i bezpiecznym zamkni\u0119ciem dzi\u0119ki Cowboyspin Login, zapewniaj\u0105c ochron\u0119 swojego konta przez ca\u0142\u0105 dob\u0119.","breadcrumb":{"@id":"https:\/\/cowboyspincasino.com\/pl\/logowanie-i-rejestracja\/#breadcrumb"},"inLanguage":"pl-PL","potentialAction":[{"@type":"ReadAction","target":["https:\/\/cowboyspincasino.com\/pl\/logowanie-i-rejestracja\/"]}]},{"@type":"BreadcrumbList","@id":"https:\/\/cowboyspincasino.com\/pl\/logowanie-i-rejestracja\/#breadcrumb","itemListElement":[{"@type":"ListItem","position":1,"name":"Cowboyspin","item":"https:\/\/cowboyspincasino.com\/pl\/"},{"@type":"ListItem","position":2,"name":"Logowanie i rejestracja"}]},{"@type":"WebSite","@id":"https:\/\/cowboyspincasino.com\/pl\/#website","url":"https:\/\/cowboyspincasino.com\/pl\/","name":"Cowboyspin","description":"","publisher":{"@id":"https:\/\/cowboyspincasino.com\/pl\/#organization"},"potentialAction":[{"@type":"SearchAction","target":{"@type":"EntryPoint","urlTemplate":"https:\/\/cowboyspincasino.com\/pl\/?s={search_term_string}"},"query-input":{"@type":"PropertyValueSpecification","valueRequired":true,"valueName":"search_term_string"}}],"inLanguage":"pl-PL"},{"@type":"Organization","@id":"https:\/\/cowboyspincasino.com\/pl\/#organization","name":"Cowboyspin","url":"https:\/\/cowboyspincasino.com\/pl\/","logo":{"@type":"ImageObject","inLanguage":"pl-PL","@id":"https:\/\/cowboyspincasino.com\/pl\/#\/schema\/logo\/image\/","url":"https:\/\/cowboyspincasino.com\/wp-content\/uploads\/2026\/03\/cowboyspin-logo.png","contentUrl":"https:\/\/cowboyspincasino.com\/wp-content\/uploads\/2026\/03\/cowboyspin-logo.png","width":180,"height":66,"caption":"Cowboyspin"},"image":{"@id":"https:\/\/cowboyspincasino.com\/pl\/#\/schema\/logo\/image\/"}}]}},"_links":{"self":[{"href":"https:\/\/cowboyspincasino.com\/pl\/wp-json\/wp\/v2\/pages\/1486","targetHints":{"allow":["GET"]}}],"collection":[{"href":"https:\/\/cowboyspincasino.com\/pl\/wp-json\/wp\/v2\/pages"}],"about":[{"href":"https:\/\/cowboyspincasino.com\/pl\/wp-json\/wp\/v2\/types\/page"}],"author":[{"embeddable":true,"href":"https:\/\/cowboyspincasino.com\/pl\/wp-json\/wp\/v2\/users\/1"}],"replies":[{"embeddable":true,"href":"https:\/\/cowboyspincasino.com\/pl\/wp-json\/wp\/v2\/comments?post=1486"}],"version-history":[{"count":3,"href":"https:\/\/cowboyspincasino.com\/pl\/wp-json\/wp\/v2\/pages\/1486\/revisions"}],"predecessor-version":[{"id":2071,"href":"https:\/\/cowboyspincasino.com\/pl\/wp-json\/wp\/v2\/pages\/1486\/revisions\/2071"}],"wp:attachment":[{"href":"https:\/\/cowboyspincasino.com\/pl\/wp-json\/wp\/v2\/media?parent=1486"}],"curies":[{"name":"wp","href":"https:\/\/api.w.org\/{rel}","templated":true}]}}