{"id":1447,"date":"2026-01-20T12:08:23","date_gmt":"2026-01-20T12:08:23","guid":{"rendered":"https:\/\/bonuskongcasino.com\/app\/"},"modified":"2026-03-16T11:02:20","modified_gmt":"2026-03-16T11:02:20","slug":"aplikacja","status":"publish","type":"page","link":"https:\/\/cowboyspincasino.com\/pl\/aplikacja\/","title":{"rendered":"Aplikacja"},"content":{"rendered":"<h1>Platforma mobilna Cowboyspin<\/h1>\n<p>Cowboyspin App oferuje wszystkim polskim graczom takie same, a czasem nawet lepsze wra\u017cenia z gry, jak wersja na komputery stacjonarne. Funkcjonalno\u015b\u0107 zosta\u0142a dok\u0142adnie przeniesiona z wersji na komputery stacjonarne, wi\u0119c mo\u017cesz mie\u0107 pewno\u015b\u0107, \u017ce nie przegapisz niczego wa\u017cnego. Nasze mobilne kasyno posiada bibliotek\u0119 gier, kt\u00f3ra obejmuje popularne automaty online i zr\u00f3\u017cnicowan\u0105 sekcj\u0119 kasyna na \u017cywo, a tak\u017ce wszystkie inne rodzaje gier. Cowboyspin App jest ca\u0142kowicie bezp\u0142atna i dost\u0119pna zar\u00f3wno na systemy iOS, jak i Android, a tak\u017ce mo\u017ce by\u0107 zainstalowana na komputerze stacjonarnym.<\/p>\n<div class=\"banner-wrap\" aria-label=\"Banner\"><img src=\"https:\/\/cowboyspincasino.com\/wp-content\/uploads\/2026\/03\/banner-desktop2x.webp\" class=\"w-100 d-none d-lg-block img-pc main-banner-img\" alt=\"Cowboyspin bonus desktop\" fetchpriority=\"high\" decoding=\"async\"><img src=\"https:\/\/cowboyspincasino.com\/wp-content\/uploads\/2026\/03\/banner-mobile2x.webp\" class=\"w-100 d-none d-md-block d-lg-none main-banner-img\" alt=\"banner-mobile2x\" fetchpriority=\"high\" decoding=\"async\"><img src=\"https:\/\/cowboyspincasino.com\/wp-content\/uploads\/2026\/03\/banner-mobile2x.webp\" class=\"w-100 d-md-none\" alt=\"banner-mobile2x\" fetchpriority=\"high\" decoding=\"async\"><div class=\"banner-description\">\n<div class=\"banner-title\">Bonusy powitalne<\/div>\n<p class=\"banner-header-title\">1500 \u20ac<\/p>\n<div class=\"banner-header-AdditionalText\">+ 250 Darmowe spiny<\/div>\n<button data-item=\"homepage_banner_link\" class=\"goto m-button m-gradient-border m-button--primary m-button--large banner-button btn-orange\">\n            <div class=\"m-button-content\">\n                <span>Zarejestruj si\u0119 teraz<\/span>\n                <span><\/span>\n            <\/div>\n        <\/button>\n<\/div>\n<div class=\"WelcomePack\">\n<p><img loading=\"lazy\" decoding=\"async\" class=\"alignnone size-full wp-image-1832\" src=\"https:\/\/cowboyspincasino.com\/wp-content\/uploads\/2026\/03\/welcome-crown.png\" alt=\"cronw\" width=\"25\" height=\"26\" \/><\/p>\n<div class=\"WelcomePack-Info\">Cotygodniowy zwrot got\u00f3wki do 25%<\/div>\n<p><img loading=\"lazy\" decoding=\"async\" class=\"alignnone size-full wp-image-1832\" src=\"https:\/\/cowboyspincasino.com\/wp-content\/uploads\/2026\/03\/welcome-crown.png\" alt=\"cronw\" width=\"25\" height=\"26\" \/><\/p>\n<\/div>\n<\/div>\n<h2>Korzystanie z Cowboyspin na urz\u0105dzeniach mobilnych<\/h2>\n<p>Stworzyli\u015bmy oprogramowanie mobilne, dzi\u0119ki kt\u00f3remu nie odczujesz r\u00f3\u017cnicy, gdy oderwiesz wzrok od gry mobilnej. Cowboyspin App jest skr\u00f3tem do uruchomienia naszej g\u0142\u00f3wnej wersji strony; nazywa si\u0119 to progresywn\u0105 aplikacj\u0105 internetow\u0105 (PWA). Dost\u0119pne s\u0105 r\u00f3wnie\u017c wszystkie funkcje i zalety wersji na komputery stacjonarne. Po zainstalowaniu oprogramowania mobilnego nie musisz robi\u0107 nic wi\u0119cej ani odwiedza\u0107 strony internetowej, poniewa\u017c skr\u00f3t pozostanie na ekranie g\u0142\u00f3wnym.<\/p>\n<p>Por\u00f3wnali\u015bmy zalety naszej wersji mobilnej Cowboyspin z wersj\u0105 na komputery PC i oto punkty, kt\u00f3re mo\u017cemy podkre\u015bli\u0107:<\/p>\n<table>\n<tbody>\n<tr>\n<td>Korzy\u015b\u0107<\/td>\n<td>Opis<\/td>\n<\/tr>\n<tr>\n<td>Mobilno\u015b\u0107<\/td>\n<td>Nie musisz siedzie\u0107 przy biurku ani nawet w og\u00f3le siedzie\u0107, poniewa\u017c mobilna wersja Cowboyspin Casino jest dost\u0119pna zawsze i wsz\u0119dzie. Spacery, podr\u00f3\u017ce i inne czynno\u015bci nie b\u0119d\u0105 przeszkadza\u0107 w dost\u0119pie.<\/td>\n<\/tr>\n<tr>\n<td>Szybko\u015b\u0107<\/td>\n<td>W\u0142\u0105czenie komputera i usi\u0105\u015b\u0107 przy stole zajmuje czas. Kiedy nie masz czasu i mo\u017cliwo\u015bci, aby to zrobi\u0107, aplikacja mobilna jest zawsze do Twojej dyspozycji; wystarczy wyj\u0105\u0107 telefon z kieszeni i uzyska\u0107 dost\u0119p do wszystkich funkcji platformy Cowboy Spin w ci\u0105gu kilku sekund.<\/td>\n<\/tr>\n<tr>\n<td>Powiadomienia<\/td>\n<td>B\u0105d\u017a jednym z pierwszych, kt\u00f3rzy otrzymaj\u0105 najnowsze informacje o nowych promocjach i ofertach specjalnych w Cowboyspin Casino. Powiadomienia mobilne sprawi\u0105, \u017ce nie przegapisz niczego wa\u017cnego.<\/td>\n<\/tr>\n<\/tbody>\n<\/table>\n<p><div class=\"scrollable-content-wrap my-5\"><div class=\"scrollable-content-inner\"><h2>Aplikacja mobilna Cowboyspin na Androida<\/h2>\n<p>Uzyskanie dost\u0119pu do Cowboyspin App na Androida jest \u0142atwe i nie wymaga pobierania oprogramowania innych firm. Klient PWA przechodzi bezpo\u015brednio do wersji internetowej naszej strony, wi\u0119c nie zajmuje dodatkowego miejsca na urz\u0105dzeniu.<\/p>\n<p>Oto kilka krok\u00f3w, aby zainstalowa\u0107 aplikacj\u0119 Cowboyspin Casino na urz\u0105dzeniu z systemem Android:<\/p>\n<ol>\n<li>Zaloguj si\u0119 do serwisu za pomoc\u0105 przegl\u0105darki w urz\u0105dzeniu.<\/li>\n<li>Przejd\u017a do ustawie\u0144 przegl\u0105darki i wybierz opcj\u0119 \u201eDodaj do ekranu g\u0142\u00f3wnego\u201d.<\/li>\n<li>Kliknij przycisk i rozpocznij proces instalacji.<\/li>\n<li>Wr\u00f3\u0107 do ekranu g\u0142\u00f3wnego i poczekaj na zako\u0144czenie instalacji.<\/li>\n<\/ol>\n<p>Po wykonaniu tych prostych krok\u00f3w, gdy Cowboy Spin pojawi si\u0119 na ekranie telefonu, mo\u017cesz zalogowa\u0107 si\u0119 do aplikacji. Poniewa\u017c logujesz si\u0119 na swoje konto, upewnij si\u0119, \u017ce zako\u0144czy\u0142e\u015b proces weryfikacji, dokonaj wp\u0142aty za pomoc\u0105 dowolnej preferowanej metody i zacznij gra\u0107. Je\u015bli napotkasz jakiekolwiek trudno\u015bci podczas wykonywania kt\u00f3regokolwiek z powy\u017cszych krok\u00f3w, zawsze mo\u017cesz skontaktowa\u0107 si\u0119 z naszym zespo\u0142em pomocy technicznej za po\u015brednictwem czatu na \u017cywo.<\/p>\n<p><img loading=\"lazy\" decoding=\"async\" class=\"alignnone size-full wp-image-1896\" src=\"https:\/\/cowboyspincasino.com\/wp-content\/uploads\/2026\/03\/Cowboyspin-Android-App.webp\" alt=\"Cowboyspin Android App\" width=\"1248\" height=\"536\" srcset=\"https:\/\/cowboyspincasino.com\/wp-content\/uploads\/2026\/03\/Cowboyspin-Android-App.webp 1248w, https:\/\/cowboyspincasino.com\/wp-content\/uploads\/2026\/03\/Cowboyspin-Android-App-300x129.webp 300w, https:\/\/cowboyspincasino.com\/wp-content\/uploads\/2026\/03\/Cowboyspin-Android-App-1024x440.webp 1024w, https:\/\/cowboyspincasino.com\/wp-content\/uploads\/2026\/03\/Cowboyspin-Android-App-768x330.webp 768w\" sizes=\"auto, (max-width: 1248px) 100vw, 1248px\" \/><\/p>\n<\/div><\/div><div style=\"clear: both\"><\/div><div class=\"d-flex justify-content-center\"><button data-item=\"decouvrez_link\" data-group=\"website_links\" class=\"goto fw-bold rounded-pill btn btn-orange\" aria-label=\"Pobierz aplikacj\u0119 Cowboycasino\" >Pobierz aplikacj\u0119 Cowboycasino<\/button><\/div><div class=\"scrollable-content-wrap my-5\"><div class=\"scrollable-content-inner\"><h2>Jak dzia\u0142a nasza aplikacja na Twoim urz\u0105dzeniu<\/h2>\n<p>Uznali\u015bmy, \u017ce format progresywnej aplikacji internetowej (PWA) jest bardziej przyjazny dla u\u017cytkownika i bezpieczny, dlatego go wybrali\u015bmy. Nasza aplikacja PWA, w przeciwie\u0144stwie do Cowboyspin APK, nie zajmuje miejsca na Twoim urz\u0105dzeniu, co r\u00f3wnie\u017c sprawia, \u017ce jest bardziej preferowanym wyborem. Szybko\u015b\u0107 przetwarzania informacji w aplikacji jest r\u00f3wnie\u017c znacznie wy\u017csza ni\u017c w podobnym oprogramowaniu, co pozwala na szybszy dost\u0119p do ulubionych gier.<\/p>\n<p>Pobieranie plik\u00f3w z witryn internetowych os\u00f3b trzecich jest bardzo niebezpieczne dla bezpiecze\u0144stwa, poniewa\u017c mog\u0105 one zawiera\u0107 z\u0142o\u015bliwe oprogramowanie, kt\u00f3re mo\u017ce uszkodzi\u0107 urz\u0105dzenie i narazi\u0107 dane osobowe. Z tych powod\u00f3w Cowboyspin Casino jest dost\u0119pne tylko w formacie PWA. Nasza aplikacja PWA dzia\u0142a tak samo, ale nie nara\u017ca u\u017cytkownika na takie ryzyko.<\/p>\n<h2>Aplikacja mobilna Cowboyspin na iOS<\/h2>\n<p>Proces instalacji Cowboy Spin na iOS nie jest skomplikowany. Jest prawie taki sam jak w przypadku Androida i nie wymaga pobierania z App Store. Wystarczy otworzy\u0107 Cowboyspin Casino w przegl\u0105darce Safari, przej\u015b\u0107 do ustawie\u0144 przegl\u0105darki, klikn\u0105\u0107 przycisk \u201eDodaj do ekranu g\u0142\u00f3wnego\u201d i poczeka\u0107, a\u017c pojawi si\u0119 skr\u00f3t.<\/p>\n<p><img loading=\"lazy\" decoding=\"async\" class=\"alignnone size-full wp-image-1920\" src=\"https:\/\/cowboyspincasino.com\/wp-content\/uploads\/2026\/03\/Cowboyspin-iOS-App.webp\" alt=\"Cowboyspin iOS App\" width=\"1248\" height=\"536\" srcset=\"https:\/\/cowboyspincasino.com\/wp-content\/uploads\/2026\/03\/Cowboyspin-iOS-App.webp 1248w, https:\/\/cowboyspincasino.com\/wp-content\/uploads\/2026\/03\/Cowboyspin-iOS-App-300x129.webp 300w, https:\/\/cowboyspincasino.com\/wp-content\/uploads\/2026\/03\/Cowboyspin-iOS-App-1024x440.webp 1024w, https:\/\/cowboyspincasino.com\/wp-content\/uploads\/2026\/03\/Cowboyspin-iOS-App-768x330.webp 768w\" sizes=\"auto, (max-width: 1248px) 100vw, 1248px\" \/><\/p>\n<\/div><\/div><div style=\"clear: both\"><\/div><div class=\"d-flex justify-content-center\"><button data-item=\"decouvrez_link\" data-group=\"website_links\" class=\"goto fw-bold rounded-pill btn btn-orange\" aria-label=\"Pobierz Cowboyspin\" >Pobierz Cowboyspin<\/button><\/div><div class=\"scrollable-content-wrap my-5\"><div class=\"scrollable-content-inner\"><h2>Aplikacje dla system\u00f3w Windows i macOS<\/h2>\n<p>Wspomnieli\u015bmy ju\u017c, \u017ce nasze oprogramowanie jest dost\u0119pne nie tylko na urz\u0105dzeniach mobilnych, ale tak\u017ce w systemach Windows i macOS. Cowboyspin App dzia\u0142a doskonale na urz\u0105dzeniach stacjonarnych, zapewniaj\u0105c szybsz\u0105 i bardziej zoptymalizowan\u0105 wersj\u0119 w por\u00f3wnaniu z wersj\u0105 internetow\u0105. Dodatkowo aplikacja oferuje powiadomienia push, dzi\u0119ki czemu nigdy nie przegapisz promocji i wydarze\u0144 specjalnych.<\/p>\n<p>Pobieranie aplikacji jest bardzo proste. Wystarczy wej\u015b\u0107 na nasz\u0105 stron\u0119 internetow\u0105 i klikn\u0105\u0107 przycisk instalacji w pasku adresu, kt\u00f3ry wygl\u0105da jak strza\u0142ka na ekranie komputera. Nast\u0119pnie nale\u017cy nacisn\u0105\u0107 przycisk jeszcze raz i gotowe.<\/p>\n<p><img loading=\"lazy\" decoding=\"async\" class=\"alignnone size-full wp-image-1912\" src=\"https:\/\/cowboyspincasino.com\/wp-content\/uploads\/2026\/03\/Cowboyspin-Desktop.webp\" alt=\"Cowboyspin Desktop\" width=\"1248\" height=\"536\" srcset=\"https:\/\/cowboyspincasino.com\/wp-content\/uploads\/2026\/03\/Cowboyspin-Desktop.webp 1248w, https:\/\/cowboyspincasino.com\/wp-content\/uploads\/2026\/03\/Cowboyspin-Desktop-300x129.webp 300w, https:\/\/cowboyspincasino.com\/wp-content\/uploads\/2026\/03\/Cowboyspin-Desktop-1024x440.webp 1024w, https:\/\/cowboyspincasino.com\/wp-content\/uploads\/2026\/03\/Cowboyspin-Desktop-768x330.webp 768w\" sizes=\"auto, (max-width: 1248px) 100vw, 1248px\" \/><\/p>\n<\/div><\/div><div style=\"clear: both\"><\/div><div class=\"d-flex justify-content-center\"><button data-item=\"decouvrez_link\" data-group=\"website_links\" class=\"goto fw-bold rounded-pill btn btn-orange\" aria-label=\"Pobierz aplikacj\u0119 Cowboyspin\" >Pobierz aplikacj\u0119 Cowboyspin<\/button><\/div><div class=\"scrollable-content-wrap my-5\"><div class=\"scrollable-content-inner\"><h2>FAQ<\/h2>\n<h3>Czy do korzystania z aplikacji Cowboy Spin konieczne jest utworzenie konta?<\/h3>\n<p>Tak, aby korzysta\u0107 ze wszystkich funkcji, takich jak gry na prawdziwe pieni\u0105dze, otrzymywanie bonus\u00f3w i dokonywanie p\u0142atno\u015bci, nale\u017cy utworzy\u0107 konto w Cowboyspin Casino. Nasz uproszczony formularz wymaga jedynie adresu e-mail, has\u0142a i kilku podstawowych danych osobowych, aby si\u0119 zarejestrowa\u0107. Ca\u0142y proces zajmuje oko\u0142o dw\u00f3ch minut. Niekt\u00f3re gry maj\u0105 tryb demo, w kt\u00f3rym mo\u017cna gra\u0107 bez konieczno\u015bci zak\u0142adania konta.<\/p>\n<h3>Czy aplikacja Cowboy Spin Casino oferuje obs\u0142ug\u0119 klienta?<\/h3>\n<p>Tak, Cowboyspin App zapewnia pe\u0142ny dost\u0119p do naszego zespo\u0142u obs\u0142ugi klienta poprzez czat na \u017cywo i e-mail dost\u0119pne 24 godziny na dob\u0119, 7 dni w tygodniu. Po klikni\u0119ciu ikony czatu gracze mog\u0105 natychmiast rozpocz\u0105\u0107 rozmow\u0119 z przedstawicielem, kt\u00f3ry pomo\u017ce im w kwestiach technicznych, zwi\u0105zanych z kontem lub p\u0142atno\u015bciami w wielu j\u0119zykach. Niezale\u017cnie od u\u017cywanego urz\u0105dzenia, gra jest w pe\u0142ni obs\u0142ugiwana.<\/p>\n<h3>Jak mog\u0119 zaktualizowa\u0107 aplikacj\u0119 Cowboy Spin?<\/h3>\n<p>Po uruchomieniu aplikacji Cowboyspin Casino PWA najnowsza wersja \u0142aduje si\u0119 automatycznie, wi\u0119c nie musisz nic wi\u0119cej robi\u0107. Wszystkie aktualizacje i nowe funkcje s\u0105 dost\u0119pne od razu, bez konieczno\u015bci odwiedzania sklep\u00f3w z aplikacjami lub pobierania program\u00f3w. Proces dzia\u0142aj\u0105cy w tle dzia\u0142a p\u0142ynnie, dzi\u0119ki czemu gracze mog\u0105 zawsze cieszy\u0107 si\u0119 najnowszymi wra\u017ceniami z gry przy minimalnym wysi\u0142ku.<\/p>\n<\/div><\/div><\/p>\n","protected":false},"excerpt":{"rendered":"<p>Platforma mobilna Cowboyspin Cowboyspin App oferuje wszystkim polskim graczom takie same, a czasem nawet lepsze wra\u017cenia z gry, jak wersja na komputery stacjonarne. Funkcjonalno\u015b\u0107 zosta\u0142a dok\u0142adnie przeniesiona z wersji na komputery stacjonarne, wi\u0119c mo\u017cesz mie\u0107 pewno\u015b\u0107, \u017ce nie przegapisz niczego wa\u017cnego. Nasze mobilne kasyno posiada bibliotek\u0119 gier, kt\u00f3ra obejmuje popularne automaty online i zr\u00f3\u017cnicowan\u0105 sekcj\u0119 [&hellip;]<\/p>\n","protected":false},"author":1,"featured_media":0,"parent":0,"menu_order":0,"comment_status":"closed","ping_status":"closed","template":"template-builder.php","meta":{"_acf_changed":false,"inline_featured_image":false,"footnotes":""},"class_list":["post-1447","page","type-page","status-publish","hentry"],"acf":[],"yoast_head":"<!-- This site is optimized with the Yoast SEO plugin v27.3 - https:\/\/yoast.com\/product\/yoast-seo-wordpress\/ -->\n<title>Cowboyspin app | Platformy iOS i Android<\/title>\n<meta name=\"description\" content=\"Aplikacja Cowboyspin zapewnia p\u0142ynn\u0105 rozgrywk\u0119 w kasynie na systemach Android, iOS, Windows i macOS, oferuj\u0105c zsynchronizowane konta, regularne aktualizacje i wbudowan\u0105 obs\u0142ug\u0119 klienta, co zapewnia komfortowe wra\u017cenia z gry.\" \/>\n<meta name=\"robots\" content=\"index, follow, max-snippet:-1, max-image-preview:large, max-video-preview:-1\" \/>\n<link rel=\"canonical\" href=\"https:\/\/cowboyspincasino.com\/pl\/aplikacja\/\" \/>\n<meta property=\"og:locale\" content=\"pl_PL\" \/>\n<meta property=\"og:type\" content=\"article\" \/>\n<meta property=\"og:title\" content=\"Cowboyspin app | Platformy iOS i Android\" \/>\n<meta property=\"og:description\" content=\"Aplikacja Cowboyspin zapewnia p\u0142ynn\u0105 rozgrywk\u0119 w kasynie na systemach Android, iOS, Windows i macOS, oferuj\u0105c zsynchronizowane konta, regularne aktualizacje i wbudowan\u0105 obs\u0142ug\u0119 klienta, co zapewnia komfortowe wra\u017cenia z gry.\" \/>\n<meta property=\"og:url\" content=\"https:\/\/cowboyspincasino.com\/pl\/aplikacja\/\" \/>\n<meta property=\"og:site_name\" content=\"cowboyspin\" \/>\n<meta property=\"article:modified_time\" content=\"2026-03-16T11:02:20+00:00\" \/>\n<meta name=\"twitter:card\" content=\"summary_large_image\" \/>\n<meta name=\"twitter:label1\" content=\"Est. reading time\" \/>\n\t<meta name=\"twitter:data1\" content=\"2 minutes\" \/>\n<script type=\"application\/ld+json\" class=\"yoast-schema-graph\">{\"@context\":\"https:\\\/\\\/schema.org\",\"@graph\":[{\"@type\":\"WebPage\",\"@id\":\"https:\\\/\\\/cowboyspincasino.com\\\/pl\\\/aplikacja\\\/\",\"url\":\"https:\\\/\\\/cowboyspincasino.com\\\/pl\\\/aplikacja\\\/\",\"name\":\"Cowboyspin app | Platformy iOS i Android\",\"isPartOf\":{\"@id\":\"https:\\\/\\\/cowboyspincasino.com\\\/pl\\\/#website\"},\"datePublished\":\"2026-01-20T12:08:23+00:00\",\"dateModified\":\"2026-03-16T11:02:20+00:00\",\"description\":\"Aplikacja Cowboyspin zapewnia p\u0142ynn\u0105 rozgrywk\u0119 w kasynie na systemach Android, iOS, Windows i macOS, oferuj\u0105c zsynchronizowane konta, regularne aktualizacje i wbudowan\u0105 obs\u0142ug\u0119 klienta, co zapewnia komfortowe wra\u017cenia z gry.\",\"breadcrumb\":{\"@id\":\"https:\\\/\\\/cowboyspincasino.com\\\/pl\\\/aplikacja\\\/#breadcrumb\"},\"inLanguage\":\"pl-PL\",\"potentialAction\":[{\"@type\":\"ReadAction\",\"target\":[\"https:\\\/\\\/cowboyspincasino.com\\\/pl\\\/aplikacja\\\/\"]}]},{\"@type\":\"BreadcrumbList\",\"@id\":\"https:\\\/\\\/cowboyspincasino.com\\\/pl\\\/aplikacja\\\/#breadcrumb\",\"itemListElement\":[{\"@type\":\"ListItem\",\"position\":1,\"name\":\"Cowboyspin\",\"item\":\"https:\\\/\\\/cowboyspincasino.com\\\/pl\\\/\"},{\"@type\":\"ListItem\",\"position\":2,\"name\":\"Aplikacja\"}]},{\"@type\":\"WebSite\",\"@id\":\"https:\\\/\\\/cowboyspincasino.com\\\/pl\\\/#website\",\"url\":\"https:\\\/\\\/cowboyspincasino.com\\\/pl\\\/\",\"name\":\"Cowboyspin\",\"description\":\"\",\"publisher\":{\"@id\":\"https:\\\/\\\/cowboyspincasino.com\\\/pl\\\/#organization\"},\"potentialAction\":[{\"@type\":\"SearchAction\",\"target\":{\"@type\":\"EntryPoint\",\"urlTemplate\":\"https:\\\/\\\/cowboyspincasino.com\\\/pl\\\/?s={search_term_string}\"},\"query-input\":{\"@type\":\"PropertyValueSpecification\",\"valueRequired\":true,\"valueName\":\"search_term_string\"}}],\"inLanguage\":\"pl-PL\"},{\"@type\":\"Organization\",\"@id\":\"https:\\\/\\\/cowboyspincasino.com\\\/pl\\\/#organization\",\"name\":\"Cowboyspin\",\"url\":\"https:\\\/\\\/cowboyspincasino.com\\\/pl\\\/\",\"logo\":{\"@type\":\"ImageObject\",\"inLanguage\":\"pl-PL\",\"@id\":\"https:\\\/\\\/cowboyspincasino.com\\\/pl\\\/#\\\/schema\\\/logo\\\/image\\\/\",\"url\":\"https:\\\/\\\/cowboyspincasino.com\\\/wp-content\\\/uploads\\\/2026\\\/03\\\/cowboyspin-logo.png\",\"contentUrl\":\"https:\\\/\\\/cowboyspincasino.com\\\/wp-content\\\/uploads\\\/2026\\\/03\\\/cowboyspin-logo.png\",\"width\":180,\"height\":66,\"caption\":\"Cowboyspin\"},\"image\":{\"@id\":\"https:\\\/\\\/cowboyspincasino.com\\\/pl\\\/#\\\/schema\\\/logo\\\/image\\\/\"}}]}<\/script>\n<!-- \/ Yoast SEO plugin. -->","yoast_head_json":{"title":"Cowboyspin app | Platformy iOS i Android","description":"Aplikacja Cowboyspin zapewnia p\u0142ynn\u0105 rozgrywk\u0119 w kasynie na systemach Android, iOS, Windows i macOS, oferuj\u0105c zsynchronizowane konta, regularne aktualizacje i wbudowan\u0105 obs\u0142ug\u0119 klienta, co zapewnia komfortowe wra\u017cenia z gry.","robots":{"index":"index","follow":"follow","max-snippet":"max-snippet:-1","max-image-preview":"max-image-preview:large","max-video-preview":"max-video-preview:-1"},"canonical":"https:\/\/cowboyspincasino.com\/pl\/aplikacja\/","og_locale":"pl_PL","og_type":"article","og_title":"Cowboyspin app | Platformy iOS i Android","og_description":"Aplikacja Cowboyspin zapewnia p\u0142ynn\u0105 rozgrywk\u0119 w kasynie na systemach Android, iOS, Windows i macOS, oferuj\u0105c zsynchronizowane konta, regularne aktualizacje i wbudowan\u0105 obs\u0142ug\u0119 klienta, co zapewnia komfortowe wra\u017cenia z gry.","og_url":"https:\/\/cowboyspincasino.com\/pl\/aplikacja\/","og_site_name":"cowboyspin","article_modified_time":"2026-03-16T11:02:20+00:00","twitter_card":"summary_large_image","twitter_misc":{"Est. reading time":"2 minutes"},"schema":{"@context":"https:\/\/schema.org","@graph":[{"@type":"WebPage","@id":"https:\/\/cowboyspincasino.com\/pl\/aplikacja\/","url":"https:\/\/cowboyspincasino.com\/pl\/aplikacja\/","name":"Cowboyspin app | Platformy iOS i Android","isPartOf":{"@id":"https:\/\/cowboyspincasino.com\/pl\/#website"},"datePublished":"2026-01-20T12:08:23+00:00","dateModified":"2026-03-16T11:02:20+00:00","description":"Aplikacja Cowboyspin zapewnia p\u0142ynn\u0105 rozgrywk\u0119 w kasynie na systemach Android, iOS, Windows i macOS, oferuj\u0105c zsynchronizowane konta, regularne aktualizacje i wbudowan\u0105 obs\u0142ug\u0119 klienta, co zapewnia komfortowe wra\u017cenia z gry.","breadcrumb":{"@id":"https:\/\/cowboyspincasino.com\/pl\/aplikacja\/#breadcrumb"},"inLanguage":"pl-PL","potentialAction":[{"@type":"ReadAction","target":["https:\/\/cowboyspincasino.com\/pl\/aplikacja\/"]}]},{"@type":"BreadcrumbList","@id":"https:\/\/cowboyspincasino.com\/pl\/aplikacja\/#breadcrumb","itemListElement":[{"@type":"ListItem","position":1,"name":"Cowboyspin","item":"https:\/\/cowboyspincasino.com\/pl\/"},{"@type":"ListItem","position":2,"name":"Aplikacja"}]},{"@type":"WebSite","@id":"https:\/\/cowboyspincasino.com\/pl\/#website","url":"https:\/\/cowboyspincasino.com\/pl\/","name":"Cowboyspin","description":"","publisher":{"@id":"https:\/\/cowboyspincasino.com\/pl\/#organization"},"potentialAction":[{"@type":"SearchAction","target":{"@type":"EntryPoint","urlTemplate":"https:\/\/cowboyspincasino.com\/pl\/?s={search_term_string}"},"query-input":{"@type":"PropertyValueSpecification","valueRequired":true,"valueName":"search_term_string"}}],"inLanguage":"pl-PL"},{"@type":"Organization","@id":"https:\/\/cowboyspincasino.com\/pl\/#organization","name":"Cowboyspin","url":"https:\/\/cowboyspincasino.com\/pl\/","logo":{"@type":"ImageObject","inLanguage":"pl-PL","@id":"https:\/\/cowboyspincasino.com\/pl\/#\/schema\/logo\/image\/","url":"https:\/\/cowboyspincasino.com\/wp-content\/uploads\/2026\/03\/cowboyspin-logo.png","contentUrl":"https:\/\/cowboyspincasino.com\/wp-content\/uploads\/2026\/03\/cowboyspin-logo.png","width":180,"height":66,"caption":"Cowboyspin"},"image":{"@id":"https:\/\/cowboyspincasino.com\/pl\/#\/schema\/logo\/image\/"}}]}},"_links":{"self":[{"href":"https:\/\/cowboyspincasino.com\/pl\/wp-json\/wp\/v2\/pages\/1447","targetHints":{"allow":["GET"]}}],"collection":[{"href":"https:\/\/cowboyspincasino.com\/pl\/wp-json\/wp\/v2\/pages"}],"about":[{"href":"https:\/\/cowboyspincasino.com\/pl\/wp-json\/wp\/v2\/types\/page"}],"author":[{"embeddable":true,"href":"https:\/\/cowboyspincasino.com\/pl\/wp-json\/wp\/v2\/users\/1"}],"replies":[{"embeddable":true,"href":"https:\/\/cowboyspincasino.com\/pl\/wp-json\/wp\/v2\/comments?post=1447"}],"version-history":[{"count":3,"href":"https:\/\/cowboyspincasino.com\/pl\/wp-json\/wp\/v2\/pages\/1447\/revisions"}],"predecessor-version":[{"id":2069,"href":"https:\/\/cowboyspincasino.com\/pl\/wp-json\/wp\/v2\/pages\/1447\/revisions\/2069"}],"wp:attachment":[{"href":"https:\/\/cowboyspincasino.com\/pl\/wp-json\/wp\/v2\/media?parent=1447"}],"curies":[{"name":"wp","href":"https:\/\/api.w.org\/{rel}","templated":true}]}}