{"id":1485,"date":"2026-01-20T12:11:11","date_gmt":"2026-01-20T12:11:11","guid":{"rendered":"https:\/\/bonuskongcasino.com\/login-and-registration\/"},"modified":"2026-03-16T10:42:12","modified_gmt":"2026-03-16T10:42:12","slug":"accesso-e-registrazione","status":"publish","type":"page","link":"https:\/\/cowboyspincasino.com\/it\/accesso-e-registrazione\/","title":{"rendered":"Accesso e registrazione"},"content":{"rendered":"<h1>Accesso e registrazione all&#8217;account Cowboyspin<\/h1>\n<p>Per iniziare a giocare, devi seguire la procedura di Cowboyspin login. Il processo \u00e8 strutturato in modo tale da non richiedere tempo aggiuntivo e richiede solo la tua identificazione. Ti preghiamo di notare che questa procedura \u00e8 disponibile solo per persone italiane che hanno raggiunto la maggiore et\u00e0.<\/p>\n<p><div class=\"banner-wrap\" aria-label=\"Banner\"><img src=\"https:\/\/cowboyspincasino.com\/wp-content\/uploads\/2026\/03\/banner-desktop2x.webp\" class=\"w-100 d-none d-lg-block img-pc main-banner-img\" alt=\"Cowboyspin bonus desktop\" fetchpriority=\"high\" decoding=\"async\"><img src=\"https:\/\/cowboyspincasino.com\/wp-content\/uploads\/2026\/03\/banner-mobile2x.webp\" class=\"w-100 d-none d-md-block d-lg-none main-banner-img\" alt=\"banner-mobile2x\" fetchpriority=\"high\" decoding=\"async\"><img src=\"https:\/\/cowboyspincasino.com\/wp-content\/uploads\/2026\/03\/banner-mobile2x.webp\" class=\"w-100 d-md-none\" alt=\"banner-mobile2x\" fetchpriority=\"high\" decoding=\"async\"><div class=\"banner-description\">\n<div class=\"banner-title\">Bonus di benvenuto<\/div>\n<p class=\"banner-header-title\">1500 \u20ac<\/p>\n<div class=\"banner-header-AdditionalText\">+ 250 Giri gratuiti<\/div>\n<button data-item=\"homepage_banner_link\" class=\"goto m-button m-gradient-border m-button--primary m-button--large banner-button btn-orange\">\n            <div class=\"m-button-content\">\n                <span>Iscriviti ora<\/span>\n                <span><\/span>\n            <\/div>\n        <\/button>\n<\/div>\n<div class=\"WelcomePack\">\n<p><img loading=\"lazy\" decoding=\"async\" class=\"alignnone size-full wp-image-1831\" src=\"https:\/\/cowboyspincasino.com\/wp-content\/uploads\/2026\/03\/welcome-crown.png\" alt=\"cronw\" width=\"25\" height=\"26\" \/><\/p>\n<div class=\"WelcomePack-Info\">Cashback settimanale fino al 25%<\/div>\n<p><img loading=\"lazy\" decoding=\"async\" class=\"alignnone size-full wp-image-1831\" src=\"https:\/\/cowboyspincasino.com\/wp-content\/uploads\/2026\/03\/welcome-crown.png\" alt=\"cronw\" width=\"25\" height=\"26\" \/><\/p>\n<\/div>\n<\/div><div class=\"scrollable-content-wrap my-5\"><div class=\"scrollable-content-inner\"><h2>Registrazione di un nuovo utente su Cowboy Spin<\/h2>\n<p>La registrazione di un nuovo account su Cowboyspin Casino ti d\u00e0 pieno accesso a tutti i giochi, alle promozioni e alle altre funzionalit\u00e0 della piattaforma. Dopo aver effettuato l&#8217;accesso, tutti i nuovi giocatori possono ricevere il Pacchetto di Benvenuto: fino a 1.500 \u20ac + 250 giri gratuiti. Saranno disponibili anche tutte le altre promozioni.<\/p>\n<p>Gli utenti avranno pieno accesso a giochi di alta qualit\u00e0 dei migliori fornitori, opzioni di deposito e prelievo e accesso a un account personale che offre funzionalit\u00e0 aggiuntive per un&#8217;esperienza di gioco confortevole e selettiva.<\/p>\n<h3>Crea il tuo account<\/h3>\n<p>Per creare un account su Cowboyspin, segui questi semplici passaggi:<\/p>\n<ol>\n<li>Per accedere al modulo di registrazione, clicca sul pulsante &#8220;Registrati&#8221; nella home page.<\/li>\n<li>Inserisci il tuo indirizzo e-mail e scegli una password.<\/li>\n<li>Utilizza un codice promozionale se ne possiedi uno.<\/li>\n<li>Conferma di avere pi\u00f9 di 18 anni e accetta i termini.<\/li>\n<li>Clicca su &#8220;Registrati&#8221; per completare la registrazione.<\/li>\n<\/ol>\n<p>Questo processo pu\u00f2 essere ulteriormente semplificato cliccando sul pulsante &#8220;Continua con Google&#8221;. Cliccando su questo pulsante, salterai il modulo manuale e potrai completare immediatamente la registrazione.<\/p>\n<p>Ricorda che quando crei un account Cowboy Spin, devi leggere i termini e le condizioni e accettare l&#8217;informativa sulla privacy del sito web.<\/p>\n<p><img loading=\"lazy\" decoding=\"async\" class=\"alignnone size-full wp-image-1927\" src=\"https:\/\/cowboyspincasino.com\/wp-content\/uploads\/2026\/03\/Cowboyspin.webp\" alt=\"Cowboyspin login\" width=\"1248\" height=\"536\" srcset=\"https:\/\/cowboyspincasino.com\/wp-content\/uploads\/2026\/03\/Cowboyspin.webp 1248w, https:\/\/cowboyspincasino.com\/wp-content\/uploads\/2026\/03\/Cowboyspin-300x129.webp 300w, https:\/\/cowboyspincasino.com\/wp-content\/uploads\/2026\/03\/Cowboyspin-1024x440.webp 1024w, https:\/\/cowboyspincasino.com\/wp-content\/uploads\/2026\/03\/Cowboyspin-768x330.webp 768w\" sizes=\"auto, (max-width: 1248px) 100vw, 1248px\" \/><\/p>\n<h2>Utilizzo di un account Cowboyspin<\/h2>\n<p>Una volta effettuata la registrazione, tutto ci\u00f2 che devi fare \u00e8 accedere al tuo account per accedervi. Ecco cosa devi fare per completare la procedura di login di Cowboyspin:<\/p>\n<ol>\n<li>Clicca sul pulsante di accesso in alto a destra nella pagina.<\/li>\n<li>Inserisci i dati che hai utilizzato al momento della registrazione oppure accedi tramite Google.<\/li>\n<li>Dopo aver controllato tutto, clicca sul link di conferma alla fine del modulo.<\/li>\n<\/ol>\n<p>Una volta effettuato l&#8217;accesso, avrai il pieno controllo dei tuoi dati di gioco e personali. Puoi facilmente modificare le informazioni del tuo profilo, effettuare depositi e prelievi, visualizzare un registro delle tue transazioni e consultare i bonus e le offerte disponibili solo dal tuo account Cowboyspin.<\/p>\n<h3>Verifica e sicurezza dell&#8217;account Cowboy Spin<\/h3>\n<p>Il nostro sito web segue rigide regole di sicurezza per proteggere gli account dei giocatori e le informazioni personali. Ci\u00f2 avviene attraverso un processo di verifica completo. Il sistema Know Your Customer (KYC) verifica il nome di una persona prima che questa possa effettuare un prelievo. Questa funzione blocca le frodi e l&#8217;accesso da parte di persone di et\u00e0 inferiore ai 18 anni e garantisce il rispetto delle regole. Il sistema di sicurezza multistrato di Cowboyspin include crittografia avanzata, monitoraggio in tempo reale e audit indipendenti per garantire che la tua esperienza di gioco sia completamente sicura.<\/p>\n<table>\n<tbody>\n<tr>\n<td>Misure di sicurezza<\/td>\n<td>Scopo<\/td>\n<\/tr>\n<tr>\n<td>Crittografia TLS 1.3<\/td>\n<td>Protezione di tutte le trasmissioni di dati<\/td>\n<\/tr>\n<tr>\n<td>Autenticazione a due fattori<\/td>\n<td>Impedisce l&#8217;accesso non autorizzato all&#8217;account<\/td>\n<\/tr>\n<tr>\n<td>Verifica KYC<\/td>\n<td>Conferma l&#8217;identit\u00e0 e l&#8217;et\u00e0 del giocatore<\/td>\n<\/tr>\n<tr>\n<td>Certificazione RNG<\/td>\n<td>Garantisce risultati di gioco equi<\/td>\n<\/tr>\n<tr>\n<td>Monitoraggio delle frodi 24 ore su 24, 7 giorni su 7<\/td>\n<td>Rileva immediatamente attivit\u00e0 sospette<\/td>\n<\/tr>\n<\/tbody>\n<\/table>\n<h3>Hai dimenticato la password?<\/h3>\n<p>Sappiamo che a volte possono verificarsi difficolt\u00e0 impreviste durante il login su Cowboyspin. Il pi\u00f9 delle volte, ci\u00f2 accade perch\u00e9 hai inserito la password in modo errato. Se accedi utilizzando Google, potrebbero verificarsi problemi con la selezione di un account non collegato a Cowboyspin Casino.<\/p>\n<p>Per iniziare a modificare la password, clicca su &#8220;Hai dimenticato la password?&#8221; sotto il pulsante &#8220;Accedi&#8221;. Prova ad accedere nuovamente utilizzando i nuovi dati.<\/p>\n<p>Se questa procedura non ha aiutato, il problema potrebbe essere da parte nostra. Puoi sempre contattare il nostro team di assistenza tramite la chat live. Se la chat live non \u00e8 disponibile nella tua lingua, ti forniremo assistenza multilingue tramite il modulo e-mail.<\/p>\n<h2>Domande frequenti<\/h2>\n<h3>Posso creare pi\u00f9 account su Cowboyspin Casino?<\/h3>\n<p>No, Cowboyspin consente un solo account per giocatore, indirizzo IP e dispositivo. La creazione di pi\u00f9 profili viola i nostri termini di servizio e comporter\u00e0 il blocco permanente con la perdita di tutti i fondi e i bonus presenti sugli account.<\/p>\n<h3>Cosa devo fare se non riesco ad accedere alla mia e-mail registrata?<\/h3>\n<p>Se non riesci ad accedere all&#8217;indirizzo e-mail collegato al tuo account Cowboy Spin, utilizza la chat live per contattare immediatamente il nostro team di assistenza. I nostri rappresentanti ti guideranno attraverso i passaggi necessari per confermare la tua identit\u00e0, in modo che tu possa modificare in tutta sicurezza le tue informazioni di contatto e accedere nuovamente al tuo account senza violare alcuna regola di sicurezza.<\/p>\n<h3>Cowboyspin Casino offre una versione demo senza registrazione?<\/h3>\n<p>S\u00ec, il nostro sito web offre versioni demo di alcuni giochi di slot che si caricano immediatamente e non richiedono la creazione di un account o il completamento del login di Cowboyspin. Prima di registrarsi, i giocatori possono provare le meccaniche, i temi e le caratteristiche del gioco senza alcun rischio. \u00c8 necessario completare la registrazione per avere pieno accesso ai giochi con soldi veri, ai prelievi e alle promozioni.<\/p>\n<\/div><\/div><\/p>\n","protected":false},"excerpt":{"rendered":"<p>Accesso e registrazione all&#8217;account Cowboyspin Per iniziare a giocare, devi seguire la procedura di Cowboyspin login. Il processo \u00e8 strutturato in modo tale da non richiedere tempo aggiuntivo e richiede solo la tua identificazione. Ti preghiamo di notare che questa procedura \u00e8 disponibile solo per persone italiane che hanno raggiunto la maggiore et\u00e0.<\/p>\n","protected":false},"author":1,"featured_media":0,"parent":0,"menu_order":0,"comment_status":"closed","ping_status":"closed","template":"template-builder.php","meta":{"_acf_changed":false,"inline_featured_image":false,"footnotes":""},"class_list":["post-1485","page","type-page","status-publish","hentry"],"acf":[],"yoast_head":"<!-- This site is optimized with the Yoast SEO plugin v27.3 - https:\/\/yoast.com\/product\/yoast-seo-wordpress\/ -->\n<title>Cowboyspin Login e registrazione<\/title>\n<meta name=\"description\" content=\"Crea, gestisci e verifica il tuo account Cowboyspin senza alcuno sforzo. Approfitta della registrazione rapida, del facile recupero dell&#039;account e della chiusura sicura con Cowboyspin Login, che protegge il tuo account 24 ore su 24.\" \/>\n<meta name=\"robots\" content=\"index, follow, max-snippet:-1, max-image-preview:large, max-video-preview:-1\" \/>\n<link rel=\"canonical\" href=\"https:\/\/cowboyspincasino.com\/it\/accesso-e-registrazione\/\" \/>\n<meta property=\"og:locale\" content=\"it_IT\" \/>\n<meta property=\"og:type\" content=\"article\" \/>\n<meta property=\"og:title\" content=\"Cowboyspin Login e registrazione\" \/>\n<meta property=\"og:description\" content=\"Crea, gestisci e verifica il tuo account Cowboyspin senza alcuno sforzo. Approfitta della registrazione rapida, del facile recupero dell&#039;account e della chiusura sicura con Cowboyspin Login, che protegge il tuo account 24 ore su 24.\" \/>\n<meta property=\"og:url\" content=\"https:\/\/cowboyspincasino.com\/it\/accesso-e-registrazione\/\" \/>\n<meta property=\"og:site_name\" content=\"cowboyspin\" \/>\n<meta property=\"article:modified_time\" content=\"2026-03-16T10:42:12+00:00\" \/>\n<meta name=\"twitter:card\" content=\"summary_large_image\" \/>\n<meta name=\"twitter:label1\" content=\"Est. reading time\" \/>\n\t<meta name=\"twitter:data1\" content=\"1 minute\" \/>\n<script type=\"application\/ld+json\" class=\"yoast-schema-graph\">{\"@context\":\"https:\\\/\\\/schema.org\",\"@graph\":[{\"@type\":\"WebPage\",\"@id\":\"https:\\\/\\\/cowboyspincasino.com\\\/it\\\/accesso-e-registrazione\\\/\",\"url\":\"https:\\\/\\\/cowboyspincasino.com\\\/it\\\/accesso-e-registrazione\\\/\",\"name\":\"Cowboyspin Login e registrazione\",\"isPartOf\":{\"@id\":\"https:\\\/\\\/cowboyspincasino.com\\\/it\\\/#website\"},\"datePublished\":\"2026-01-20T12:11:11+00:00\",\"dateModified\":\"2026-03-16T10:42:12+00:00\",\"description\":\"Crea, gestisci e verifica il tuo account Cowboyspin senza alcuno sforzo. Approfitta della registrazione rapida, del facile recupero dell'account e della chiusura sicura con Cowboyspin Login, che protegge il tuo account 24 ore su 24.\",\"breadcrumb\":{\"@id\":\"https:\\\/\\\/cowboyspincasino.com\\\/it\\\/accesso-e-registrazione\\\/#breadcrumb\"},\"inLanguage\":\"it-IT\",\"potentialAction\":[{\"@type\":\"ReadAction\",\"target\":[\"https:\\\/\\\/cowboyspincasino.com\\\/it\\\/accesso-e-registrazione\\\/\"]}]},{\"@type\":\"BreadcrumbList\",\"@id\":\"https:\\\/\\\/cowboyspincasino.com\\\/it\\\/accesso-e-registrazione\\\/#breadcrumb\",\"itemListElement\":[{\"@type\":\"ListItem\",\"position\":1,\"name\":\"Cowboyspin\",\"item\":\"https:\\\/\\\/cowboyspincasino.com\\\/it\\\/\"},{\"@type\":\"ListItem\",\"position\":2,\"name\":\"Accesso e registrazione\"}]},{\"@type\":\"WebSite\",\"@id\":\"https:\\\/\\\/cowboyspincasino.com\\\/it\\\/#website\",\"url\":\"https:\\\/\\\/cowboyspincasino.com\\\/it\\\/\",\"name\":\"Cowboyspin\",\"description\":\"\",\"publisher\":{\"@id\":\"https:\\\/\\\/cowboyspincasino.com\\\/it\\\/#organization\"},\"potentialAction\":[{\"@type\":\"SearchAction\",\"target\":{\"@type\":\"EntryPoint\",\"urlTemplate\":\"https:\\\/\\\/cowboyspincasino.com\\\/it\\\/?s={search_term_string}\"},\"query-input\":{\"@type\":\"PropertyValueSpecification\",\"valueRequired\":true,\"valueName\":\"search_term_string\"}}],\"inLanguage\":\"it-IT\"},{\"@type\":\"Organization\",\"@id\":\"https:\\\/\\\/cowboyspincasino.com\\\/it\\\/#organization\",\"name\":\"Cowboyspin\",\"url\":\"https:\\\/\\\/cowboyspincasino.com\\\/it\\\/\",\"logo\":{\"@type\":\"ImageObject\",\"inLanguage\":\"it-IT\",\"@id\":\"https:\\\/\\\/cowboyspincasino.com\\\/it\\\/#\\\/schema\\\/logo\\\/image\\\/\",\"url\":\"https:\\\/\\\/cowboyspincasino.com\\\/wp-content\\\/uploads\\\/2026\\\/03\\\/cowboyspin-logo.png\",\"contentUrl\":\"https:\\\/\\\/cowboyspincasino.com\\\/wp-content\\\/uploads\\\/2026\\\/03\\\/cowboyspin-logo.png\",\"width\":180,\"height\":66,\"caption\":\"Cowboyspin\"},\"image\":{\"@id\":\"https:\\\/\\\/cowboyspincasino.com\\\/it\\\/#\\\/schema\\\/logo\\\/image\\\/\"}}]}<\/script>\n<!-- \/ Yoast SEO plugin. -->","yoast_head_json":{"title":"Cowboyspin Login e registrazione","description":"Crea, gestisci e verifica il tuo account Cowboyspin senza alcuno sforzo. Approfitta della registrazione rapida, del facile recupero dell'account e della chiusura sicura con Cowboyspin Login, che protegge il tuo account 24 ore su 24.","robots":{"index":"index","follow":"follow","max-snippet":"max-snippet:-1","max-image-preview":"max-image-preview:large","max-video-preview":"max-video-preview:-1"},"canonical":"https:\/\/cowboyspincasino.com\/it\/accesso-e-registrazione\/","og_locale":"it_IT","og_type":"article","og_title":"Cowboyspin Login e registrazione","og_description":"Crea, gestisci e verifica il tuo account Cowboyspin senza alcuno sforzo. Approfitta della registrazione rapida, del facile recupero dell'account e della chiusura sicura con Cowboyspin Login, che protegge il tuo account 24 ore su 24.","og_url":"https:\/\/cowboyspincasino.com\/it\/accesso-e-registrazione\/","og_site_name":"cowboyspin","article_modified_time":"2026-03-16T10:42:12+00:00","twitter_card":"summary_large_image","twitter_misc":{"Est. reading time":"1 minute"},"schema":{"@context":"https:\/\/schema.org","@graph":[{"@type":"WebPage","@id":"https:\/\/cowboyspincasino.com\/it\/accesso-e-registrazione\/","url":"https:\/\/cowboyspincasino.com\/it\/accesso-e-registrazione\/","name":"Cowboyspin Login e registrazione","isPartOf":{"@id":"https:\/\/cowboyspincasino.com\/it\/#website"},"datePublished":"2026-01-20T12:11:11+00:00","dateModified":"2026-03-16T10:42:12+00:00","description":"Crea, gestisci e verifica il tuo account Cowboyspin senza alcuno sforzo. Approfitta della registrazione rapida, del facile recupero dell'account e della chiusura sicura con Cowboyspin Login, che protegge il tuo account 24 ore su 24.","breadcrumb":{"@id":"https:\/\/cowboyspincasino.com\/it\/accesso-e-registrazione\/#breadcrumb"},"inLanguage":"it-IT","potentialAction":[{"@type":"ReadAction","target":["https:\/\/cowboyspincasino.com\/it\/accesso-e-registrazione\/"]}]},{"@type":"BreadcrumbList","@id":"https:\/\/cowboyspincasino.com\/it\/accesso-e-registrazione\/#breadcrumb","itemListElement":[{"@type":"ListItem","position":1,"name":"Cowboyspin","item":"https:\/\/cowboyspincasino.com\/it\/"},{"@type":"ListItem","position":2,"name":"Accesso e registrazione"}]},{"@type":"WebSite","@id":"https:\/\/cowboyspincasino.com\/it\/#website","url":"https:\/\/cowboyspincasino.com\/it\/","name":"Cowboyspin","description":"","publisher":{"@id":"https:\/\/cowboyspincasino.com\/it\/#organization"},"potentialAction":[{"@type":"SearchAction","target":{"@type":"EntryPoint","urlTemplate":"https:\/\/cowboyspincasino.com\/it\/?s={search_term_string}"},"query-input":{"@type":"PropertyValueSpecification","valueRequired":true,"valueName":"search_term_string"}}],"inLanguage":"it-IT"},{"@type":"Organization","@id":"https:\/\/cowboyspincasino.com\/it\/#organization","name":"Cowboyspin","url":"https:\/\/cowboyspincasino.com\/it\/","logo":{"@type":"ImageObject","inLanguage":"it-IT","@id":"https:\/\/cowboyspincasino.com\/it\/#\/schema\/logo\/image\/","url":"https:\/\/cowboyspincasino.com\/wp-content\/uploads\/2026\/03\/cowboyspin-logo.png","contentUrl":"https:\/\/cowboyspincasino.com\/wp-content\/uploads\/2026\/03\/cowboyspin-logo.png","width":180,"height":66,"caption":"Cowboyspin"},"image":{"@id":"https:\/\/cowboyspincasino.com\/it\/#\/schema\/logo\/image\/"}}]}},"_links":{"self":[{"href":"https:\/\/cowboyspincasino.com\/it\/wp-json\/wp\/v2\/pages\/1485","targetHints":{"allow":["GET"]}}],"collection":[{"href":"https:\/\/cowboyspincasino.com\/it\/wp-json\/wp\/v2\/pages"}],"about":[{"href":"https:\/\/cowboyspincasino.com\/it\/wp-json\/wp\/v2\/types\/page"}],"author":[{"embeddable":true,"href":"https:\/\/cowboyspincasino.com\/it\/wp-json\/wp\/v2\/users\/1"}],"replies":[{"embeddable":true,"href":"https:\/\/cowboyspincasino.com\/it\/wp-json\/wp\/v2\/comments?post=1485"}],"version-history":[{"count":3,"href":"https:\/\/cowboyspincasino.com\/it\/wp-json\/wp\/v2\/pages\/1485\/revisions"}],"predecessor-version":[{"id":2063,"href":"https:\/\/cowboyspincasino.com\/it\/wp-json\/wp\/v2\/pages\/1485\/revisions\/2063"}],"wp:attachment":[{"href":"https:\/\/cowboyspincasino.com\/it\/wp-json\/wp\/v2\/media?parent=1485"}],"curies":[{"name":"wp","href":"https:\/\/api.w.org\/{rel}","templated":true}]}}