{"id":1445,"date":"2026-01-20T12:08:23","date_gmt":"2026-01-20T12:08:23","guid":{"rendered":"https:\/\/bonuskongcasino.com\/app\/"},"modified":"2026-03-16T10:37:11","modified_gmt":"2026-03-16T10:37:11","slug":"applicazione","status":"publish","type":"page","link":"https:\/\/cowboyspincasino.com\/it\/applicazione\/","title":{"rendered":"Applicazione"},"content":{"rendered":"<h1>Piattaforma mobile Cowboyspin<\/h1>\n<p>Per tutti i giocatori italiani, la Cowboyspin App offre la stessa esperienza di gioco della versione desktop e, in alcuni casi, anche migliore. Le funzionalit\u00e0 sono state trasferite integralmente dalla versione desktop, quindi non ti perderai nulla di importante. Il nostro casin\u00f2 mobile dispone di una libreria di giochi che include le popolari slot online e una variegata sezione di casin\u00f2 live, oltre a tutti gli altri tipi di giochi. La Cowboyspin App \u00e8 completamente gratuita ed \u00e8 disponibile sia su sistemi iOS che Android, ma pu\u00f2 essere installata anche su desktop.<\/p>\n<div class=\"banner-wrap\" aria-label=\"Banner\"><img src=\"https:\/\/cowboyspincasino.com\/wp-content\/uploads\/2026\/03\/banner-desktop2x.webp\" class=\"w-100 d-none d-lg-block img-pc main-banner-img\" alt=\"Cowboyspin bonus desktop\" fetchpriority=\"high\" decoding=\"async\"><img src=\"https:\/\/cowboyspincasino.com\/wp-content\/uploads\/2026\/03\/banner-mobile2x.webp\" class=\"w-100 d-none d-md-block d-lg-none main-banner-img\" alt=\"banner-mobile2x\" fetchpriority=\"high\" decoding=\"async\"><img src=\"https:\/\/cowboyspincasino.com\/wp-content\/uploads\/2026\/03\/banner-mobile2x.webp\" class=\"w-100 d-md-none\" alt=\"banner-mobile2x\" fetchpriority=\"high\" decoding=\"async\"><div class=\"banner-description\">\n<div class=\"banner-title\">Bonus di benvenuto<\/div>\n<p class=\"banner-header-title\">1500 \u20ac<\/p>\n<div class=\"banner-header-AdditionalText\">+ 250 Giri gratuiti<\/div>\n<button data-item=\"homepage_banner_link\" class=\"goto m-button m-gradient-border m-button--primary m-button--large banner-button btn-orange\">\n            <div class=\"m-button-content\">\n                <span>Iscriviti ora<\/span>\n                <span><\/span>\n            <\/div>\n        <\/button>\n<\/div>\n<div class=\"WelcomePack\">\n<p><img loading=\"lazy\" decoding=\"async\" class=\"alignnone size-full wp-image-1831\" src=\"https:\/\/cowboyspincasino.com\/wp-content\/uploads\/2026\/03\/welcome-crown.png\" alt=\"cronw\" width=\"25\" height=\"26\" \/><\/p>\n<div class=\"WelcomePack-Info\">Cashback settimanale fino al 25%<\/div>\n<p><img loading=\"lazy\" decoding=\"async\" class=\"alignnone size-full wp-image-1831\" src=\"https:\/\/cowboyspincasino.com\/wp-content\/uploads\/2026\/03\/welcome-crown.png\" alt=\"cronw\" width=\"25\" height=\"26\" \/><\/p>\n<\/div>\n<\/div>\n<h2>Utilizzo di Cowboyspin su dispositivi mobili<\/h2>\n<p>Abbiamo creato un software mobile in modo che quando distogli lo sguardo dal gioco mobile, non sentirai alcuna differenza. Cowboyspin App \u00e8 un collegamento per avviare la nostra versione principale del sito; si chiama Progressive Web Application (PWA). Sono disponibili anche tutte le caratteristiche e i vantaggi della versione desktop. Dopo aver installato il software mobile, non \u00e8 necessario fare altro o visitare il sito web perch\u00e9 il collegamento rimarr\u00e0 sulla schermata iniziale.<\/p>\n<p>Abbiamo confrontato i vantaggi della nostra versione mobile Cowboyspin con la versione per PC, ed ecco i punti che possiamo evidenziare:<\/p>\n<table>\n<tbody>\n<tr>\n<td>Vantaggio<\/td>\n<td>Descrizione<\/td>\n<\/tr>\n<tr>\n<td>Mobilit\u00e0<\/td>\n<td>Non \u00e8 necessario sedersi alla scrivania o addirittura sedersi, perch\u00e9 la versione mobile di Cowboyspin Casino \u00e8 sempre e ovunque disponibile. Camminare, viaggiare e altre attivit\u00e0 non interferiranno con l&#8217;accesso.<\/td>\n<\/tr>\n<tr>\n<td>Velocit\u00e0<\/td>\n<td>Accendere il computer e sedersi al tavolo richiede tempo. Quando non hai tempo e opportunit\u00e0 per farlo, l&#8217;applicazione mobile \u00e8 sempre a tua disposizione; basta tirare fuori il telefono dalla tasca e accedere a tutte le funzionalit\u00e0 della piattaforma Cowboy Spin in pochi secondi.<\/td>\n<\/tr>\n<tr>\n<td>Notifiche push<\/td>\n<td>Sii tra i primi a ricevere le ultime informazioni sulle nuove promozioni e offerte speciali di Cowboyspin Casino. Le notifiche mobili ti impediranno di perdere qualcosa di importante.<\/td>\n<\/tr>\n<\/tbody>\n<\/table>\n<p><div class=\"scrollable-content-wrap my-5\"><div class=\"scrollable-content-inner\"><h2>App mobile Cowboyspin per Android<\/h2>\n<p>Accedere Cowboyspin App su Android \u00e8 facile e non richiede il download di software di terze parti. Il client PWA va direttamente alla versione web del nostro sito, quindi non occupa spazio extra sul dispositivo.<\/p>\n<p>Ecco alcuni passaggi per installare l&#8217;applicazione Cowboyspin Casino sul tuo dispositivo Android:<\/p>\n<ol>\n<li>Accedi al sito web tramite il browser del tuo dispositivo.<\/li>\n<li>Vai alle impostazioni del browser e seleziona l&#8217;opzione &#8220;Aggiungi alla schermata iniziale&#8221;.<\/li>\n<li>Clicca sul pulsante e avvia il processo di installazione.<\/li>\n<li>Torna alla schermata principale e attendi l&#8217;installazione.<\/li>\n<\/ol>\n<p>Dopo questi semplici passaggi, quando Cowboy Spin appare sullo schermo del tuo telefono, puoi accedere all&#8217;applicazione. Poich\u00e9 stai accedendo al tuo account, assicurati di aver completato il processo di verifica, effettua il tuo deposito utilizzando il metodo che preferisci e inizia a giocare. Se incontri difficolt\u00e0 durante uno dei passaggi sopra indicati, puoi sempre contattare il nostro team di assistenza tramite la chat live.<\/p>\n<p><img loading=\"lazy\" decoding=\"async\" class=\"alignnone size-full wp-image-1895\" src=\"https:\/\/cowboyspincasino.com\/wp-content\/uploads\/2026\/03\/Cowboyspin-Android-App.webp\" alt=\"Cowboyspin Android App\" width=\"1248\" height=\"536\" srcset=\"https:\/\/cowboyspincasino.com\/wp-content\/uploads\/2026\/03\/Cowboyspin-Android-App.webp 1248w, https:\/\/cowboyspincasino.com\/wp-content\/uploads\/2026\/03\/Cowboyspin-Android-App-300x129.webp 300w, https:\/\/cowboyspincasino.com\/wp-content\/uploads\/2026\/03\/Cowboyspin-Android-App-1024x440.webp 1024w, https:\/\/cowboyspincasino.com\/wp-content\/uploads\/2026\/03\/Cowboyspin-Android-App-768x330.webp 768w\" sizes=\"auto, (max-width: 1248px) 100vw, 1248px\" \/><\/p>\n<\/div><\/div><div style=\"clear: both\"><\/div><div class=\"d-flex justify-content-center\"><button data-item=\"decouvrez_link\" data-group=\"website_links\" class=\"goto fw-bold rounded-pill btn btn-orange\" aria-label=\"Scarica l&#039;app Cowboyspin\" >Scarica l&#039;app Cowboyspin<\/button><\/div><div class=\"scrollable-content-wrap my-5\"><div class=\"scrollable-content-inner\"><h2>Come funziona la nostra app sul tuo dispositivo<\/h2>\n<p>Abbiamo ritenuto che il formato dell&#8217;applicazione web progressiva (PWA) fosse pi\u00f9 intuitivo e sicuro, quindi lo abbiamo selezionato. La nostra app PWA, a differenza dell&#8217; Cowboyspin APK, non occupa spazio sul tuo dispositivo, il che la rende una scelta pi\u00f9 preferibile. Anche la velocit\u00e0 di elaborazione delle informazioni all&#8217;interno dell&#8217;applicazione \u00e8 molto pi\u00f9 elevata rispetto a software simili, consentendoti di accedere pi\u00f9 rapidamente ai tuoi giochi preferiti.<\/p>\n<p>Scaricare file da siti web di terze parti \u00e8 molto pericoloso per la tua sicurezza perch\u00e9 potrebbero contenere malware in grado di danneggiare il tuo dispositivo e compromettere le tue informazioni personali. Per questi motivi, il Cowboyspin Casino \u00e8 disponibile solo in formato PWA. La nostra PWA fa la stessa cosa, ma non ti espone a questi rischi.<\/p>\n<h2>App mobile Cowboyspin per iOS<\/h2>\n<p>Il processo di installazione di Cowboy Spin su iOS non \u00e8 complicato. \u00c8 quasi identico a quello su Android e non richiede il download dall&#8217;App Store. Tutto quello che devi fare \u00e8 aprire Cowboyspin Casino utilizzando il browser Safari, andare nelle impostazioni del browser, cliccare sul pulsante &#8220;Aggiungi alla schermata iniziale&#8221; e attendere che appaia il collegamento.<\/p>\n<p><img loading=\"lazy\" decoding=\"async\" class=\"alignnone size-full wp-image-1919\" src=\"https:\/\/cowboyspincasino.com\/wp-content\/uploads\/2026\/03\/Cowboyspin-iOS-App.webp\" alt=\"Cowboyspin iOS App\" width=\"1248\" height=\"536\" srcset=\"https:\/\/cowboyspincasino.com\/wp-content\/uploads\/2026\/03\/Cowboyspin-iOS-App.webp 1248w, https:\/\/cowboyspincasino.com\/wp-content\/uploads\/2026\/03\/Cowboyspin-iOS-App-300x129.webp 300w, https:\/\/cowboyspincasino.com\/wp-content\/uploads\/2026\/03\/Cowboyspin-iOS-App-1024x440.webp 1024w, https:\/\/cowboyspincasino.com\/wp-content\/uploads\/2026\/03\/Cowboyspin-iOS-App-768x330.webp 768w\" sizes=\"auto, (max-width: 1248px) 100vw, 1248px\" \/><\/p>\n<\/div><\/div><div style=\"clear: both\"><\/div><div class=\"d-flex justify-content-center\"><button data-item=\"decouvrez_link\" data-group=\"website_links\" class=\"goto fw-bold rounded-pill btn btn-orange\" aria-label=\"Scarica Cowboyspin\" >Scarica Cowboyspin<\/button><\/div><div class=\"scrollable-content-wrap my-5\"><div class=\"scrollable-content-inner\"><h2>Applicazioni Windows e macOS<\/h2>\n<p>Abbiamo gi\u00e0 detto che il nostro software \u00e8 disponibile non solo sui dispositivi mobili, ma anche su Windows e macOS. Cowboyspin App funziona perfettamente sui dispositivi desktop, fornendo una versione pi\u00f9 veloce e ottimizzata rispetto al web. Inoltre, l&#8217;app offre notifiche push, assicurandoti di non perdere mai promozioni ed eventi speciali.<\/p>\n<p>Scaricarla \u00e8 molto semplice. Basta andare sul nostro sito web e cliccare sul pulsante di installazione nella barra degli indirizzi, che ha l&#8217;aspetto di una freccia sullo schermo del computer. Dopodich\u00e9, premi il pulsante ancora una volta e il gioco \u00e8 fatto.<\/p>\n<p><img loading=\"lazy\" decoding=\"async\" class=\"alignnone size-full wp-image-1911\" src=\"https:\/\/cowboyspincasino.com\/wp-content\/uploads\/2026\/03\/Cowboyspin-Desktop.webp\" alt=\"Cowboyspin Desktop\" width=\"1248\" height=\"536\" srcset=\"https:\/\/cowboyspincasino.com\/wp-content\/uploads\/2026\/03\/Cowboyspin-Desktop.webp 1248w, https:\/\/cowboyspincasino.com\/wp-content\/uploads\/2026\/03\/Cowboyspin-Desktop-300x129.webp 300w, https:\/\/cowboyspincasino.com\/wp-content\/uploads\/2026\/03\/Cowboyspin-Desktop-1024x440.webp 1024w, https:\/\/cowboyspincasino.com\/wp-content\/uploads\/2026\/03\/Cowboyspin-Desktop-768x330.webp 768w\" sizes=\"auto, (max-width: 1248px) 100vw, 1248px\" \/><\/p>\n<\/div><\/div><div style=\"clear: both\"><\/div><div class=\"d-flex justify-content-center\"><button data-item=\"decouvrez_link\" data-group=\"website_links\" class=\"goto fw-bold rounded-pill btn btn-orange\" aria-label=\"Scarica l&#039;app Cowboyspin\" >Scarica l&#039;app Cowboyspin<\/button><\/div><div class=\"scrollable-content-wrap my-5\"><div class=\"scrollable-content-inner\"><h2>Domande frequenti<\/h2>\n<h3>\u00c8 necessario creare un account per utilizzare l&#8217;app Cowboy Spin?<\/h3>\n<p>S\u00ec, \u00e8 necessario creare un account su Cowboyspin Casino per poter utilizzare tutte le sue funzionalit\u00e0, come giocare con soldi veri, ottenere bonus ed effettuare pagamenti. Il nostro modulo semplificato richiede solo un indirizzo e-mail, una password e alcune informazioni personali di base per registrarti. L&#8217;intero processo richiede circa due minuti. Alcuni giochi hanno una modalit\u00e0 demo che puoi provare senza creare un account.<\/p>\n<h3>L&#8217;app Cowboy Spin Casino offre assistenza clienti?<\/h3>\n<p>S\u00ec, Cowboyspin App ti offre pieno accesso al nostro team di assistenza clienti tramite chat live e e-mail 24 ore su 24, 7 giorni su 7. Toccando l&#8217;icona della chat, i giocatori possono avviare immediatamente una conversazione con un rappresentante che pu\u00f2 aiutarli con domande tecniche, relative all&#8217;account o ai pagamenti in pi\u00f9 lingue. Indipendentemente dal dispositivo che utilizzi, l&#8217;esperienza di gioco \u00e8 completamente supportata.<\/p>\n<h3>Come posso aggiornare l&#8217;app Cowboy Spin?<\/h3>\n<p>Quando avvii la PWA Cowboyspin Casino, l&#8217;ultima versione si carica automaticamente, quindi non devi fare nient&#8217;altro. Tutti gli aggiornamenti e le nuove funzionalit\u00e0 possono essere utilizzati immediatamente, senza dover andare sugli app store o scaricare programmi. Il processo in background funziona senza intoppi, cos\u00ec i giocatori possono sempre godere dell&#8217;ultima esperienza di gioco con il minimo sforzo.<\/p>\n<\/div><\/div><\/p>\n","protected":false},"excerpt":{"rendered":"<p>Piattaforma mobile Cowboyspin Per tutti i giocatori italiani, la Cowboyspin App offre la stessa esperienza di gioco della versione desktop e, in alcuni casi, anche migliore. Le funzionalit\u00e0 sono state trasferite integralmente dalla versione desktop, quindi non ti perderai nulla di importante. Il nostro casin\u00f2 mobile dispone di una libreria di giochi che include le [&hellip;]<\/p>\n","protected":false},"author":1,"featured_media":0,"parent":0,"menu_order":0,"comment_status":"closed","ping_status":"closed","template":"template-builder.php","meta":{"_acf_changed":false,"inline_featured_image":false,"footnotes":""},"class_list":["post-1445","page","type-page","status-publish","hentry"],"acf":[],"yoast_head":"<!-- This site is optimized with the Yoast SEO plugin v27.3 - https:\/\/yoast.com\/product\/yoast-seo-wordpress\/ -->\n<title>Cowboyspin App | Piattaforme iOS e Android<\/title>\n<meta name=\"description\" content=\"L&#039;app Cowboyspin offre un&#039;esperienza di gioco fluida su Android, iOS, Windows e macOS, con account sincronizzati, aggiornamenti regolari e assistenza clienti integrata per un&#039;esperienza senza intoppi.\" \/>\n<meta name=\"robots\" content=\"index, follow, max-snippet:-1, max-image-preview:large, max-video-preview:-1\" \/>\n<link rel=\"canonical\" href=\"https:\/\/cowboyspincasino.com\/it\/applicazione\/\" \/>\n<meta property=\"og:locale\" content=\"it_IT\" \/>\n<meta property=\"og:type\" content=\"article\" \/>\n<meta property=\"og:title\" content=\"Cowboyspin App | Piattaforme iOS e Android\" \/>\n<meta property=\"og:description\" content=\"L&#039;app Cowboyspin offre un&#039;esperienza di gioco fluida su Android, iOS, Windows e macOS, con account sincronizzati, aggiornamenti regolari e assistenza clienti integrata per un&#039;esperienza senza intoppi.\" \/>\n<meta property=\"og:url\" content=\"https:\/\/cowboyspincasino.com\/it\/applicazione\/\" \/>\n<meta property=\"og:site_name\" content=\"cowboyspin\" \/>\n<meta property=\"article:modified_time\" content=\"2026-03-16T10:37:11+00:00\" \/>\n<meta name=\"twitter:card\" content=\"summary_large_image\" \/>\n<meta name=\"twitter:label1\" content=\"Est. reading time\" \/>\n\t<meta name=\"twitter:data1\" content=\"2 minutes\" \/>\n<script type=\"application\/ld+json\" class=\"yoast-schema-graph\">{\"@context\":\"https:\\\/\\\/schema.org\",\"@graph\":[{\"@type\":\"WebPage\",\"@id\":\"https:\\\/\\\/cowboyspincasino.com\\\/it\\\/applicazione\\\/\",\"url\":\"https:\\\/\\\/cowboyspincasino.com\\\/it\\\/applicazione\\\/\",\"name\":\"Cowboyspin App | Piattaforme iOS e Android\",\"isPartOf\":{\"@id\":\"https:\\\/\\\/cowboyspincasino.com\\\/it\\\/#website\"},\"datePublished\":\"2026-01-20T12:08:23+00:00\",\"dateModified\":\"2026-03-16T10:37:11+00:00\",\"description\":\"L'app Cowboyspin offre un'esperienza di gioco fluida su Android, iOS, Windows e macOS, con account sincronizzati, aggiornamenti regolari e assistenza clienti integrata per un'esperienza senza intoppi.\",\"breadcrumb\":{\"@id\":\"https:\\\/\\\/cowboyspincasino.com\\\/it\\\/applicazione\\\/#breadcrumb\"},\"inLanguage\":\"it-IT\",\"potentialAction\":[{\"@type\":\"ReadAction\",\"target\":[\"https:\\\/\\\/cowboyspincasino.com\\\/it\\\/applicazione\\\/\"]}]},{\"@type\":\"BreadcrumbList\",\"@id\":\"https:\\\/\\\/cowboyspincasino.com\\\/it\\\/applicazione\\\/#breadcrumb\",\"itemListElement\":[{\"@type\":\"ListItem\",\"position\":1,\"name\":\"Cowboyspin\",\"item\":\"https:\\\/\\\/cowboyspincasino.com\\\/it\\\/\"},{\"@type\":\"ListItem\",\"position\":2,\"name\":\"Applicazione\"}]},{\"@type\":\"WebSite\",\"@id\":\"https:\\\/\\\/cowboyspincasino.com\\\/it\\\/#website\",\"url\":\"https:\\\/\\\/cowboyspincasino.com\\\/it\\\/\",\"name\":\"Cowboyspin\",\"description\":\"\",\"publisher\":{\"@id\":\"https:\\\/\\\/cowboyspincasino.com\\\/it\\\/#organization\"},\"potentialAction\":[{\"@type\":\"SearchAction\",\"target\":{\"@type\":\"EntryPoint\",\"urlTemplate\":\"https:\\\/\\\/cowboyspincasino.com\\\/it\\\/?s={search_term_string}\"},\"query-input\":{\"@type\":\"PropertyValueSpecification\",\"valueRequired\":true,\"valueName\":\"search_term_string\"}}],\"inLanguage\":\"it-IT\"},{\"@type\":\"Organization\",\"@id\":\"https:\\\/\\\/cowboyspincasino.com\\\/it\\\/#organization\",\"name\":\"Cowboyspin\",\"url\":\"https:\\\/\\\/cowboyspincasino.com\\\/it\\\/\",\"logo\":{\"@type\":\"ImageObject\",\"inLanguage\":\"it-IT\",\"@id\":\"https:\\\/\\\/cowboyspincasino.com\\\/it\\\/#\\\/schema\\\/logo\\\/image\\\/\",\"url\":\"https:\\\/\\\/cowboyspincasino.com\\\/wp-content\\\/uploads\\\/2026\\\/03\\\/cowboyspin-logo.png\",\"contentUrl\":\"https:\\\/\\\/cowboyspincasino.com\\\/wp-content\\\/uploads\\\/2026\\\/03\\\/cowboyspin-logo.png\",\"width\":180,\"height\":66,\"caption\":\"Cowboyspin\"},\"image\":{\"@id\":\"https:\\\/\\\/cowboyspincasino.com\\\/it\\\/#\\\/schema\\\/logo\\\/image\\\/\"}}]}<\/script>\n<!-- \/ Yoast SEO plugin. -->","yoast_head_json":{"title":"Cowboyspin App | Piattaforme iOS e Android","description":"L'app Cowboyspin offre un'esperienza di gioco fluida su Android, iOS, Windows e macOS, con account sincronizzati, aggiornamenti regolari e assistenza clienti integrata per un'esperienza senza intoppi.","robots":{"index":"index","follow":"follow","max-snippet":"max-snippet:-1","max-image-preview":"max-image-preview:large","max-video-preview":"max-video-preview:-1"},"canonical":"https:\/\/cowboyspincasino.com\/it\/applicazione\/","og_locale":"it_IT","og_type":"article","og_title":"Cowboyspin App | Piattaforme iOS e Android","og_description":"L'app Cowboyspin offre un'esperienza di gioco fluida su Android, iOS, Windows e macOS, con account sincronizzati, aggiornamenti regolari e assistenza clienti integrata per un'esperienza senza intoppi.","og_url":"https:\/\/cowboyspincasino.com\/it\/applicazione\/","og_site_name":"cowboyspin","article_modified_time":"2026-03-16T10:37:11+00:00","twitter_card":"summary_large_image","twitter_misc":{"Est. reading time":"2 minutes"},"schema":{"@context":"https:\/\/schema.org","@graph":[{"@type":"WebPage","@id":"https:\/\/cowboyspincasino.com\/it\/applicazione\/","url":"https:\/\/cowboyspincasino.com\/it\/applicazione\/","name":"Cowboyspin App | Piattaforme iOS e Android","isPartOf":{"@id":"https:\/\/cowboyspincasino.com\/it\/#website"},"datePublished":"2026-01-20T12:08:23+00:00","dateModified":"2026-03-16T10:37:11+00:00","description":"L'app Cowboyspin offre un'esperienza di gioco fluida su Android, iOS, Windows e macOS, con account sincronizzati, aggiornamenti regolari e assistenza clienti integrata per un'esperienza senza intoppi.","breadcrumb":{"@id":"https:\/\/cowboyspincasino.com\/it\/applicazione\/#breadcrumb"},"inLanguage":"it-IT","potentialAction":[{"@type":"ReadAction","target":["https:\/\/cowboyspincasino.com\/it\/applicazione\/"]}]},{"@type":"BreadcrumbList","@id":"https:\/\/cowboyspincasino.com\/it\/applicazione\/#breadcrumb","itemListElement":[{"@type":"ListItem","position":1,"name":"Cowboyspin","item":"https:\/\/cowboyspincasino.com\/it\/"},{"@type":"ListItem","position":2,"name":"Applicazione"}]},{"@type":"WebSite","@id":"https:\/\/cowboyspincasino.com\/it\/#website","url":"https:\/\/cowboyspincasino.com\/it\/","name":"Cowboyspin","description":"","publisher":{"@id":"https:\/\/cowboyspincasino.com\/it\/#organization"},"potentialAction":[{"@type":"SearchAction","target":{"@type":"EntryPoint","urlTemplate":"https:\/\/cowboyspincasino.com\/it\/?s={search_term_string}"},"query-input":{"@type":"PropertyValueSpecification","valueRequired":true,"valueName":"search_term_string"}}],"inLanguage":"it-IT"},{"@type":"Organization","@id":"https:\/\/cowboyspincasino.com\/it\/#organization","name":"Cowboyspin","url":"https:\/\/cowboyspincasino.com\/it\/","logo":{"@type":"ImageObject","inLanguage":"it-IT","@id":"https:\/\/cowboyspincasino.com\/it\/#\/schema\/logo\/image\/","url":"https:\/\/cowboyspincasino.com\/wp-content\/uploads\/2026\/03\/cowboyspin-logo.png","contentUrl":"https:\/\/cowboyspincasino.com\/wp-content\/uploads\/2026\/03\/cowboyspin-logo.png","width":180,"height":66,"caption":"Cowboyspin"},"image":{"@id":"https:\/\/cowboyspincasino.com\/it\/#\/schema\/logo\/image\/"}}]}},"_links":{"self":[{"href":"https:\/\/cowboyspincasino.com\/it\/wp-json\/wp\/v2\/pages\/1445","targetHints":{"allow":["GET"]}}],"collection":[{"href":"https:\/\/cowboyspincasino.com\/it\/wp-json\/wp\/v2\/pages"}],"about":[{"href":"https:\/\/cowboyspincasino.com\/it\/wp-json\/wp\/v2\/types\/page"}],"author":[{"embeddable":true,"href":"https:\/\/cowboyspincasino.com\/it\/wp-json\/wp\/v2\/users\/1"}],"replies":[{"embeddable":true,"href":"https:\/\/cowboyspincasino.com\/it\/wp-json\/wp\/v2\/comments?post=1445"}],"version-history":[{"count":3,"href":"https:\/\/cowboyspincasino.com\/it\/wp-json\/wp\/v2\/pages\/1445\/revisions"}],"predecessor-version":[{"id":2061,"href":"https:\/\/cowboyspincasino.com\/it\/wp-json\/wp\/v2\/pages\/1445\/revisions\/2061"}],"wp:attachment":[{"href":"https:\/\/cowboyspincasino.com\/it\/wp-json\/wp\/v2\/media?parent=1445"}],"curies":[{"name":"wp","href":"https:\/\/api.w.org\/{rel}","templated":true}]}}