{"id":1482,"date":"2026-01-20T12:11:11","date_gmt":"2026-01-20T12:11:11","guid":{"rendered":"https:\/\/bonuskongcasino.com\/login-and-registration\/"},"modified":"2026-03-16T09:47:03","modified_gmt":"2026-03-16T09:47:03","slug":"connexion-et-inscription","status":"publish","type":"page","link":"https:\/\/cowboyspincasino.com\/fr\/connexion-et-inscription\/","title":{"rendered":"Connexion et inscription"},"content":{"rendered":"<h1>Connexion et inscription au compte Cowboyspin<\/h1>\n<p>Pour commencer \u00e0 jouer, vous devez effectuer le Cowboyspin login. Le processus est con\u00e7u de mani\u00e8re \u00e0 ne pas prendre trop de temps et ne n\u00e9cessite que votre identification. Veuillez noter que cette proc\u00e9dure n&rsquo;est accessible qu&rsquo;aux personnes ayant atteint l&rsquo;\u00e2ge de la majorit\u00e9.<\/p>\n<p><div class=\"banner-wrap\" aria-label=\"Banner\"><img src=\"https:\/\/cowboyspincasino.com\/wp-content\/uploads\/2026\/03\/banner-desktop2x.webp\" class=\"w-100 d-none d-lg-block img-pc main-banner-img\" alt=\"Cowboyspin bonus desktop\" fetchpriority=\"high\" decoding=\"async\"><img src=\"https:\/\/cowboyspincasino.com\/wp-content\/uploads\/2026\/03\/banner-mobile2x.webp\" class=\"w-100 d-none d-md-block d-lg-none main-banner-img\" alt=\"banner-mobile2x\" fetchpriority=\"high\" decoding=\"async\"><img src=\"https:\/\/cowboyspincasino.com\/wp-content\/uploads\/2026\/03\/banner-mobile2x.webp\" class=\"w-100 d-md-none\" alt=\"banner-mobile2x\" fetchpriority=\"high\" decoding=\"async\"><div class=\"banner-description\">\n<div class=\"banner-title\">Bonus de bienvenue<\/div>\n<p class=\"banner-header-title\">1500 \u20ac<\/p>\n<div class=\"banner-header-AdditionalText\">+ 250 Tours gratuits<\/div>\n<button data-item=\"homepage_banner_link\" class=\"goto m-button m-gradient-border m-button--primary m-button--large banner-button btn-orange\">\n            <div class=\"m-button-content\">\n                <span>Inscrivez-vous d\u00e8s maintenant<\/span>\n                <span><\/span>\n            <\/div>\n        <\/button>\n<\/div>\n<div class=\"WelcomePack\">\n<p><img loading=\"lazy\" decoding=\"async\" class=\"alignnone size-full wp-image-1828\" src=\"https:\/\/cowboyspincasino.com\/wp-content\/uploads\/2026\/03\/welcome-crown.png\" alt=\"cronw\" width=\"25\" height=\"26\" \/><\/p>\n<div class=\"WelcomePack-Info\">Cashback hebdomadaire jusqu&rsquo;\u00e0 25 %<\/div>\n<p><img loading=\"lazy\" decoding=\"async\" class=\"alignnone size-full wp-image-1828\" src=\"https:\/\/cowboyspincasino.com\/wp-content\/uploads\/2026\/03\/welcome-crown.png\" alt=\"cronw\" width=\"25\" height=\"26\" \/><\/p>\n<\/div>\n<\/div><div class=\"scrollable-content-wrap my-5\"><div class=\"scrollable-content-inner\"><h2>Inscription d&rsquo;un nouvel utilisateur sur Cowboy Spin<\/h2>\n<p>L&rsquo;inscription d&rsquo;un nouveau compte Cowboyspin Casino vous donne un acc\u00e8s complet \u00e0 tous les jeux, promotions et autres fonctionnalit\u00e9s de la plateforme. Apr\u00e8s s&rsquo;\u00eatre connect\u00e9s, tous les nouveaux joueurs peuvent recevoir le pack de bienvenue : jusqu&rsquo;\u00e0 1 500 \u20ac + 250 tours gratuits. Toutes les autres promotions seront \u00e9galement disponibles.<\/p>\n<p>Les utilisateurs b\u00e9n\u00e9ficient d&rsquo;un acc\u00e8s complet \u00e0 des jeux de haute qualit\u00e9 propos\u00e9s par les meilleurs fournisseurs, \u00e0 des options de d\u00e9p\u00f4t et de retrait, ainsi qu&rsquo;\u00e0 un compte personnel offrant des fonctionnalit\u00e9s suppl\u00e9mentaires pour une exp\u00e9rience de jeu confortable et s\u00e9lective.<\/p>\n<h3>Cr\u00e9ez votre compte<\/h3>\n<p>Pour cr\u00e9er un compte sur Cowboyspin, suivez ces \u00e9tapes simples :<\/p>\n<ol>\n<li>Pour acc\u00e9der au formulaire d&rsquo;inscription, cliquez sur le bouton \u00ab S&rsquo;inscrire \u00bb sur la page d&rsquo;accueil.<\/li>\n<li>Entrez votre adresse e-mail et choisissez un mot de passe.<\/li>\n<li>Utilisez un code promotionnel si vous en avez un.<\/li>\n<li>Veuillez confirmer que vous avez plus de 18 ans et accepter les conditions g\u00e9n\u00e9rales.<\/li>\n<li>Cliquez sur \u00ab S&rsquo;inscrire \u00bb pour terminer votre inscription.<\/li>\n<\/ol>\n<p>Ce processus peut \u00eatre simplifi\u00e9 davantage en cliquant sur le bouton \u00ab Continuer avec Google \u00bb. Lorsque vous cliquez sur ce bouton, vous passez le formulaire manuel et pouvez imm\u00e9diatement terminer votre inscription.<\/p>\n<p>N&rsquo;oubliez pas que lorsque vous cr\u00e9ez un compte Cowboy Spin, vous devez lire les conditions g\u00e9n\u00e9rales et accepter la politique de confidentialit\u00e9 du site web.<\/p>\n<p><img loading=\"lazy\" decoding=\"async\" class=\"alignnone size-full wp-image-1924\" src=\"https:\/\/cowboyspincasino.com\/wp-content\/uploads\/2026\/03\/Cowboyspin.webp\" alt=\"Cowboyspin login\" width=\"1248\" height=\"536\" srcset=\"https:\/\/cowboyspincasino.com\/wp-content\/uploads\/2026\/03\/Cowboyspin.webp 1248w, https:\/\/cowboyspincasino.com\/wp-content\/uploads\/2026\/03\/Cowboyspin-300x129.webp 300w, https:\/\/cowboyspincasino.com\/wp-content\/uploads\/2026\/03\/Cowboyspin-1024x440.webp 1024w, https:\/\/cowboyspincasino.com\/wp-content\/uploads\/2026\/03\/Cowboyspin-768x330.webp 768w\" sizes=\"auto, (max-width: 1248px) 100vw, 1248px\" \/><\/p>\n<h2>Utilisation d&rsquo;un compte Cowboyspin<\/h2>\n<p>Une fois inscrit, il vous suffit de vous connecter \u00e0 votre compte pour y acc\u00e9der. Voici la marche \u00e0 suivre pour le login de Cowboyspin :<\/p>\n<ol>\n<li>Cliquez sur le bouton de connexion en haut \u00e0 droite de la page.<\/li>\n<li>Saisissez les informations que vous avez utilis\u00e9es lors de votre inscription ou connectez-vous via Google.<\/li>\n<li>Apr\u00e8s avoir tout v\u00e9rifi\u00e9, cliquez sur le lien de confirmation \u00e0 la fin du formulaire.<\/li>\n<\/ol>\n<p>Une fois connect\u00e9, vous avez un contr\u00f4le total sur vos informations de jeu et vos donn\u00e9es personnelles. Vous pouvez facilement modifier les informations de votre profil, effectuer des d\u00e9p\u00f4ts et des retraits, consulter l&rsquo;historique de vos transactions et d\u00e9couvrir les bonus et les offres qui vous sont r\u00e9serv\u00e9s depuis le tableau de bord de votre compte Cowboyspin.<\/p>\n<h3>V\u00e9rification et s\u00e9curit\u00e9 du compte Cowboy Spin<\/h3>\n<p>Notre site web suit des r\u00e8gles de s\u00e9curit\u00e9 strictes afin de prot\u00e9ger les comptes des joueurs et leurs informations personnelles. Pour ce faire, nous avons mis en place un processus de v\u00e9rification complet. Le syst\u00e8me \u00ab Know Your Customer \u00bb (KYC) v\u00e9rifie le nom d&rsquo;une personne avant qu&rsquo;elle puisse effectuer un retrait. Cette fonctionnalit\u00e9 bloque la fraude et l&rsquo;acc\u00e8s des personnes \u00e2g\u00e9es de moins de 18 ans et garantit le respect des r\u00e8gles. Le syst\u00e8me de s\u00e9curit\u00e9 multicouche de Cowboyspin comprend un cryptage avanc\u00e9, une surveillance en temps r\u00e9el et des audits ind\u00e9pendants afin de garantir la s\u00e9curit\u00e9 totale de votre exp\u00e9rience de jeu.<\/p>\n<table>\n<tbody>\n<tr>\n<td>Mesure de s\u00e9curit\u00e9<\/td>\n<td>Objectif<\/td>\n<\/tr>\n<tr>\n<td>Cryptage TLS 1.3<\/td>\n<td>S\u00e9curise toutes les transmissions de donn\u00e9es<\/td>\n<\/tr>\n<tr>\n<td>Authentification \u00e0 deux facteurs<\/td>\n<td>Emp\u00eache tout acc\u00e8s non autoris\u00e9 au compte<\/td>\n<\/tr>\n<tr>\n<td>V\u00e9rification KYC<\/td>\n<td>Confirme l&rsquo;identit\u00e9 et l&rsquo;\u00e2ge du joueur<\/td>\n<\/tr>\n<tr>\n<td>Certification RNG<\/td>\n<td>Garantit l&rsquo;\u00e9quit\u00e9 des r\u00e9sultats des jeux<\/td>\n<\/tr>\n<tr>\n<td>Surveillance anti-fraude 24 h\/24, 7 j\/7<\/td>\n<td>D\u00e9tecte instantan\u00e9ment toute activit\u00e9 suspecte<\/td>\n<\/tr>\n<\/tbody>\n<\/table>\n<h3>Mot de passe oubli\u00e9 ?<\/h3>\n<p>Nous savons que des difficult\u00e9s impr\u00e9vues peuvent parfois survenir lors de la connexion \u00e0 Cowboyspin. Le plus souvent, cela est d\u00fb \u00e0 une erreur de saisie du mot de passe. Si vous vous connectez via Google, des probl\u00e8mes peuvent survenir lors de la s\u00e9lection d&rsquo;un compte qui n&rsquo;est pas li\u00e9 \u00e0 Cowboyspin Casino.<\/p>\n<p>Pour commencer \u00e0 modifier le mot de passe, cliquez sur \u00ab Mot de passe oubli\u00e9 ? \u00bb sous le bouton \u00ab Se connecter \u00bb. Essayez de vous connecter \u00e0 nouveau en utilisant les nouvelles donn\u00e9es.<\/p>\n<p>Si cette proc\u00e9dure n&rsquo;a pas fonctionn\u00e9, le probl\u00e8me peut venir de notre c\u00f4t\u00e9. Vous pouvez toujours contacter notre \u00e9quipe d&rsquo;assistance via le chat en direct. Si le chat en direct n&rsquo;est pas disponible dans votre langue, nous vous fournirons une assistance multilingue via le formulaire de contact par e-mail.<\/p>\n<h2>FAQ<\/h2>\n<h3>Puis-je cr\u00e9er plusieurs comptes sur Cowboyspin Casino ?<\/h3>\n<p>Non, Cowboyspin n&rsquo;autorise qu&rsquo;un seul compte par joueur, adresse IP et appareil. La cr\u00e9ation de plusieurs profils enfreint nos conditions d&rsquo;utilisation et entra\u00eenera un blocage permanent avec la perte de tous les fonds et bonus sur les comptes.<\/p>\n<h3>Que dois-je faire si je ne peux pas acc\u00e9der \u00e0 mon adresse e-mail enregistr\u00e9e ?<\/h3>\n<p>Si vous ne pouvez pas acc\u00e9der \u00e0 l&rsquo;adresse e-mail li\u00e9e \u00e0 votre compte Cowboy Spin, veuillez utiliser le chat en direct pour contacter imm\u00e9diatement notre \u00e9quipe d&rsquo;assistance. Nos repr\u00e9sentants vous guideront \u00e0 travers les \u00e9tapes n\u00e9cessaires pour confirmer votre identit\u00e9 afin que vous puissiez modifier vos coordonn\u00e9es en toute s\u00e9curit\u00e9 et retrouver l&rsquo;acc\u00e8s \u00e0 votre compte sans enfreindre les r\u00e8gles de s\u00e9curit\u00e9.<\/p>\n<h3>Cowboyspin Casino propose-t-il des jeux en mode d\u00e9mo sans inscription ?<\/h3>\n<p>Oui, notre site web propose des versions d\u00e9mo de certains jeux de machines \u00e0 sous qui se chargent imm\u00e9diatement et ne n\u00e9cessitent pas la cr\u00e9ation d&rsquo;un compte ni de la connexion \u00e0 Cowboyspin. Avant de s&rsquo;inscrire, les joueurs peuvent essayer les m\u00e9canismes, les th\u00e8mes et les fonctionnalit\u00e9s du jeu sans aucun risque. Vous devez terminer votre inscription pour avoir un acc\u00e8s complet aux jeux en argent r\u00e9el, aux retraits et aux promotions.<\/p>\n<\/div><\/div><\/p>\n","protected":false},"excerpt":{"rendered":"<p>Connexion et inscription au compte Cowboyspin Pour commencer \u00e0 jouer, vous devez effectuer le Cowboyspin login. Le processus est con\u00e7u de mani\u00e8re \u00e0 ne pas prendre trop de temps et ne n\u00e9cessite que votre identification. Veuillez noter que cette proc\u00e9dure n&rsquo;est accessible qu&rsquo;aux personnes ayant atteint l&rsquo;\u00e2ge de la majorit\u00e9.<\/p>\n","protected":false},"author":1,"featured_media":0,"parent":0,"menu_order":0,"comment_status":"closed","ping_status":"closed","template":"template-builder.php","meta":{"_acf_changed":false,"inline_featured_image":false,"footnotes":""},"class_list":["post-1482","page","type-page","status-publish","hentry"],"acf":[],"yoast_head":"<!-- This site is optimized with the Yoast SEO plugin v27.3 - https:\/\/yoast.com\/product\/yoast-seo-wordpress\/ -->\n<title>Cowboyspin Login et inscription<\/title>\n<meta name=\"description\" content=\"Cr\u00e9ez, g\u00e9rez et v\u00e9rifiez votre compte Cowboyspin en toute simplicit\u00e9. Profitez d&#039;une inscription rapide, d&#039;une r\u00e9cup\u00e9ration facile de votre compte et d&#039;une fermeture s\u00e9curis\u00e9e gr\u00e2ce \u00e0 Cowboyspin Login, qui prot\u00e8ge votre compte 24 heures sur 24.\" \/>\n<meta name=\"robots\" content=\"index, follow, max-snippet:-1, max-image-preview:large, max-video-preview:-1\" \/>\n<link rel=\"canonical\" href=\"https:\/\/cowboyspincasino.com\/fr\/connexion-et-inscription\/\" \/>\n<meta property=\"og:locale\" content=\"fr_FR\" \/>\n<meta property=\"og:type\" content=\"article\" \/>\n<meta property=\"og:title\" content=\"Cowboyspin Login et inscription\" \/>\n<meta property=\"og:description\" content=\"Cr\u00e9ez, g\u00e9rez et v\u00e9rifiez votre compte Cowboyspin en toute simplicit\u00e9. Profitez d&#039;une inscription rapide, d&#039;une r\u00e9cup\u00e9ration facile de votre compte et d&#039;une fermeture s\u00e9curis\u00e9e gr\u00e2ce \u00e0 Cowboyspin Login, qui prot\u00e8ge votre compte 24 heures sur 24.\" \/>\n<meta property=\"og:url\" content=\"https:\/\/cowboyspincasino.com\/fr\/connexion-et-inscription\/\" \/>\n<meta property=\"og:site_name\" content=\"cowboyspin\" \/>\n<meta property=\"article:modified_time\" content=\"2026-03-16T09:47:03+00:00\" \/>\n<meta name=\"twitter:card\" content=\"summary_large_image\" \/>\n<meta name=\"twitter:label1\" content=\"Dur\u00e9e de lecture estim\u00e9e\" \/>\n\t<meta name=\"twitter:data1\" content=\"1 minute\" \/>\n<script type=\"application\/ld+json\" class=\"yoast-schema-graph\">{\"@context\":\"https:\\\/\\\/schema.org\",\"@graph\":[{\"@type\":\"WebPage\",\"@id\":\"https:\\\/\\\/cowboyspincasino.com\\\/fr\\\/connexion-et-inscription\\\/\",\"url\":\"https:\\\/\\\/cowboyspincasino.com\\\/fr\\\/connexion-et-inscription\\\/\",\"name\":\"Cowboyspin Login et inscription\",\"isPartOf\":{\"@id\":\"https:\\\/\\\/cowboyspincasino.com\\\/fr\\\/#website\"},\"datePublished\":\"2026-01-20T12:11:11+00:00\",\"dateModified\":\"2026-03-16T09:47:03+00:00\",\"description\":\"Cr\u00e9ez, g\u00e9rez et v\u00e9rifiez votre compte Cowboyspin en toute simplicit\u00e9. Profitez d'une inscription rapide, d'une r\u00e9cup\u00e9ration facile de votre compte et d'une fermeture s\u00e9curis\u00e9e gr\u00e2ce \u00e0 Cowboyspin Login, qui prot\u00e8ge votre compte 24 heures sur 24.\",\"breadcrumb\":{\"@id\":\"https:\\\/\\\/cowboyspincasino.com\\\/fr\\\/connexion-et-inscription\\\/#breadcrumb\"},\"inLanguage\":\"fr-FR\",\"potentialAction\":[{\"@type\":\"ReadAction\",\"target\":[\"https:\\\/\\\/cowboyspincasino.com\\\/fr\\\/connexion-et-inscription\\\/\"]}]},{\"@type\":\"BreadcrumbList\",\"@id\":\"https:\\\/\\\/cowboyspincasino.com\\\/fr\\\/connexion-et-inscription\\\/#breadcrumb\",\"itemListElement\":[{\"@type\":\"ListItem\",\"position\":1,\"name\":\"Cowboyspin\",\"item\":\"https:\\\/\\\/cowboyspincasino.com\\\/fr\\\/\"},{\"@type\":\"ListItem\",\"position\":2,\"name\":\"Connexion et inscription\"}]},{\"@type\":\"WebSite\",\"@id\":\"https:\\\/\\\/cowboyspincasino.com\\\/fr\\\/#website\",\"url\":\"https:\\\/\\\/cowboyspincasino.com\\\/fr\\\/\",\"name\":\"Cowboyspin\",\"description\":\"\",\"publisher\":{\"@id\":\"https:\\\/\\\/cowboyspincasino.com\\\/fr\\\/#organization\"},\"potentialAction\":[{\"@type\":\"SearchAction\",\"target\":{\"@type\":\"EntryPoint\",\"urlTemplate\":\"https:\\\/\\\/cowboyspincasino.com\\\/fr\\\/?s={search_term_string}\"},\"query-input\":{\"@type\":\"PropertyValueSpecification\",\"valueRequired\":true,\"valueName\":\"search_term_string\"}}],\"inLanguage\":\"fr-FR\"},{\"@type\":\"Organization\",\"@id\":\"https:\\\/\\\/cowboyspincasino.com\\\/fr\\\/#organization\",\"name\":\"Cowboyspin\",\"url\":\"https:\\\/\\\/cowboyspincasino.com\\\/fr\\\/\",\"logo\":{\"@type\":\"ImageObject\",\"inLanguage\":\"fr-FR\",\"@id\":\"https:\\\/\\\/cowboyspincasino.com\\\/fr\\\/#\\\/schema\\\/logo\\\/image\\\/\",\"url\":\"https:\\\/\\\/cowboyspincasino.com\\\/wp-content\\\/uploads\\\/2026\\\/03\\\/cowboyspin-logo.png\",\"contentUrl\":\"https:\\\/\\\/cowboyspincasino.com\\\/wp-content\\\/uploads\\\/2026\\\/03\\\/cowboyspin-logo.png\",\"width\":180,\"height\":66,\"caption\":\"Cowboyspin\"},\"image\":{\"@id\":\"https:\\\/\\\/cowboyspincasino.com\\\/fr\\\/#\\\/schema\\\/logo\\\/image\\\/\"}}]}<\/script>\n<!-- \/ Yoast SEO plugin. -->","yoast_head_json":{"title":"Cowboyspin Login et inscription","description":"Cr\u00e9ez, g\u00e9rez et v\u00e9rifiez votre compte Cowboyspin en toute simplicit\u00e9. Profitez d'une inscription rapide, d'une r\u00e9cup\u00e9ration facile de votre compte et d'une fermeture s\u00e9curis\u00e9e gr\u00e2ce \u00e0 Cowboyspin Login, qui prot\u00e8ge votre compte 24 heures sur 24.","robots":{"index":"index","follow":"follow","max-snippet":"max-snippet:-1","max-image-preview":"max-image-preview:large","max-video-preview":"max-video-preview:-1"},"canonical":"https:\/\/cowboyspincasino.com\/fr\/connexion-et-inscription\/","og_locale":"fr_FR","og_type":"article","og_title":"Cowboyspin Login et inscription","og_description":"Cr\u00e9ez, g\u00e9rez et v\u00e9rifiez votre compte Cowboyspin en toute simplicit\u00e9. Profitez d'une inscription rapide, d'une r\u00e9cup\u00e9ration facile de votre compte et d'une fermeture s\u00e9curis\u00e9e gr\u00e2ce \u00e0 Cowboyspin Login, qui prot\u00e8ge votre compte 24 heures sur 24.","og_url":"https:\/\/cowboyspincasino.com\/fr\/connexion-et-inscription\/","og_site_name":"cowboyspin","article_modified_time":"2026-03-16T09:47:03+00:00","twitter_card":"summary_large_image","twitter_misc":{"Dur\u00e9e de lecture estim\u00e9e":"1 minute"},"schema":{"@context":"https:\/\/schema.org","@graph":[{"@type":"WebPage","@id":"https:\/\/cowboyspincasino.com\/fr\/connexion-et-inscription\/","url":"https:\/\/cowboyspincasino.com\/fr\/connexion-et-inscription\/","name":"Cowboyspin Login et inscription","isPartOf":{"@id":"https:\/\/cowboyspincasino.com\/fr\/#website"},"datePublished":"2026-01-20T12:11:11+00:00","dateModified":"2026-03-16T09:47:03+00:00","description":"Cr\u00e9ez, g\u00e9rez et v\u00e9rifiez votre compte Cowboyspin en toute simplicit\u00e9. Profitez d'une inscription rapide, d'une r\u00e9cup\u00e9ration facile de votre compte et d'une fermeture s\u00e9curis\u00e9e gr\u00e2ce \u00e0 Cowboyspin Login, qui prot\u00e8ge votre compte 24 heures sur 24.","breadcrumb":{"@id":"https:\/\/cowboyspincasino.com\/fr\/connexion-et-inscription\/#breadcrumb"},"inLanguage":"fr-FR","potentialAction":[{"@type":"ReadAction","target":["https:\/\/cowboyspincasino.com\/fr\/connexion-et-inscription\/"]}]},{"@type":"BreadcrumbList","@id":"https:\/\/cowboyspincasino.com\/fr\/connexion-et-inscription\/#breadcrumb","itemListElement":[{"@type":"ListItem","position":1,"name":"Cowboyspin","item":"https:\/\/cowboyspincasino.com\/fr\/"},{"@type":"ListItem","position":2,"name":"Connexion et inscription"}]},{"@type":"WebSite","@id":"https:\/\/cowboyspincasino.com\/fr\/#website","url":"https:\/\/cowboyspincasino.com\/fr\/","name":"Cowboyspin","description":"","publisher":{"@id":"https:\/\/cowboyspincasino.com\/fr\/#organization"},"potentialAction":[{"@type":"SearchAction","target":{"@type":"EntryPoint","urlTemplate":"https:\/\/cowboyspincasino.com\/fr\/?s={search_term_string}"},"query-input":{"@type":"PropertyValueSpecification","valueRequired":true,"valueName":"search_term_string"}}],"inLanguage":"fr-FR"},{"@type":"Organization","@id":"https:\/\/cowboyspincasino.com\/fr\/#organization","name":"Cowboyspin","url":"https:\/\/cowboyspincasino.com\/fr\/","logo":{"@type":"ImageObject","inLanguage":"fr-FR","@id":"https:\/\/cowboyspincasino.com\/fr\/#\/schema\/logo\/image\/","url":"https:\/\/cowboyspincasino.com\/wp-content\/uploads\/2026\/03\/cowboyspin-logo.png","contentUrl":"https:\/\/cowboyspincasino.com\/wp-content\/uploads\/2026\/03\/cowboyspin-logo.png","width":180,"height":66,"caption":"Cowboyspin"},"image":{"@id":"https:\/\/cowboyspincasino.com\/fr\/#\/schema\/logo\/image\/"}}]}},"_links":{"self":[{"href":"https:\/\/cowboyspincasino.com\/fr\/wp-json\/wp\/v2\/pages\/1482","targetHints":{"allow":["GET"]}}],"collection":[{"href":"https:\/\/cowboyspincasino.com\/fr\/wp-json\/wp\/v2\/pages"}],"about":[{"href":"https:\/\/cowboyspincasino.com\/fr\/wp-json\/wp\/v2\/types\/page"}],"author":[{"embeddable":true,"href":"https:\/\/cowboyspincasino.com\/fr\/wp-json\/wp\/v2\/users\/1"}],"replies":[{"embeddable":true,"href":"https:\/\/cowboyspincasino.com\/fr\/wp-json\/wp\/v2\/comments?post=1482"}],"version-history":[{"count":3,"href":"https:\/\/cowboyspincasino.com\/fr\/wp-json\/wp\/v2\/pages\/1482\/revisions"}],"predecessor-version":[{"id":2039,"href":"https:\/\/cowboyspincasino.com\/fr\/wp-json\/wp\/v2\/pages\/1482\/revisions\/2039"}],"wp:attachment":[{"href":"https:\/\/cowboyspincasino.com\/fr\/wp-json\/wp\/v2\/media?parent=1482"}],"curies":[{"name":"wp","href":"https:\/\/api.w.org\/{rel}","templated":true}]}}