{"id":1440,"date":"2026-01-20T12:08:23","date_gmt":"2026-01-20T12:08:23","guid":{"rendered":"https:\/\/bonuskongcasino.com\/app\/"},"modified":"2026-03-16T09:44:50","modified_gmt":"2026-03-16T09:44:50","slug":"app","status":"publish","type":"page","link":"https:\/\/cowboyspincasino.com\/fr\/app\/","title":{"rendered":"App"},"content":{"rendered":"<h1>Plateforme mobile Cowboyspin<\/h1>\n<p>Cowboyspin App offre la m\u00eame exp\u00e9rience de jeu que la version pour ordinateur, voire parfois une exp\u00e9rience am\u00e9lior\u00e9e. Les fonctionnalit\u00e9s sont exactement les m\u00eames que celles de la version pour ordinateur, vous ne manquerez donc rien d&rsquo;important. Notre casino mobile dispose d&rsquo;une biblioth\u00e8que de jeux qui comprend des machines \u00e0 sous en ligne populaires, une section casino en direct vari\u00e9e, ainsi que tous les autres types de jeux. Cowboyspin App est enti\u00e8rement gratuite et disponible sur les syst\u00e8mes iOS et Android. Elle peut \u00e9galement \u00eatre install\u00e9e sur un ordinateur.<\/p>\n<div class=\"banner-wrap\" aria-label=\"Banner\"><img src=\"https:\/\/cowboyspincasino.com\/wp-content\/uploads\/2026\/03\/banner-desktop2x.webp\" class=\"w-100 d-none d-lg-block img-pc main-banner-img\" alt=\"Cowboyspin bonus desktop\" fetchpriority=\"high\" decoding=\"async\"><img src=\"https:\/\/cowboyspincasino.com\/wp-content\/uploads\/2026\/03\/banner-mobile2x.webp\" class=\"w-100 d-none d-md-block d-lg-none main-banner-img\" alt=\"banner-mobile2x\" fetchpriority=\"high\" decoding=\"async\"><img src=\"https:\/\/cowboyspincasino.com\/wp-content\/uploads\/2026\/03\/banner-mobile2x.webp\" class=\"w-100 d-md-none\" alt=\"banner-mobile2x\" fetchpriority=\"high\" decoding=\"async\"><div class=\"banner-description\">\n<div class=\"banner-title\">Bonus de bienvenue<\/div>\n<p class=\"banner-header-title\">1500 \u20ac<\/p>\n<div class=\"banner-header-AdditionalText\">+ 250 Tours gratuits<\/div>\n<button data-item=\"homepage_banner_link\" class=\"goto m-button m-gradient-border m-button--primary m-button--large banner-button btn-orange\">\n            <div class=\"m-button-content\">\n                <span>Inscrivez-vous d\u00e8s maintenant<\/span>\n                <span><\/span>\n            <\/div>\n        <\/button>\n<\/div>\n<div class=\"WelcomePack\">\n<p><img loading=\"lazy\" decoding=\"async\" class=\"alignnone size-full wp-image-1828\" src=\"https:\/\/cowboyspincasino.com\/wp-content\/uploads\/2026\/03\/welcome-crown.png\" alt=\"cronw\" width=\"25\" height=\"26\" \/><\/p>\n<div class=\"WelcomePack-Info\">Cashback hebdomadaire jusqu&rsquo;\u00e0 25 %<\/div>\n<p><img loading=\"lazy\" decoding=\"async\" class=\"alignnone size-full wp-image-1828\" src=\"https:\/\/cowboyspincasino.com\/wp-content\/uploads\/2026\/03\/welcome-crown.png\" alt=\"cronw\" width=\"25\" height=\"26\" \/><\/p>\n<\/div>\n<\/div>\n<h2>Utilisation de Cowboyspin sur mobile<\/h2>\n<p>Nous avons cr\u00e9\u00e9 un logiciel mobile afin que vous ne remarquiez aucune diff\u00e9rence lorsque vous d\u00e9tournez les yeux du jeu mobile. Cowboyspin App est un raccourci permettant de lancer la version principale de notre site ; elle est appel\u00e9e \u00ab application web progressive \u00bb (PWA). Toutes les fonctionnalit\u00e9s et tous les avantages de la version pour ordinateur de bureau sont \u00e9galement disponibles. Apr\u00e8s avoir install\u00e9 le logiciel mobile, vous n&rsquo;avez rien d&rsquo;autre \u00e0 faire et vous n&rsquo;avez pas besoin de vous rendre sur le site web, car le raccourci restera sur l&rsquo;\u00e9cran d&rsquo;accueil.<\/p>\n<p>Nous avons compar\u00e9 les avantages de notre version mobile Cowboyspin avec la version PC, et voici les points que nous pouvons souligner :<\/p>\n<table>\n<tbody>\n<tr>\n<td>Avantage<\/td>\n<td>Description<\/td>\n<\/tr>\n<tr>\n<td>Mobilit\u00e9<\/td>\n<td>Vous n&rsquo;avez pas besoin de vous asseoir \u00e0 votre bureau, ni m\u00eame de vous asseoir tout court, car la version mobile de Cowboyspin Casino est disponible partout et \u00e0 tout moment. Marcher, voyager et autres activit\u00e9s n&rsquo;interf\u00e9reront pas avec votre acc\u00e8s.<\/td>\n<\/tr>\n<tr>\n<td>Rapidit\u00e9<\/td>\n<td>Allumer l&rsquo;ordinateur et s&rsquo;asseoir \u00e0 la table prend du temps. Lorsque vous n&rsquo;avez ni le temps ni la possibilit\u00e9 de le faire, l&rsquo;application mobile est toujours l\u00e0 pour vous ; il vous suffit de sortir votre t\u00e9l\u00e9phone de votre poche et d&rsquo;acc\u00e9der \u00e0 toutes les fonctionnalit\u00e9s de la plateforme Cowboy Spin en quelques secondes.<\/td>\n<\/tr>\n<tr>\n<td>Notifications<\/td>\n<td>Soyez parmi les premiers \u00e0 recevoir les derni\u00e8res informations sur les nouvelles promotions et offres sp\u00e9ciales du Cowboyspin Casino. Les notifications mobiles vous permettront de ne rien manquer d&rsquo;important.<\/td>\n<\/tr>\n<\/tbody>\n<\/table>\n<p><div class=\"scrollable-content-wrap my-5\"><div class=\"scrollable-content-inner\"><h2>Application mobile Cowboyspin pour Android<\/h2>\n<p>L&rsquo;acc\u00e8s \u00e0 Cowboyspin App sur Android est facile et ne n\u00e9cessite pas le t\u00e9l\u00e9chargement d&rsquo;un logiciel tiers. Le client PWA acc\u00e8de directement \u00e0 la version web de notre site, il ne prend donc pas de place suppl\u00e9mentaire sur l&rsquo;appareil.<\/p>\n<p>Voici quelques \u00e9tapes pour installer l&rsquo;application Cowboyspin Casino sur votre appareil Android :<\/p>\n<ol>\n<li>Connectez-vous au site web via le navigateur de votre appareil.<\/li>\n<li>Acc\u00e9dez aux param\u00e8tres du navigateur et s\u00e9lectionnez l&rsquo;option \u00ab Ajouter \u00e0 l&rsquo;\u00e9cran d&rsquo;accueil \u00bb.<\/li>\n<li>Cliquez sur le bouton et lancez le processus d&rsquo;installation.<\/li>\n<li>Revenez \u00e0 l&rsquo;\u00e9cran principal et attendez la fin de l&rsquo;installation.<\/li>\n<\/ol>\n<p>Une fois ces \u00e9tapes simples effectu\u00e9es, lorsque Cowboy Spin appara\u00eet sur l&rsquo;\u00e9cran de votre t\u00e9l\u00e9phone, vous pouvez vous connecter \u00e0 l&rsquo;application. Comme vous vous connectez \u00e0 votre compte, assurez-vous d&rsquo;avoir termin\u00e9 le processus de v\u00e9rification, effectuez votre d\u00e9p\u00f4t en utilisant la m\u00e9thode de votre choix et commencez \u00e0 jouer. Si vous rencontrez des difficult\u00e9s lors de l&rsquo;une des \u00e9tapes ci-dessus, vous pouvez toujours contacter notre \u00e9quipe d&rsquo;assistance via le chat en direct.<\/p>\n<p><img loading=\"lazy\" decoding=\"async\" class=\"alignnone size-full wp-image-1892\" src=\"https:\/\/cowboyspincasino.com\/wp-content\/uploads\/2026\/03\/Cowboyspin-Android-App.webp\" alt=\"Cowboyspin Android App\" width=\"1248\" height=\"536\" srcset=\"https:\/\/cowboyspincasino.com\/wp-content\/uploads\/2026\/03\/Cowboyspin-Android-App.webp 1248w, https:\/\/cowboyspincasino.com\/wp-content\/uploads\/2026\/03\/Cowboyspin-Android-App-300x129.webp 300w, https:\/\/cowboyspincasino.com\/wp-content\/uploads\/2026\/03\/Cowboyspin-Android-App-1024x440.webp 1024w, https:\/\/cowboyspincasino.com\/wp-content\/uploads\/2026\/03\/Cowboyspin-Android-App-768x330.webp 768w\" sizes=\"auto, (max-width: 1248px) 100vw, 1248px\" \/><\/p>\n<\/div><\/div><div style=\"clear: both\"><\/div><div class=\"d-flex justify-content-center\"><button data-item=\"decouvrez_link\" data-group=\"website_links\" class=\"goto fw-bold rounded-pill btn btn-orange\" aria-label=\"T\u00e9l\u00e9chargez l&#039;application Cowboyspin\" >T\u00e9l\u00e9chargez l&#039;application Cowboyspin<\/button><\/div><div class=\"scrollable-content-wrap my-5\"><div class=\"scrollable-content-inner\"><h2>Comment notre application fonctionne sur votre appareil<\/h2>\n<p>Nous avons trouv\u00e9 que le format d&rsquo;application web progressive (PWA) \u00e9tait plus convivial et plus s\u00fbr, c&rsquo;est pourquoi nous l&rsquo;avons choisi. Contrairement \u00e0 l&rsquo;APK Cowboyspin, notre application PWA ne prend pas de place sur votre appareil, ce qui en fait un choix plus int\u00e9ressant. La vitesse de traitement des informations au sein de l&rsquo;application est \u00e9galement beaucoup plus \u00e9lev\u00e9e que dans les logiciels similaires, ce qui vous permet d&rsquo;acc\u00e9der plus rapidement \u00e0 vos jeux pr\u00e9f\u00e9r\u00e9s.<\/p>\n<p>Le t\u00e9l\u00e9chargement de fichiers \u00e0 partir de sites web tiers est tr\u00e8s dangereux pour votre s\u00e9curit\u00e9, car ils peuvent contenir des logiciels malveillants susceptibles d&rsquo;endommager votre appareil et de compromettre vos informations personnelles. Pour ces raisons, le Cowboyspin Casino n&rsquo;est disponible qu&rsquo;au format PWA. Notre PWA fait la m\u00eame chose, mais ne vous expose pas \u00e0 ces risques.<\/p>\n<h2>Application mobile Cowboyspin iOS<\/h2>\n<p>Le processus d&rsquo;installation de Cowboy Spin sur iOS n&rsquo;est pas compliqu\u00e9. Il est presque identique \u00e0 celui sur Android et ne n\u00e9cessite pas non plus l&rsquo;App Store pour le t\u00e9l\u00e9chargement. Il vous suffit d&rsquo;ouvrir Cowboyspin Casino \u00e0 l&rsquo;aide du navigateur Safari, d&rsquo;aller dans les param\u00e8tres du navigateur, de cliquer sur le bouton \u00ab Ajouter \u00e0 l&rsquo;\u00e9cran d&rsquo;accueil \u00bb et d&rsquo;attendre que le raccourci apparaisse.<\/p>\n<p><img loading=\"lazy\" decoding=\"async\" class=\"alignnone size-full wp-image-1916\" src=\"https:\/\/cowboyspincasino.com\/wp-content\/uploads\/2026\/03\/Cowboyspin-iOS-App.webp\" alt=\"Cowboyspin iOS App\" width=\"1248\" height=\"536\" srcset=\"https:\/\/cowboyspincasino.com\/wp-content\/uploads\/2026\/03\/Cowboyspin-iOS-App.webp 1248w, https:\/\/cowboyspincasino.com\/wp-content\/uploads\/2026\/03\/Cowboyspin-iOS-App-300x129.webp 300w, https:\/\/cowboyspincasino.com\/wp-content\/uploads\/2026\/03\/Cowboyspin-iOS-App-1024x440.webp 1024w, https:\/\/cowboyspincasino.com\/wp-content\/uploads\/2026\/03\/Cowboyspin-iOS-App-768x330.webp 768w\" sizes=\"auto, (max-width: 1248px) 100vw, 1248px\" \/><\/p>\n<\/div><\/div><div style=\"clear: both\"><\/div><div class=\"d-flex justify-content-center\"><button data-item=\"decouvrez_link\" data-group=\"website_links\" class=\"goto fw-bold rounded-pill btn btn-orange\" aria-label=\"T\u00e9l\u00e9charger Cowboyspin\" >T\u00e9l\u00e9charger Cowboyspin<\/button><\/div><div class=\"scrollable-content-wrap my-5\"><div class=\"scrollable-content-inner\"><h2>Applications Windows et macOS<\/h2>\n<p>Nous avons d\u00e9j\u00e0 mentionn\u00e9 que notre logiciel est disponible non seulement sur les appareils mobiles, mais aussi sur Windows et macOS. Cowboyspin App fonctionne parfaitement sur les appareils de bureau, offrant une version plus rapide et plus optimis\u00e9e que le site web. De plus, l&rsquo;application propose des notifications push, vous garantissant de ne jamais manquer les promotions et les \u00e9v\u00e9nements sp\u00e9ciaux.<\/p>\n<p>Elle est tr\u00e8s facile \u00e0 t\u00e9l\u00e9charger. Il suffit de vous rendre sur notre site web et de cliquer sur le bouton d&rsquo;installation dans la barre d&rsquo;adresse, qui ressemble \u00e0 une fl\u00e8che sur un \u00e9cran d&rsquo;ordinateur. Ensuite, appuyez une nouvelle fois sur le bouton, et le tour est jou\u00e9.<\/p>\n<p><img loading=\"lazy\" decoding=\"async\" class=\"alignnone size-full wp-image-1908\" src=\"https:\/\/cowboyspincasino.com\/wp-content\/uploads\/2026\/03\/Cowboyspin-Desktop.webp\" alt=\"Cowboyspin Desktop\" width=\"1248\" height=\"536\" srcset=\"https:\/\/cowboyspincasino.com\/wp-content\/uploads\/2026\/03\/Cowboyspin-Desktop.webp 1248w, https:\/\/cowboyspincasino.com\/wp-content\/uploads\/2026\/03\/Cowboyspin-Desktop-300x129.webp 300w, https:\/\/cowboyspincasino.com\/wp-content\/uploads\/2026\/03\/Cowboyspin-Desktop-1024x440.webp 1024w, https:\/\/cowboyspincasino.com\/wp-content\/uploads\/2026\/03\/Cowboyspin-Desktop-768x330.webp 768w\" sizes=\"auto, (max-width: 1248px) 100vw, 1248px\" \/><\/p>\n<\/div><\/div><div style=\"clear: both\"><\/div><div class=\"d-flex justify-content-center\"><button data-item=\"decouvrez_link\" data-group=\"website_links\" class=\"goto fw-bold rounded-pill btn btn-orange\" aria-label=\"T\u00e9l\u00e9chargez l&#039;application Cowboyspin\" >T\u00e9l\u00e9chargez l&#039;application Cowboyspin<\/button><\/div><div class=\"scrollable-content-wrap my-5\"><div class=\"scrollable-content-inner\"><h2>FAQ<\/h2>\n<h3>Faut-il cr\u00e9er un compte pour utiliser Cowboy Spin App ?<\/h3>\n<p>Oui, vous devez cr\u00e9er un compte sur Cowboyspin Casino afin de pouvoir utiliser toutes ses fonctionnalit\u00e9s, telles que jouer \u00e0 des jeux en argent r\u00e9el, obtenir des bonus et effectuer des paiements. Notre formulaire simplifi\u00e9 ne n\u00e9cessite qu&rsquo;une adresse e-mail, un mot de passe et quelques informations personnelles de base pour vous inscrire. L&rsquo;ensemble du processus prend environ deux minutes. Certains jeux disposent d&rsquo;un mode d\u00e9mo auquel vous pouvez jouer sans cr\u00e9er de compte.<\/p>\n<h3>L&rsquo;application Cowboy Spin Casino offre-t-elle un service client ?<\/h3>\n<p>Oui, Cowboyspin App vous donne un acc\u00e8s complet \u00e0 notre service client\u00e8le via un chat en direct et une assistance par e-mail disponibles 24 h\/24 et 7 j\/7. En appuyant sur l&rsquo;ic\u00f4ne du chat, les joueurs peuvent imm\u00e9diatement discuter avec un repr\u00e9sentant qui peut les aider en plusieurs langues pour toute question technique, relative \u00e0 leur compte ou au paiement. Quel que soit l&rsquo;appareil que vous utilisez, l&rsquo;exp\u00e9rience de jeu est enti\u00e8rement prise en charge.<\/p>\n<h3>Comment puis-je mettre \u00e0 jour l&rsquo;application Cowboy Spin ?<\/h3>\n<p>Lorsque vous lancez l&rsquo;application Cowboyspin Casino PWA, la derni\u00e8re version se charge automatiquement, vous n&rsquo;avez donc rien d&rsquo;autre \u00e0 faire. Toutes les mises \u00e0 jour et les nouvelles fonctionnalit\u00e9s sont imm\u00e9diatement disponibles, sans avoir \u00e0 passer par les boutiques d&rsquo;applications ou \u00e0 t\u00e9l\u00e9charger des programmes. Le processus en arri\u00e8re-plan fonctionne de mani\u00e8re fluide, ce qui permet aux joueurs de toujours b\u00e9n\u00e9ficier de la derni\u00e8re exp\u00e9rience de jeu sans effort.<\/p>\n<\/div><\/div><\/p>\n","protected":false},"excerpt":{"rendered":"<p>Plateforme mobile Cowboyspin Cowboyspin App offre la m\u00eame exp\u00e9rience de jeu que la version pour ordinateur, voire parfois une exp\u00e9rience am\u00e9lior\u00e9e. Les fonctionnalit\u00e9s sont exactement les m\u00eames que celles de la version pour ordinateur, vous ne manquerez donc rien d&rsquo;important. Notre casino mobile dispose d&rsquo;une biblioth\u00e8que de jeux qui comprend des machines \u00e0 sous en [&hellip;]<\/p>\n","protected":false},"author":1,"featured_media":0,"parent":0,"menu_order":0,"comment_status":"closed","ping_status":"closed","template":"template-builder.php","meta":{"_acf_changed":false,"inline_featured_image":false,"footnotes":""},"class_list":["post-1440","page","type-page","status-publish","hentry"],"acf":[],"yoast_head":"<!-- This site is optimized with the Yoast SEO plugin v27.3 - https:\/\/yoast.com\/product\/yoast-seo-wordpress\/ -->\n<title>Cowboyspin Application | Plateformes iOS et Android<\/title>\n<meta name=\"description\" content=\"L&#039;application Cowboyspin offre une exp\u00e9rience de jeu fluide sur Android, iOS, Windows et macOS, avec des comptes synchronis\u00e9s, des mises \u00e0 jour r\u00e9guli\u00e8res et un service client int\u00e9gr\u00e9 pour une exp\u00e9rience sans souci.\" \/>\n<meta name=\"robots\" content=\"index, follow, max-snippet:-1, max-image-preview:large, max-video-preview:-1\" \/>\n<link rel=\"canonical\" href=\"https:\/\/cowboyspincasino.com\/fr\/app\/\" \/>\n<meta property=\"og:locale\" content=\"fr_FR\" \/>\n<meta property=\"og:type\" content=\"article\" \/>\n<meta property=\"og:title\" content=\"Cowboyspin Application | Plateformes iOS et Android\" \/>\n<meta property=\"og:description\" content=\"L&#039;application Cowboyspin offre une exp\u00e9rience de jeu fluide sur Android, iOS, Windows et macOS, avec des comptes synchronis\u00e9s, des mises \u00e0 jour r\u00e9guli\u00e8res et un service client int\u00e9gr\u00e9 pour une exp\u00e9rience sans souci.\" \/>\n<meta property=\"og:url\" content=\"https:\/\/cowboyspincasino.com\/fr\/app\/\" \/>\n<meta property=\"og:site_name\" content=\"cowboyspin\" \/>\n<meta property=\"article:modified_time\" content=\"2026-03-16T09:44:50+00:00\" \/>\n<meta name=\"twitter:card\" content=\"summary_large_image\" \/>\n<meta name=\"twitter:label1\" content=\"Dur\u00e9e de lecture estim\u00e9e\" \/>\n\t<meta name=\"twitter:data1\" content=\"2 minutes\" \/>\n<script type=\"application\/ld+json\" class=\"yoast-schema-graph\">{\"@context\":\"https:\\\/\\\/schema.org\",\"@graph\":[{\"@type\":\"WebPage\",\"@id\":\"https:\\\/\\\/cowboyspincasino.com\\\/fr\\\/app\\\/\",\"url\":\"https:\\\/\\\/cowboyspincasino.com\\\/fr\\\/app\\\/\",\"name\":\"Cowboyspin Application | Plateformes iOS et Android\",\"isPartOf\":{\"@id\":\"https:\\\/\\\/cowboyspincasino.com\\\/fr\\\/#website\"},\"datePublished\":\"2026-01-20T12:08:23+00:00\",\"dateModified\":\"2026-03-16T09:44:50+00:00\",\"description\":\"L'application Cowboyspin offre une exp\u00e9rience de jeu fluide sur Android, iOS, Windows et macOS, avec des comptes synchronis\u00e9s, des mises \u00e0 jour r\u00e9guli\u00e8res et un service client int\u00e9gr\u00e9 pour une exp\u00e9rience sans souci.\",\"breadcrumb\":{\"@id\":\"https:\\\/\\\/cowboyspincasino.com\\\/fr\\\/app\\\/#breadcrumb\"},\"inLanguage\":\"fr-FR\",\"potentialAction\":[{\"@type\":\"ReadAction\",\"target\":[\"https:\\\/\\\/cowboyspincasino.com\\\/fr\\\/app\\\/\"]}]},{\"@type\":\"BreadcrumbList\",\"@id\":\"https:\\\/\\\/cowboyspincasino.com\\\/fr\\\/app\\\/#breadcrumb\",\"itemListElement\":[{\"@type\":\"ListItem\",\"position\":1,\"name\":\"Cowboyspin\",\"item\":\"https:\\\/\\\/cowboyspincasino.com\\\/fr\\\/\"},{\"@type\":\"ListItem\",\"position\":2,\"name\":\"App\"}]},{\"@type\":\"WebSite\",\"@id\":\"https:\\\/\\\/cowboyspincasino.com\\\/fr\\\/#website\",\"url\":\"https:\\\/\\\/cowboyspincasino.com\\\/fr\\\/\",\"name\":\"Cowboyspin\",\"description\":\"\",\"publisher\":{\"@id\":\"https:\\\/\\\/cowboyspincasino.com\\\/fr\\\/#organization\"},\"potentialAction\":[{\"@type\":\"SearchAction\",\"target\":{\"@type\":\"EntryPoint\",\"urlTemplate\":\"https:\\\/\\\/cowboyspincasino.com\\\/fr\\\/?s={search_term_string}\"},\"query-input\":{\"@type\":\"PropertyValueSpecification\",\"valueRequired\":true,\"valueName\":\"search_term_string\"}}],\"inLanguage\":\"fr-FR\"},{\"@type\":\"Organization\",\"@id\":\"https:\\\/\\\/cowboyspincasino.com\\\/fr\\\/#organization\",\"name\":\"Cowboyspin\",\"url\":\"https:\\\/\\\/cowboyspincasino.com\\\/fr\\\/\",\"logo\":{\"@type\":\"ImageObject\",\"inLanguage\":\"fr-FR\",\"@id\":\"https:\\\/\\\/cowboyspincasino.com\\\/fr\\\/#\\\/schema\\\/logo\\\/image\\\/\",\"url\":\"https:\\\/\\\/cowboyspincasino.com\\\/wp-content\\\/uploads\\\/2026\\\/03\\\/cowboyspin-logo.png\",\"contentUrl\":\"https:\\\/\\\/cowboyspincasino.com\\\/wp-content\\\/uploads\\\/2026\\\/03\\\/cowboyspin-logo.png\",\"width\":180,\"height\":66,\"caption\":\"Cowboyspin\"},\"image\":{\"@id\":\"https:\\\/\\\/cowboyspincasino.com\\\/fr\\\/#\\\/schema\\\/logo\\\/image\\\/\"}}]}<\/script>\n<!-- \/ Yoast SEO plugin. -->","yoast_head_json":{"title":"Cowboyspin Application | Plateformes iOS et Android","description":"L'application Cowboyspin offre une exp\u00e9rience de jeu fluide sur Android, iOS, Windows et macOS, avec des comptes synchronis\u00e9s, des mises \u00e0 jour r\u00e9guli\u00e8res et un service client int\u00e9gr\u00e9 pour une exp\u00e9rience sans souci.","robots":{"index":"index","follow":"follow","max-snippet":"max-snippet:-1","max-image-preview":"max-image-preview:large","max-video-preview":"max-video-preview:-1"},"canonical":"https:\/\/cowboyspincasino.com\/fr\/app\/","og_locale":"fr_FR","og_type":"article","og_title":"Cowboyspin Application | Plateformes iOS et Android","og_description":"L'application Cowboyspin offre une exp\u00e9rience de jeu fluide sur Android, iOS, Windows et macOS, avec des comptes synchronis\u00e9s, des mises \u00e0 jour r\u00e9guli\u00e8res et un service client int\u00e9gr\u00e9 pour une exp\u00e9rience sans souci.","og_url":"https:\/\/cowboyspincasino.com\/fr\/app\/","og_site_name":"cowboyspin","article_modified_time":"2026-03-16T09:44:50+00:00","twitter_card":"summary_large_image","twitter_misc":{"Dur\u00e9e de lecture estim\u00e9e":"2 minutes"},"schema":{"@context":"https:\/\/schema.org","@graph":[{"@type":"WebPage","@id":"https:\/\/cowboyspincasino.com\/fr\/app\/","url":"https:\/\/cowboyspincasino.com\/fr\/app\/","name":"Cowboyspin Application | Plateformes iOS et Android","isPartOf":{"@id":"https:\/\/cowboyspincasino.com\/fr\/#website"},"datePublished":"2026-01-20T12:08:23+00:00","dateModified":"2026-03-16T09:44:50+00:00","description":"L'application Cowboyspin offre une exp\u00e9rience de jeu fluide sur Android, iOS, Windows et macOS, avec des comptes synchronis\u00e9s, des mises \u00e0 jour r\u00e9guli\u00e8res et un service client int\u00e9gr\u00e9 pour une exp\u00e9rience sans souci.","breadcrumb":{"@id":"https:\/\/cowboyspincasino.com\/fr\/app\/#breadcrumb"},"inLanguage":"fr-FR","potentialAction":[{"@type":"ReadAction","target":["https:\/\/cowboyspincasino.com\/fr\/app\/"]}]},{"@type":"BreadcrumbList","@id":"https:\/\/cowboyspincasino.com\/fr\/app\/#breadcrumb","itemListElement":[{"@type":"ListItem","position":1,"name":"Cowboyspin","item":"https:\/\/cowboyspincasino.com\/fr\/"},{"@type":"ListItem","position":2,"name":"App"}]},{"@type":"WebSite","@id":"https:\/\/cowboyspincasino.com\/fr\/#website","url":"https:\/\/cowboyspincasino.com\/fr\/","name":"Cowboyspin","description":"","publisher":{"@id":"https:\/\/cowboyspincasino.com\/fr\/#organization"},"potentialAction":[{"@type":"SearchAction","target":{"@type":"EntryPoint","urlTemplate":"https:\/\/cowboyspincasino.com\/fr\/?s={search_term_string}"},"query-input":{"@type":"PropertyValueSpecification","valueRequired":true,"valueName":"search_term_string"}}],"inLanguage":"fr-FR"},{"@type":"Organization","@id":"https:\/\/cowboyspincasino.com\/fr\/#organization","name":"Cowboyspin","url":"https:\/\/cowboyspincasino.com\/fr\/","logo":{"@type":"ImageObject","inLanguage":"fr-FR","@id":"https:\/\/cowboyspincasino.com\/fr\/#\/schema\/logo\/image\/","url":"https:\/\/cowboyspincasino.com\/wp-content\/uploads\/2026\/03\/cowboyspin-logo.png","contentUrl":"https:\/\/cowboyspincasino.com\/wp-content\/uploads\/2026\/03\/cowboyspin-logo.png","width":180,"height":66,"caption":"Cowboyspin"},"image":{"@id":"https:\/\/cowboyspincasino.com\/fr\/#\/schema\/logo\/image\/"}}]}},"_links":{"self":[{"href":"https:\/\/cowboyspincasino.com\/fr\/wp-json\/wp\/v2\/pages\/1440","targetHints":{"allow":["GET"]}}],"collection":[{"href":"https:\/\/cowboyspincasino.com\/fr\/wp-json\/wp\/v2\/pages"}],"about":[{"href":"https:\/\/cowboyspincasino.com\/fr\/wp-json\/wp\/v2\/types\/page"}],"author":[{"embeddable":true,"href":"https:\/\/cowboyspincasino.com\/fr\/wp-json\/wp\/v2\/users\/1"}],"replies":[{"embeddable":true,"href":"https:\/\/cowboyspincasino.com\/fr\/wp-json\/wp\/v2\/comments?post=1440"}],"version-history":[{"count":3,"href":"https:\/\/cowboyspincasino.com\/fr\/wp-json\/wp\/v2\/pages\/1440\/revisions"}],"predecessor-version":[{"id":2037,"href":"https:\/\/cowboyspincasino.com\/fr\/wp-json\/wp\/v2\/pages\/1440\/revisions\/2037"}],"wp:attachment":[{"href":"https:\/\/cowboyspincasino.com\/fr\/wp-json\/wp\/v2\/media?parent=1440"}],"curies":[{"name":"wp","href":"https:\/\/api.w.org\/{rel}","templated":true}]}}