{"id":1487,"date":"2026-01-20T12:11:11","date_gmt":"2026-01-20T12:11:11","guid":{"rendered":"https:\/\/bonuskongcasino.com\/login-and-registration\/"},"modified":"2026-03-16T11:24:42","modified_gmt":"2026-03-16T11:24:42","slug":"inicio-de-sesion-y-registro","status":"publish","type":"page","link":"https:\/\/cowboyspincasino.com\/es\/inicio-de-sesion-y-registro\/","title":{"rendered":"Inicio de sesi\u00f3n y Registro"},"content":{"rendered":"<h1>Inicio de sesi\u00f3n y registro en Cowboyspin<\/h1>\n<p>Para empezar a jugar, debes seguir el procedimiento de Cowboyspin login. El proceso se realiza de tal manera que no lleva tiempo adicional y solo requiere tu identificaci\u00f3n. Ten en cuenta que este procedimiento solo est\u00e1 disponible para los espa\u00f1oles que hayan alcanzado la mayor\u00eda de edad.<\/p>\n<p><div class=\"banner-wrap\" aria-label=\"Banner\"><img src=\"https:\/\/cowboyspincasino.com\/wp-content\/uploads\/2026\/03\/banner-desktop2x.webp\" class=\"w-100 d-none d-lg-block img-pc main-banner-img\" alt=\"Cowboyspin bonus desktop\" fetchpriority=\"high\" decoding=\"async\"><img src=\"https:\/\/cowboyspincasino.com\/wp-content\/uploads\/2026\/03\/banner-mobile2x.webp\" class=\"w-100 d-none d-md-block d-lg-none main-banner-img\" alt=\"banner-mobile2x\" fetchpriority=\"high\" decoding=\"async\"><img src=\"https:\/\/cowboyspincasino.com\/wp-content\/uploads\/2026\/03\/banner-mobile2x.webp\" class=\"w-100 d-md-none\" alt=\"banner-mobile2x\" fetchpriority=\"high\" decoding=\"async\"><div class=\"banner-description\">\n<div class=\"banner-title\">Bonos de bienvenida<\/div>\n<p class=\"banner-header-title\">1500 \u20ac<\/p>\n<div class=\"banner-header-AdditionalText\">+ 250 Tiradas gratis<\/div>\n<button data-item=\"homepage_banner_link\" class=\"goto m-button m-gradient-border m-button--primary m-button--large banner-button btn-orange\">\n            <div class=\"m-button-content\">\n                <span>Reg\u00edstrate ahora<\/span>\n                <span><\/span>\n            <\/div>\n        <\/button>\n<\/div>\n<div class=\"WelcomePack\">\n<p><img loading=\"lazy\" decoding=\"async\" class=\"alignnone size-full wp-image-1833\" src=\"https:\/\/cowboyspincasino.com\/wp-content\/uploads\/2026\/03\/welcome-crown.png\" alt=\"cronw\" width=\"25\" height=\"26\" \/><\/p>\n<div class=\"WelcomePack-Info\">Reembolso semanal de hasta el 25 %<\/div>\n<p><img loading=\"lazy\" decoding=\"async\" class=\"alignnone size-full wp-image-1833\" src=\"https:\/\/cowboyspincasino.com\/wp-content\/uploads\/2026\/03\/welcome-crown.png\" alt=\"cronw\" width=\"25\" height=\"26\" \/><\/p>\n<\/div>\n<\/div><div class=\"scrollable-content-wrap my-5\"><div class=\"scrollable-content-inner\"><h2>Registro de nuevos usuarios en Cowboy Spin<\/h2>\n<p>Al registrar una nueva cuenta en Cowboyspin Casino, tendr\u00e1s acceso completo a todos los juegos, promociones y otras funciones de la plataforma. Despu\u00e9s de iniciar sesi\u00f3n, todos los nuevos jugadores pueden recibir el paquete de bienvenida: hasta 1.500 \u20ac + 250 tiradas gratis. Tambi\u00e9n estar\u00e1n disponibles todas las dem\u00e1s promociones.<\/p>\n<p>Los usuarios obtienen acceso completo a juegos de alta calidad de proveedores de primer nivel, opciones de dep\u00f3sito y retirada, y acceso a una cuenta personal que ofrece funciones adicionales para una experiencia de juego c\u00f3moda y selectiva.<\/p>\n<h3>Crea tu cuenta<\/h3>\n<p>Para crear una cuenta en Cowboyspin, sigue estos sencillos pasos:<\/p>\n<ol>\n<li>Para acceder al formulario de registro, haz clic en el bot\u00f3n \u00abReg\u00edstrate\u00bb de la p\u00e1gina de inicio.<\/li>\n<li>Introduce tu direcci\u00f3n de correo electr\u00f3nico y elige una contrase\u00f1a.<\/li>\n<li>Utilice un c\u00f3digo promocional si tiene uno.<\/li>\n<li>Confirma que eres mayor de 18 a\u00f1os y acepta los t\u00e9rminos y condiciones.<\/li>\n<li>Haz clic en \u00abReg\u00edstrate\u00bb para completar tu registro.<\/li>\n<\/ol>\n<p>Este proceso se puede simplificar a\u00fan m\u00e1s haciendo clic en el bot\u00f3n \u00abContinuar con Google\u00bb. Al hacer clic en este bot\u00f3n, se saltar\u00e1 el formulario manual y podr\u00e1 completar el registro inmediatamente.<\/p>\n<p>Recuerda que, al crear una cuenta en Cowboy Spin, debes leer los t\u00e9rminos y condiciones y aceptar la pol\u00edtica de privacidad del sitio web.<\/p>\n<p><img loading=\"lazy\" decoding=\"async\" class=\"alignnone size-full wp-image-1929\" src=\"https:\/\/cowboyspincasino.com\/wp-content\/uploads\/2026\/03\/Cowboyspin.webp\" alt=\"Cowboyspin login\" width=\"1248\" height=\"536\" srcset=\"https:\/\/cowboyspincasino.com\/wp-content\/uploads\/2026\/03\/Cowboyspin.webp 1248w, https:\/\/cowboyspincasino.com\/wp-content\/uploads\/2026\/03\/Cowboyspin-300x129.webp 300w, https:\/\/cowboyspincasino.com\/wp-content\/uploads\/2026\/03\/Cowboyspin-1024x440.webp 1024w, https:\/\/cowboyspincasino.com\/wp-content\/uploads\/2026\/03\/Cowboyspin-768x330.webp 768w\" sizes=\"auto, (max-width: 1248px) 100vw, 1248px\" \/><\/p>\n<h2>Uso de una cuenta de Cowboyspin<\/h2>\n<p>Una vez que se haya registrado, solo tiene que iniciar sesi\u00f3n en su cuenta para acceder a ella. Esto es lo que debe hacer para completar el procedimiento de inicio de sesi\u00f3n en Cowboyspin:<\/p>\n<ol>\n<li>Haga clic en el bot\u00f3n de inicio de sesi\u00f3n situado en la parte superior derecha de la p\u00e1gina.<\/li>\n<li>Introduce los datos que utilizaste al registrarte o accede a trav\u00e9s de Google.<\/li>\n<li>Despu\u00e9s de comprobar todo, haz clic en el enlace de confirmaci\u00f3n al final del formulario.<\/li>\n<\/ol>\n<p>Una vez que haya iniciado sesi\u00f3n, tendr\u00e1 control total sobre sus datos personales y de juego. Podr\u00e1 cambiar f\u00e1cilmente la informaci\u00f3n de su perfil, realizar dep\u00f3sitos y retiradas, ver un registro de sus transacciones y consultar las bonificaciones y ofertas que solo est\u00e1n disponibles para usted desde el panel de control de su cuenta de Cowboyspin.<\/p>\n<h3>Verificaci\u00f3n y seguridad de la cuenta de Cowboy Spin<\/h3>\n<p>Nuestro sitio web sigue estrictas normas de seguridad para mantener seguras las cuentas de los jugadores y su informaci\u00f3n personal. Esto se lleva a cabo mediante un proceso de verificaci\u00f3n completo. El sistema \u00abConozca a su cliente\u00bb (KYC) comprueba el nombre de una persona antes de que pueda realizar un retiro. Esta funci\u00f3n bloquea el fraude y el acceso de menores de 18 a\u00f1os y garantiza el cumplimiento de las normas. El sistema de seguridad multicapa de Cowboyspin incluye cifrado avanzado, supervisi\u00f3n en tiempo real y auditor\u00edas independientes para garantizar que su experiencia de juego sea completamente segura.<\/p>\n<table>\n<tbody>\n<tr>\n<td>Medida de seguridad<\/td>\n<td>Finalidad<\/td>\n<\/tr>\n<tr>\n<td>Cifrado TLS 1.3<\/td>\n<td>Protege todas las transmisiones de datos<\/td>\n<\/tr>\n<tr>\n<td>Autenticaci\u00f3n de dos factores<\/td>\n<td>Evita el acceso no autorizado a la cuenta<\/td>\n<\/tr>\n<tr>\n<td>Verificaci\u00f3n KYC<\/td>\n<td>Confirma la identidad y la edad del jugador<\/td>\n<\/tr>\n<tr>\n<td>Certificaci\u00f3n RNG<\/td>\n<td>Garantiza resultados justos en los juegos<\/td>\n<\/tr>\n<tr>\n<td>Supervisi\u00f3n de fraudes 24\/7<\/td>\n<td>Detecta actividades sospechosas al instante<\/td>\n<\/tr>\n<\/tbody>\n<\/table>\n<h3>\u00bfHa olvidado su contrase\u00f1a?<\/h3>\n<p>Sabemos que a veces pueden surgir dificultades inesperadas con el inicio de sesi\u00f3n en Cowboyspin. La mayor\u00eda de las veces, esto ocurre porque ha introducido la contrase\u00f1a incorrectamente. Si inicia sesi\u00f3n con Google, pueden surgir problemas con la selecci\u00f3n de una cuenta que no est\u00e1 vinculada a Cowboyspin Casino.<\/p>\n<p>Para empezar a cambiar la contrase\u00f1a, haz clic en \u00ab\u00bfHas olvidado tu contrase\u00f1a?\u00bb debajo del bot\u00f3n \u00abIniciar sesi\u00f3n\u00bb. Intenta iniciar sesi\u00f3n de nuevo con los nuevos datos.<\/p>\n<p>Si este procedimiento no le ha ayudado, es posible que el problema est\u00e9 de nuestra parte. Siempre puede ponerse en contacto con nuestro equipo de asistencia a trav\u00e9s del chat en vivo. Si el chat en vivo no est\u00e1 disponible en su idioma, le proporcionaremos asistencia multiling\u00fce a trav\u00e9s del formulario de correo electr\u00f3nico.<\/p>\n<h2>Preguntas frecuentes<\/h2>\n<h3>\u00bfPuedo crear varias cuentas en Cowboyspin Casino?<\/h3>\n<p>No, Cowboyspin solo permite una cuenta por jugador, direcci\u00f3n IP y dispositivo. Crear varios perfiles infringe nuestros t\u00e9rminos de servicio y dar\u00e1 lugar al bloqueo permanente con la p\u00e9rdida de todos los fondos y bonificaciones de las cuentas.<\/p>\n<h3>\u00bfQu\u00e9 debo hacer si no puedo acceder a mi correo electr\u00f3nico registrado?<\/h3>\n<p>Si no puede acceder a la direcci\u00f3n de correo electr\u00f3nico vinculada a su cuenta de Cowboy Spin, utilice el chat en vivo para ponerse en contacto con nuestro equipo de asistencia de inmediato. Los representantes le guiar\u00e1n a trav\u00e9s de los pasos para confirmar su identidad, de modo que pueda cambiar de forma segura su informaci\u00f3n de contacto y volver a acceder a su cuenta sin infringir ninguna norma de seguridad.<\/p>\n<h3>\u00bfCowboyspin Casino ofrece juegos de demostraci\u00f3n sin necesidad de registrarse?<\/h3>\n<p>S\u00ed, nuestro sitio web tiene versiones demo de algunos juegos de tragamonedas que se cargan inmediatamente y no requieren que crees una cuenta ni completes el inicio de sesi\u00f3n en Cowboyspin. Antes de registrarse, los jugadores pueden probar la mec\u00e1nica, los temas y las caracter\u00edsticas del juego sin ning\u00fan riesgo. Debes completar el registro para tener acceso completo a los juegos con dinero real, los retiros y las promociones.<\/p>\n<\/div><\/div><\/p>\n","protected":false},"excerpt":{"rendered":"<p>Inicio de sesi\u00f3n y registro en Cowboyspin Para empezar a jugar, debes seguir el procedimiento de Cowboyspin login. El proceso se realiza de tal manera que no lleva tiempo adicional y solo requiere tu identificaci\u00f3n. Ten en cuenta que este procedimiento solo est\u00e1 disponible para los espa\u00f1oles que hayan alcanzado la mayor\u00eda de edad.<\/p>\n","protected":false},"author":1,"featured_media":0,"parent":0,"menu_order":0,"comment_status":"closed","ping_status":"closed","template":"template-builder.php","meta":{"_acf_changed":false,"inline_featured_image":false,"footnotes":""},"class_list":["post-1487","page","type-page","status-publish","hentry"],"acf":[],"yoast_head":"<!-- This site is optimized with the Yoast SEO plugin v27.3 - https:\/\/yoast.com\/product\/yoast-seo-wordpress\/ -->\n<title>Cowboyspin Inicio de sesi\u00f3n y registro<\/title>\n<meta name=\"description\" content=\"Crea, gestiona y verifica tu cuenta Cowboyspin sin esfuerzo. Disfruta de un registro r\u00e1pido, una recuperaci\u00f3n de cuenta sencilla y un cierre seguro con Cowboyspin Login, que mantiene tu cuenta protegida las 24 horas del d\u00eda.\" \/>\n<meta name=\"robots\" content=\"index, follow, max-snippet:-1, max-image-preview:large, max-video-preview:-1\" \/>\n<link rel=\"canonical\" href=\"https:\/\/cowboyspincasino.com\/es\/inicio-de-sesion-y-registro\/\" \/>\n<meta property=\"og:locale\" content=\"es_ES\" \/>\n<meta property=\"og:type\" content=\"article\" \/>\n<meta property=\"og:title\" content=\"Cowboyspin Inicio de sesi\u00f3n y registro\" \/>\n<meta property=\"og:description\" content=\"Crea, gestiona y verifica tu cuenta Cowboyspin sin esfuerzo. Disfruta de un registro r\u00e1pido, una recuperaci\u00f3n de cuenta sencilla y un cierre seguro con Cowboyspin Login, que mantiene tu cuenta protegida las 24 horas del d\u00eda.\" \/>\n<meta property=\"og:url\" content=\"https:\/\/cowboyspincasino.com\/es\/inicio-de-sesion-y-registro\/\" \/>\n<meta property=\"og:site_name\" content=\"cowboyspin\" \/>\n<meta property=\"article:modified_time\" content=\"2026-03-16T11:24:42+00:00\" \/>\n<meta name=\"twitter:card\" content=\"summary_large_image\" \/>\n<meta name=\"twitter:label1\" content=\"Est. reading time\" \/>\n\t<meta name=\"twitter:data1\" content=\"1 minute\" \/>\n<script type=\"application\/ld+json\" class=\"yoast-schema-graph\">{\"@context\":\"https:\\\/\\\/schema.org\",\"@graph\":[{\"@type\":\"WebPage\",\"@id\":\"https:\\\/\\\/cowboyspincasino.com\\\/es\\\/inicio-de-sesion-y-registro\\\/\",\"url\":\"https:\\\/\\\/cowboyspincasino.com\\\/es\\\/inicio-de-sesion-y-registro\\\/\",\"name\":\"Cowboyspin Inicio de sesi\u00f3n y registro\",\"isPartOf\":{\"@id\":\"https:\\\/\\\/cowboyspincasino.com\\\/es\\\/#website\"},\"datePublished\":\"2026-01-20T12:11:11+00:00\",\"dateModified\":\"2026-03-16T11:24:42+00:00\",\"description\":\"Crea, gestiona y verifica tu cuenta Cowboyspin sin esfuerzo. Disfruta de un registro r\u00e1pido, una recuperaci\u00f3n de cuenta sencilla y un cierre seguro con Cowboyspin Login, que mantiene tu cuenta protegida las 24 horas del d\u00eda.\",\"breadcrumb\":{\"@id\":\"https:\\\/\\\/cowboyspincasino.com\\\/es\\\/inicio-de-sesion-y-registro\\\/#breadcrumb\"},\"inLanguage\":\"es-ES\",\"potentialAction\":[{\"@type\":\"ReadAction\",\"target\":[\"https:\\\/\\\/cowboyspincasino.com\\\/es\\\/inicio-de-sesion-y-registro\\\/\"]}]},{\"@type\":\"BreadcrumbList\",\"@id\":\"https:\\\/\\\/cowboyspincasino.com\\\/es\\\/inicio-de-sesion-y-registro\\\/#breadcrumb\",\"itemListElement\":[{\"@type\":\"ListItem\",\"position\":1,\"name\":\"Cowboyspin\",\"item\":\"https:\\\/\\\/cowboyspincasino.com\\\/es\\\/\"},{\"@type\":\"ListItem\",\"position\":2,\"name\":\"Inicio de sesi\u00f3n y Registro\"}]},{\"@type\":\"WebSite\",\"@id\":\"https:\\\/\\\/cowboyspincasino.com\\\/es\\\/#website\",\"url\":\"https:\\\/\\\/cowboyspincasino.com\\\/es\\\/\",\"name\":\"Cowboyspin\",\"description\":\"\",\"publisher\":{\"@id\":\"https:\\\/\\\/cowboyspincasino.com\\\/es\\\/#organization\"},\"potentialAction\":[{\"@type\":\"SearchAction\",\"target\":{\"@type\":\"EntryPoint\",\"urlTemplate\":\"https:\\\/\\\/cowboyspincasino.com\\\/es\\\/?s={search_term_string}\"},\"query-input\":{\"@type\":\"PropertyValueSpecification\",\"valueRequired\":true,\"valueName\":\"search_term_string\"}}],\"inLanguage\":\"es-ES\"},{\"@type\":\"Organization\",\"@id\":\"https:\\\/\\\/cowboyspincasino.com\\\/es\\\/#organization\",\"name\":\"Cowboyspin\",\"url\":\"https:\\\/\\\/cowboyspincasino.com\\\/es\\\/\",\"logo\":{\"@type\":\"ImageObject\",\"inLanguage\":\"es-ES\",\"@id\":\"https:\\\/\\\/cowboyspincasino.com\\\/es\\\/#\\\/schema\\\/logo\\\/image\\\/\",\"url\":\"https:\\\/\\\/cowboyspincasino.com\\\/wp-content\\\/uploads\\\/2026\\\/03\\\/cowboyspin-logo.png\",\"contentUrl\":\"https:\\\/\\\/cowboyspincasino.com\\\/wp-content\\\/uploads\\\/2026\\\/03\\\/cowboyspin-logo.png\",\"width\":180,\"height\":66,\"caption\":\"Cowboyspin\"},\"image\":{\"@id\":\"https:\\\/\\\/cowboyspincasino.com\\\/es\\\/#\\\/schema\\\/logo\\\/image\\\/\"}}]}<\/script>\n<!-- \/ Yoast SEO plugin. -->","yoast_head_json":{"title":"Cowboyspin Inicio de sesi\u00f3n y registro","description":"Crea, gestiona y verifica tu cuenta Cowboyspin sin esfuerzo. Disfruta de un registro r\u00e1pido, una recuperaci\u00f3n de cuenta sencilla y un cierre seguro con Cowboyspin Login, que mantiene tu cuenta protegida las 24 horas del d\u00eda.","robots":{"index":"index","follow":"follow","max-snippet":"max-snippet:-1","max-image-preview":"max-image-preview:large","max-video-preview":"max-video-preview:-1"},"canonical":"https:\/\/cowboyspincasino.com\/es\/inicio-de-sesion-y-registro\/","og_locale":"es_ES","og_type":"article","og_title":"Cowboyspin Inicio de sesi\u00f3n y registro","og_description":"Crea, gestiona y verifica tu cuenta Cowboyspin sin esfuerzo. Disfruta de un registro r\u00e1pido, una recuperaci\u00f3n de cuenta sencilla y un cierre seguro con Cowboyspin Login, que mantiene tu cuenta protegida las 24 horas del d\u00eda.","og_url":"https:\/\/cowboyspincasino.com\/es\/inicio-de-sesion-y-registro\/","og_site_name":"cowboyspin","article_modified_time":"2026-03-16T11:24:42+00:00","twitter_card":"summary_large_image","twitter_misc":{"Est. reading time":"1 minute"},"schema":{"@context":"https:\/\/schema.org","@graph":[{"@type":"WebPage","@id":"https:\/\/cowboyspincasino.com\/es\/inicio-de-sesion-y-registro\/","url":"https:\/\/cowboyspincasino.com\/es\/inicio-de-sesion-y-registro\/","name":"Cowboyspin Inicio de sesi\u00f3n y registro","isPartOf":{"@id":"https:\/\/cowboyspincasino.com\/es\/#website"},"datePublished":"2026-01-20T12:11:11+00:00","dateModified":"2026-03-16T11:24:42+00:00","description":"Crea, gestiona y verifica tu cuenta Cowboyspin sin esfuerzo. Disfruta de un registro r\u00e1pido, una recuperaci\u00f3n de cuenta sencilla y un cierre seguro con Cowboyspin Login, que mantiene tu cuenta protegida las 24 horas del d\u00eda.","breadcrumb":{"@id":"https:\/\/cowboyspincasino.com\/es\/inicio-de-sesion-y-registro\/#breadcrumb"},"inLanguage":"es-ES","potentialAction":[{"@type":"ReadAction","target":["https:\/\/cowboyspincasino.com\/es\/inicio-de-sesion-y-registro\/"]}]},{"@type":"BreadcrumbList","@id":"https:\/\/cowboyspincasino.com\/es\/inicio-de-sesion-y-registro\/#breadcrumb","itemListElement":[{"@type":"ListItem","position":1,"name":"Cowboyspin","item":"https:\/\/cowboyspincasino.com\/es\/"},{"@type":"ListItem","position":2,"name":"Inicio de sesi\u00f3n y Registro"}]},{"@type":"WebSite","@id":"https:\/\/cowboyspincasino.com\/es\/#website","url":"https:\/\/cowboyspincasino.com\/es\/","name":"Cowboyspin","description":"","publisher":{"@id":"https:\/\/cowboyspincasino.com\/es\/#organization"},"potentialAction":[{"@type":"SearchAction","target":{"@type":"EntryPoint","urlTemplate":"https:\/\/cowboyspincasino.com\/es\/?s={search_term_string}"},"query-input":{"@type":"PropertyValueSpecification","valueRequired":true,"valueName":"search_term_string"}}],"inLanguage":"es-ES"},{"@type":"Organization","@id":"https:\/\/cowboyspincasino.com\/es\/#organization","name":"Cowboyspin","url":"https:\/\/cowboyspincasino.com\/es\/","logo":{"@type":"ImageObject","inLanguage":"es-ES","@id":"https:\/\/cowboyspincasino.com\/es\/#\/schema\/logo\/image\/","url":"https:\/\/cowboyspincasino.com\/wp-content\/uploads\/2026\/03\/cowboyspin-logo.png","contentUrl":"https:\/\/cowboyspincasino.com\/wp-content\/uploads\/2026\/03\/cowboyspin-logo.png","width":180,"height":66,"caption":"Cowboyspin"},"image":{"@id":"https:\/\/cowboyspincasino.com\/es\/#\/schema\/logo\/image\/"}}]}},"_links":{"self":[{"href":"https:\/\/cowboyspincasino.com\/es\/wp-json\/wp\/v2\/pages\/1487","targetHints":{"allow":["GET"]}}],"collection":[{"href":"https:\/\/cowboyspincasino.com\/es\/wp-json\/wp\/v2\/pages"}],"about":[{"href":"https:\/\/cowboyspincasino.com\/es\/wp-json\/wp\/v2\/types\/page"}],"author":[{"embeddable":true,"href":"https:\/\/cowboyspincasino.com\/es\/wp-json\/wp\/v2\/users\/1"}],"replies":[{"embeddable":true,"href":"https:\/\/cowboyspincasino.com\/es\/wp-json\/wp\/v2\/comments?post=1487"}],"version-history":[{"count":3,"href":"https:\/\/cowboyspincasino.com\/es\/wp-json\/wp\/v2\/pages\/1487\/revisions"}],"predecessor-version":[{"id":2080,"href":"https:\/\/cowboyspincasino.com\/es\/wp-json\/wp\/v2\/pages\/1487\/revisions\/2080"}],"wp:attachment":[{"href":"https:\/\/cowboyspincasino.com\/es\/wp-json\/wp\/v2\/media?parent=1487"}],"curies":[{"name":"wp","href":"https:\/\/api.w.org\/{rel}","templated":true}]}}