{"id":1449,"date":"2026-01-20T12:08:23","date_gmt":"2026-01-20T12:08:23","guid":{"rendered":"https:\/\/bonuskongcasino.com\/app-2\/"},"modified":"2026-03-16T11:22:42","modified_gmt":"2026-03-16T11:22:42","slug":"aplicacion","status":"publish","type":"page","link":"https:\/\/cowboyspincasino.com\/es\/aplicacion\/","title":{"rendered":"Aplicaci\u00f3n"},"content":{"rendered":"<h1>Plataforma m\u00f3vil Cowboyspin<\/h1>\n<p>Cowboyspin App ofrece a los jugadores espa\u00f1oles la misma experiencia de juego que la versi\u00f3n de escritorio y, en ocasiones, incluso una mejorada. La funcionalidad se transfiere exactamente desde la versi\u00f3n de escritorio, por lo que puede estar seguro de que no se perder\u00e1 nada importante. Nuestro casino m\u00f3vil cuenta con una biblioteca de juegos que incluye populares tragamonedas en l\u00ednea y una variada secci\u00f3n de casino en vivo, as\u00ed como todo tipo de juegos. La Cowboyspin App es totalmente gratuita y est\u00e1 disponible tanto para sistemas iOS como Android, y tambi\u00e9n se puede instalar en un ordenador de escritorio.<\/p>\n<div class=\"banner-wrap\" aria-label=\"Banner\"><img src=\"https:\/\/cowboyspincasino.com\/wp-content\/uploads\/2026\/03\/banner-desktop2x.webp\" class=\"w-100 d-none d-lg-block img-pc main-banner-img\" alt=\"Cowboyspin bonus desktop\" fetchpriority=\"high\" decoding=\"async\"><img src=\"https:\/\/cowboyspincasino.com\/wp-content\/uploads\/2026\/03\/banner-mobile2x.webp\" class=\"w-100 d-none d-md-block d-lg-none main-banner-img\" alt=\"banner-mobile2x\" fetchpriority=\"high\" decoding=\"async\"><img src=\"https:\/\/cowboyspincasino.com\/wp-content\/uploads\/2026\/03\/banner-mobile2x.webp\" class=\"w-100 d-md-none\" alt=\"banner-mobile2x\" fetchpriority=\"high\" decoding=\"async\"><div class=\"banner-description\">\n<div class=\"banner-title\">Bonos de bienvenida<\/div>\n<p class=\"banner-header-title\">1500 \u20ac<\/p>\n<div class=\"banner-header-AdditionalText\">+ 250 Tiradas gratis<\/div>\n<button data-item=\"homepage_banner_link\" class=\"goto m-button m-gradient-border m-button--primary m-button--large banner-button btn-orange\">\n            <div class=\"m-button-content\">\n                <span>Reg\u00edstrate ahora<\/span>\n                <span><\/span>\n            <\/div>\n        <\/button>\n<\/div>\n<div class=\"WelcomePack\">\n<p><img loading=\"lazy\" decoding=\"async\" class=\"alignnone size-full wp-image-1833\" src=\"https:\/\/cowboyspincasino.com\/wp-content\/uploads\/2026\/03\/welcome-crown.png\" alt=\"cronw\" width=\"25\" height=\"26\" \/><\/p>\n<div class=\"WelcomePack-Info\">Reembolso semanal de hasta el 25 %<\/div>\n<p><img loading=\"lazy\" decoding=\"async\" class=\"alignnone size-full wp-image-1833\" src=\"https:\/\/cowboyspincasino.com\/wp-content\/uploads\/2026\/03\/welcome-crown.png\" alt=\"cronw\" width=\"25\" height=\"26\" \/><\/p>\n<\/div>\n<\/div>\n<h2>Usar Cowboyspin en el m\u00f3vil<\/h2>\n<p>Hemos creado un software m\u00f3vil para que, cuando apartes la vista del juego m\u00f3vil, no notes la diferencia. La Cowboyspin App es un acceso directo para iniciar nuestra versi\u00f3n principal del sitio; se denomina aplicaci\u00f3n web progresiva (PWA). Todas las caracter\u00edsticas y ventajas de la edici\u00f3n de escritorio tambi\u00e9n est\u00e1n disponibles. Despu\u00e9s de instalar el software m\u00f3vil, no necesitas hacer nada m\u00e1s ni visitar el sitio web, ya que el acceso directo permanecer\u00e1 en la pantalla de inicio.<\/p>\n<p>Hemos comparado las ventajas de nuestra versi\u00f3n m\u00f3vil de Cowboyspin con la versi\u00f3n para PC, y estos son los puntos que podemos destacar:<\/p>\n<table>\n<tbody>\n<tr>\n<td>Ventaja<\/td>\n<td>Descripci\u00f3n<\/td>\n<\/tr>\n<tr>\n<td>Movilidad<\/td>\n<td>No tienes que sentarte en tu escritorio ni siquiera sentarte, porque la versi\u00f3n m\u00f3vil de Cowboyspin Casino est\u00e1 siempre y en todas partes disponible. Caminar, viajar y otras actividades no interferir\u00e1n con tu acceso.<\/td>\n<\/tr>\n<tr>\n<td>Velocidad<\/td>\n<td>Encender el ordenador y sentarse a la mesa lleva tiempo. Cuando no hay tiempo ni oportunidad para hacerlo, la aplicaci\u00f3n m\u00f3vil siempre est\u00e1 ah\u00ed para ti; solo tienes que sacar el tel\u00e9fono del bolsillo y acceder a todas las funciones de la plataforma Cowboy Spin en cuesti\u00f3n de segundos.<\/td>\n<\/tr>\n<tr>\n<td>Notificaciones push<\/td>\n<td>S\u00e9 uno de los primeros en recibir la informaci\u00f3n m\u00e1s reciente sobre nuevas promociones y ofertas especiales en Cowboyspin Casino. Las notificaciones m\u00f3viles te evitar\u00e1n perderte nada importante.<\/td>\n<\/tr>\n<\/tbody>\n<\/table>\n<p><div class=\"scrollable-content-wrap my-5\"><div class=\"scrollable-content-inner\"><h2>Aplicaci\u00f3n m\u00f3vil Cowboyspin para Android<\/h2>\n<p>Acceder a la Cowboyspin App en Android es f\u00e1cil y no requiere la descarga de software de terceros. El cliente PWA va directamente a la versi\u00f3n web de nuestro sitio web, por lo que no ocupa espacio adicional en el dispositivo.<\/p>\n<p>Estos son los pasos para instalar la aplicaci\u00f3n Cowboyspin Casino en tu dispositivo Android:<\/p>\n<ol>\n<li>Inicia sesi\u00f3n en el sitio web a trav\u00e9s del navegador de tu dispositivo.<\/li>\n<li>Ve a la configuraci\u00f3n del navegador y selecciona la opci\u00f3n \u00abA\u00f1adir a la pantalla de inicio\u00bb.<\/li>\n<li>Haz clic en el bot\u00f3n e inicia el proceso de instalaci\u00f3n.<\/li>\n<li>Vuelve a la pantalla principal y espera a que se complete la instalaci\u00f3n.<\/li>\n<\/ol>\n<p>Despu\u00e9s de estos sencillos pasos, cuando Cowboy Spin aparezca en la pantalla de tu tel\u00e9fono, podr\u00e1s iniciar sesi\u00f3n en la aplicaci\u00f3n. Dado que est\u00e1s iniciando sesi\u00f3n en tu cuenta, aseg\u00farate de haber completado el proceso de verificaci\u00f3n, realiza tu dep\u00f3sito utilizando el m\u00e9todo que prefieras y comienza a jugar. Si encuentras alguna dificultad durante cualquiera de los pasos anteriores, siempre puedes ponerte en contacto con nuestro equipo de asistencia a trav\u00e9s del chat en vivo.<\/p>\n<p><img loading=\"lazy\" decoding=\"async\" class=\"alignnone size-full wp-image-1897\" src=\"https:\/\/cowboyspincasino.com\/wp-content\/uploads\/2026\/03\/Cowboyspin-Android-App.webp\" alt=\"Cowboyspin Android App\" width=\"1248\" height=\"536\" srcset=\"https:\/\/cowboyspincasino.com\/wp-content\/uploads\/2026\/03\/Cowboyspin-Android-App.webp 1248w, https:\/\/cowboyspincasino.com\/wp-content\/uploads\/2026\/03\/Cowboyspin-Android-App-300x129.webp 300w, https:\/\/cowboyspincasino.com\/wp-content\/uploads\/2026\/03\/Cowboyspin-Android-App-1024x440.webp 1024w, https:\/\/cowboyspincasino.com\/wp-content\/uploads\/2026\/03\/Cowboyspin-Android-App-768x330.webp 768w\" sizes=\"auto, (max-width: 1248px) 100vw, 1248px\" \/><\/p>\n<\/div><\/div><div style=\"clear: both\"><\/div><div class=\"d-flex justify-content-center\"><button data-item=\"decouvrez_link\" data-group=\"website_links\" class=\"goto fw-bold rounded-pill btn btn-orange\" aria-label=\"Descarga la aplicaci\u00f3n Cowboyspin\" >Descarga la aplicaci\u00f3n Cowboyspin<\/button><\/div><div class=\"scrollable-content-wrap my-5\"><div class=\"scrollable-content-inner\"><h2>C\u00f3mo funciona nuestra aplicaci\u00f3n en tu dispositivo<\/h2>\n<p>Consideramos que el formato de aplicaci\u00f3n web progresiva (PWA) es m\u00e1s f\u00e1cil de usar y seguro, por lo que lo hemos seleccionado. Nuestra aplicaci\u00f3n PWA, a diferencia de la Cowboyspin APK, no ocupa espacio en tu dispositivo, lo que tambi\u00e9n la convierte en una opci\u00f3n m\u00e1s recomendable. La velocidad de procesamiento de la informaci\u00f3n dentro de la aplicaci\u00f3n tambi\u00e9n es mucho mayor que en software similar, lo que te permite acceder a tus juegos favoritos m\u00e1s r\u00e1pidamente.<\/p>\n<p>Descargar archivos de sitios web de terceros es muy peligroso para su seguridad, ya que pueden contener malware que puede da\u00f1ar su dispositivo y comprometer su informaci\u00f3n personal. Por estas razones, el Cowboyspin Casino solo est\u00e1 disponible en formato PWA. Nuestra PWA hace lo mismo, pero no lo pone en riesgo de esta manera.<\/p>\n<h2>Aplicaci\u00f3n m\u00f3vil Cowboyspin para iOS<\/h2>\n<p>El proceso de instalaci\u00f3n de Cowboy Spin en iOS no es complicado. Es casi igual que en Android y tampoco requiere la App Store para su descarga. Todo lo que tienes que hacer es abrir Cowboyspin Casino con el navegador Safari, ir a la configuraci\u00f3n del navegador, hacer clic en el bot\u00f3n \u00abA\u00f1adir a la pantalla de inicio\u00bb y esperar a que aparezca el acceso directo.<\/p>\n<p><img loading=\"lazy\" decoding=\"async\" class=\"alignnone size-full wp-image-1921\" src=\"https:\/\/cowboyspincasino.com\/wp-content\/uploads\/2026\/03\/Cowboyspin-iOS-App.webp\" alt=\"Cowboyspin iOS App\" width=\"1248\" height=\"536\" srcset=\"https:\/\/cowboyspincasino.com\/wp-content\/uploads\/2026\/03\/Cowboyspin-iOS-App.webp 1248w, https:\/\/cowboyspincasino.com\/wp-content\/uploads\/2026\/03\/Cowboyspin-iOS-App-300x129.webp 300w, https:\/\/cowboyspincasino.com\/wp-content\/uploads\/2026\/03\/Cowboyspin-iOS-App-1024x440.webp 1024w, https:\/\/cowboyspincasino.com\/wp-content\/uploads\/2026\/03\/Cowboyspin-iOS-App-768x330.webp 768w\" sizes=\"auto, (max-width: 1248px) 100vw, 1248px\" \/><\/p>\n<\/div><\/div><div style=\"clear: both\"><\/div><div class=\"d-flex justify-content-center\"><button data-item=\"decouvrez_link\" data-group=\"website_links\" class=\"goto fw-bold rounded-pill btn btn-orange\" aria-label=\"Descargar Cowboyspin\" >Descargar Cowboyspin<\/button><\/div><div class=\"scrollable-content-wrap my-5\"><div class=\"scrollable-content-inner\"><h2>Aplicaciones para Windows y macOS<\/h2>\n<p>Ya hemos mencionado que nuestro software est\u00e1 disponible no solo en dispositivos m\u00f3viles, sino tambi\u00e9n en Windows y macOS. La Cowboyspin App funciona perfectamente en dispositivos de escritorio, proporcionando una versi\u00f3n m\u00e1s r\u00e1pida y optimizada en comparaci\u00f3n con la web. Adem\u00e1s, la aplicaci\u00f3n ofrece notificaciones push, lo que garantiza que nunca te pierdas promociones y eventos especiales.<\/p>\n<p>Descargarla es muy f\u00e1cil. Solo tienes que ir a nuestra p\u00e1gina web y hacer clic en el bot\u00f3n de instalaci\u00f3n de la barra de direcciones, que tiene el aspecto de una flecha en la pantalla del ordenador. A continuaci\u00f3n, pulsa el bot\u00f3n una vez m\u00e1s y ya est\u00e1.<\/p>\n<p><img loading=\"lazy\" decoding=\"async\" class=\"alignnone size-full wp-image-1913\" src=\"https:\/\/cowboyspincasino.com\/wp-content\/uploads\/2026\/03\/Cowboyspin-Desktop.webp\" alt=\"Cowboyspin Desktop\" width=\"1248\" height=\"536\" srcset=\"https:\/\/cowboyspincasino.com\/wp-content\/uploads\/2026\/03\/Cowboyspin-Desktop.webp 1248w, https:\/\/cowboyspincasino.com\/wp-content\/uploads\/2026\/03\/Cowboyspin-Desktop-300x129.webp 300w, https:\/\/cowboyspincasino.com\/wp-content\/uploads\/2026\/03\/Cowboyspin-Desktop-1024x440.webp 1024w, https:\/\/cowboyspincasino.com\/wp-content\/uploads\/2026\/03\/Cowboyspin-Desktop-768x330.webp 768w\" sizes=\"auto, (max-width: 1248px) 100vw, 1248px\" \/><\/p>\n<\/div><\/div><div style=\"clear: both\"><\/div><div class=\"d-flex justify-content-center\"><button data-item=\"decouvrez_link\" data-group=\"website_links\" class=\"goto fw-bold rounded-pill btn btn-orange\" aria-label=\"Descarga la aplicaci\u00f3n Cowboyspin\" >Descarga la aplicaci\u00f3n Cowboyspin<\/button><\/div><div class=\"scrollable-content-wrap my-5\"><div class=\"scrollable-content-inner\"><h2>Preguntas frecuentes<\/h2>\n<h3>\u00bfEs necesario crear una cuenta para utilizar la aplicaci\u00f3n Cowboy Spin?<\/h3>\n<p>S\u00ed, es necesario crear una cuenta en Cowboyspin Casino para poder utilizar todas sus funciones, como jugar con dinero real, obtener bonificaciones y realizar pagos. Nuestro formulario simplificado solo requiere una direcci\u00f3n de correo electr\u00f3nico, una contrase\u00f1a y algunos datos personales b\u00e1sicos para registrarte. Todo el proceso dura unos dos minutos. Algunos juegos tienen un modo de demostraci\u00f3n al que puedes jugar sin necesidad de crear una cuenta.<\/p>\n<h3>\u00bfLa aplicaci\u00f3n Cowboy Spin Casino ofrece atenci\u00f3n al cliente?<\/h3>\n<p>S\u00ed, la Cowboyspin App te ofrece acceso completo a nuestro equipo de atenci\u00f3n al cliente a trav\u00e9s del chat en vivo y el correo electr\u00f3nico, disponibles las 24 horas del d\u00eda, los 7 d\u00edas de la semana. Al pulsar el icono del chat, los jugadores pueden iniciar inmediatamente una conversaci\u00f3n con un representante que les ayudar\u00e1 con cuestiones t\u00e9cnicas, relacionadas con la cuenta o con los pagos en varios idiomas. Independientemente del dispositivo que utilices, la experiencia de juego es totalmente compatible.<\/p>\n<h3>\u00bfC\u00f3mo puedo actualizar la aplicaci\u00f3n Cowboy Spin?<\/h3>\n<p>Cuando inicias la PWA de Cowboyspin Casino, se carga autom\u00e1ticamente la \u00faltima versi\u00f3n, por lo que no tienes que hacer nada m\u00e1s. Todas las actualizaciones y nuevas funciones se pueden utilizar de inmediato, sin necesidad de ir a las tiendas de aplicaciones ni descargar programas. El proceso en segundo plano funciona a la perfecci\u00f3n, por lo que los jugadores siempre pueden disfrutar de la \u00faltima experiencia de juego con muy poco esfuerzo.<\/p>\n<\/div><\/div><\/p>\n","protected":false},"excerpt":{"rendered":"<p>Plataforma m\u00f3vil Cowboyspin Cowboyspin App ofrece a los jugadores espa\u00f1oles la misma experiencia de juego que la versi\u00f3n de escritorio y, en ocasiones, incluso una mejorada. La funcionalidad se transfiere exactamente desde la versi\u00f3n de escritorio, por lo que puede estar seguro de que no se perder\u00e1 nada importante. Nuestro casino m\u00f3vil cuenta con una [&hellip;]<\/p>\n","protected":false},"author":1,"featured_media":0,"parent":0,"menu_order":0,"comment_status":"closed","ping_status":"closed","template":"template-builder.php","meta":{"_acf_changed":false,"inline_featured_image":false,"footnotes":""},"class_list":["post-1449","page","type-page","status-publish","hentry"],"acf":[],"yoast_head":"<!-- This site is optimized with the Yoast SEO plugin v27.3 - https:\/\/yoast.com\/product\/yoast-seo-wordpress\/ -->\n<title>Cowboyspin App | Plataformas iOS y Android<\/title>\n<meta name=\"description\" content=\"La aplicaci\u00f3n Cowboyspin ofrece una experiencia de juego fluida en Android, iOS, Windows y macOS, con cuentas sincronizadas, actualizaciones peri\u00f3dicas y asistencia al cliente integrada para una experiencia sin complicaciones.\" \/>\n<meta name=\"robots\" content=\"index, follow, max-snippet:-1, max-image-preview:large, max-video-preview:-1\" \/>\n<link rel=\"canonical\" href=\"https:\/\/cowboyspincasino.com\/es\/aplicacion\/\" \/>\n<meta property=\"og:locale\" content=\"es_ES\" \/>\n<meta property=\"og:type\" content=\"article\" \/>\n<meta property=\"og:title\" content=\"Cowboyspin App | Plataformas iOS y Android\" \/>\n<meta property=\"og:description\" content=\"La aplicaci\u00f3n Cowboyspin ofrece una experiencia de juego fluida en Android, iOS, Windows y macOS, con cuentas sincronizadas, actualizaciones peri\u00f3dicas y asistencia al cliente integrada para una experiencia sin complicaciones.\" \/>\n<meta property=\"og:url\" content=\"https:\/\/cowboyspincasino.com\/es\/aplicacion\/\" \/>\n<meta property=\"og:site_name\" content=\"cowboyspin\" \/>\n<meta property=\"article:modified_time\" content=\"2026-03-16T11:22:42+00:00\" \/>\n<meta name=\"twitter:card\" content=\"summary_large_image\" \/>\n<meta name=\"twitter:label1\" content=\"Est. reading time\" \/>\n\t<meta name=\"twitter:data1\" content=\"2 minutes\" \/>\n<script type=\"application\/ld+json\" class=\"yoast-schema-graph\">{\"@context\":\"https:\\\/\\\/schema.org\",\"@graph\":[{\"@type\":\"WebPage\",\"@id\":\"https:\\\/\\\/cowboyspincasino.com\\\/es\\\/aplicacion\\\/\",\"url\":\"https:\\\/\\\/cowboyspincasino.com\\\/es\\\/aplicacion\\\/\",\"name\":\"Cowboyspin App | Plataformas iOS y Android\",\"isPartOf\":{\"@id\":\"https:\\\/\\\/cowboyspincasino.com\\\/es\\\/#website\"},\"datePublished\":\"2026-01-20T12:08:23+00:00\",\"dateModified\":\"2026-03-16T11:22:42+00:00\",\"description\":\"La aplicaci\u00f3n Cowboyspin ofrece una experiencia de juego fluida en Android, iOS, Windows y macOS, con cuentas sincronizadas, actualizaciones peri\u00f3dicas y asistencia al cliente integrada para una experiencia sin complicaciones.\",\"breadcrumb\":{\"@id\":\"https:\\\/\\\/cowboyspincasino.com\\\/es\\\/aplicacion\\\/#breadcrumb\"},\"inLanguage\":\"es-ES\",\"potentialAction\":[{\"@type\":\"ReadAction\",\"target\":[\"https:\\\/\\\/cowboyspincasino.com\\\/es\\\/aplicacion\\\/\"]}]},{\"@type\":\"BreadcrumbList\",\"@id\":\"https:\\\/\\\/cowboyspincasino.com\\\/es\\\/aplicacion\\\/#breadcrumb\",\"itemListElement\":[{\"@type\":\"ListItem\",\"position\":1,\"name\":\"Cowboyspin\",\"item\":\"https:\\\/\\\/cowboyspincasino.com\\\/es\\\/\"},{\"@type\":\"ListItem\",\"position\":2,\"name\":\"Aplicaci\u00f3n\"}]},{\"@type\":\"WebSite\",\"@id\":\"https:\\\/\\\/cowboyspincasino.com\\\/es\\\/#website\",\"url\":\"https:\\\/\\\/cowboyspincasino.com\\\/es\\\/\",\"name\":\"Cowboyspin\",\"description\":\"\",\"publisher\":{\"@id\":\"https:\\\/\\\/cowboyspincasino.com\\\/es\\\/#organization\"},\"potentialAction\":[{\"@type\":\"SearchAction\",\"target\":{\"@type\":\"EntryPoint\",\"urlTemplate\":\"https:\\\/\\\/cowboyspincasino.com\\\/es\\\/?s={search_term_string}\"},\"query-input\":{\"@type\":\"PropertyValueSpecification\",\"valueRequired\":true,\"valueName\":\"search_term_string\"}}],\"inLanguage\":\"es-ES\"},{\"@type\":\"Organization\",\"@id\":\"https:\\\/\\\/cowboyspincasino.com\\\/es\\\/#organization\",\"name\":\"Cowboyspin\",\"url\":\"https:\\\/\\\/cowboyspincasino.com\\\/es\\\/\",\"logo\":{\"@type\":\"ImageObject\",\"inLanguage\":\"es-ES\",\"@id\":\"https:\\\/\\\/cowboyspincasino.com\\\/es\\\/#\\\/schema\\\/logo\\\/image\\\/\",\"url\":\"https:\\\/\\\/cowboyspincasino.com\\\/wp-content\\\/uploads\\\/2026\\\/03\\\/cowboyspin-logo.png\",\"contentUrl\":\"https:\\\/\\\/cowboyspincasino.com\\\/wp-content\\\/uploads\\\/2026\\\/03\\\/cowboyspin-logo.png\",\"width\":180,\"height\":66,\"caption\":\"Cowboyspin\"},\"image\":{\"@id\":\"https:\\\/\\\/cowboyspincasino.com\\\/es\\\/#\\\/schema\\\/logo\\\/image\\\/\"}}]}<\/script>\n<!-- \/ Yoast SEO plugin. -->","yoast_head_json":{"title":"Cowboyspin App | Plataformas iOS y Android","description":"La aplicaci\u00f3n Cowboyspin ofrece una experiencia de juego fluida en Android, iOS, Windows y macOS, con cuentas sincronizadas, actualizaciones peri\u00f3dicas y asistencia al cliente integrada para una experiencia sin complicaciones.","robots":{"index":"index","follow":"follow","max-snippet":"max-snippet:-1","max-image-preview":"max-image-preview:large","max-video-preview":"max-video-preview:-1"},"canonical":"https:\/\/cowboyspincasino.com\/es\/aplicacion\/","og_locale":"es_ES","og_type":"article","og_title":"Cowboyspin App | Plataformas iOS y Android","og_description":"La aplicaci\u00f3n Cowboyspin ofrece una experiencia de juego fluida en Android, iOS, Windows y macOS, con cuentas sincronizadas, actualizaciones peri\u00f3dicas y asistencia al cliente integrada para una experiencia sin complicaciones.","og_url":"https:\/\/cowboyspincasino.com\/es\/aplicacion\/","og_site_name":"cowboyspin","article_modified_time":"2026-03-16T11:22:42+00:00","twitter_card":"summary_large_image","twitter_misc":{"Est. reading time":"2 minutes"},"schema":{"@context":"https:\/\/schema.org","@graph":[{"@type":"WebPage","@id":"https:\/\/cowboyspincasino.com\/es\/aplicacion\/","url":"https:\/\/cowboyspincasino.com\/es\/aplicacion\/","name":"Cowboyspin App | Plataformas iOS y Android","isPartOf":{"@id":"https:\/\/cowboyspincasino.com\/es\/#website"},"datePublished":"2026-01-20T12:08:23+00:00","dateModified":"2026-03-16T11:22:42+00:00","description":"La aplicaci\u00f3n Cowboyspin ofrece una experiencia de juego fluida en Android, iOS, Windows y macOS, con cuentas sincronizadas, actualizaciones peri\u00f3dicas y asistencia al cliente integrada para una experiencia sin complicaciones.","breadcrumb":{"@id":"https:\/\/cowboyspincasino.com\/es\/aplicacion\/#breadcrumb"},"inLanguage":"es-ES","potentialAction":[{"@type":"ReadAction","target":["https:\/\/cowboyspincasino.com\/es\/aplicacion\/"]}]},{"@type":"BreadcrumbList","@id":"https:\/\/cowboyspincasino.com\/es\/aplicacion\/#breadcrumb","itemListElement":[{"@type":"ListItem","position":1,"name":"Cowboyspin","item":"https:\/\/cowboyspincasino.com\/es\/"},{"@type":"ListItem","position":2,"name":"Aplicaci\u00f3n"}]},{"@type":"WebSite","@id":"https:\/\/cowboyspincasino.com\/es\/#website","url":"https:\/\/cowboyspincasino.com\/es\/","name":"Cowboyspin","description":"","publisher":{"@id":"https:\/\/cowboyspincasino.com\/es\/#organization"},"potentialAction":[{"@type":"SearchAction","target":{"@type":"EntryPoint","urlTemplate":"https:\/\/cowboyspincasino.com\/es\/?s={search_term_string}"},"query-input":{"@type":"PropertyValueSpecification","valueRequired":true,"valueName":"search_term_string"}}],"inLanguage":"es-ES"},{"@type":"Organization","@id":"https:\/\/cowboyspincasino.com\/es\/#organization","name":"Cowboyspin","url":"https:\/\/cowboyspincasino.com\/es\/","logo":{"@type":"ImageObject","inLanguage":"es-ES","@id":"https:\/\/cowboyspincasino.com\/es\/#\/schema\/logo\/image\/","url":"https:\/\/cowboyspincasino.com\/wp-content\/uploads\/2026\/03\/cowboyspin-logo.png","contentUrl":"https:\/\/cowboyspincasino.com\/wp-content\/uploads\/2026\/03\/cowboyspin-logo.png","width":180,"height":66,"caption":"Cowboyspin"},"image":{"@id":"https:\/\/cowboyspincasino.com\/es\/#\/schema\/logo\/image\/"}}]}},"_links":{"self":[{"href":"https:\/\/cowboyspincasino.com\/es\/wp-json\/wp\/v2\/pages\/1449","targetHints":{"allow":["GET"]}}],"collection":[{"href":"https:\/\/cowboyspincasino.com\/es\/wp-json\/wp\/v2\/pages"}],"about":[{"href":"https:\/\/cowboyspincasino.com\/es\/wp-json\/wp\/v2\/types\/page"}],"author":[{"embeddable":true,"href":"https:\/\/cowboyspincasino.com\/es\/wp-json\/wp\/v2\/users\/1"}],"replies":[{"embeddable":true,"href":"https:\/\/cowboyspincasino.com\/es\/wp-json\/wp\/v2\/comments?post=1449"}],"version-history":[{"count":3,"href":"https:\/\/cowboyspincasino.com\/es\/wp-json\/wp\/v2\/pages\/1449\/revisions"}],"predecessor-version":[{"id":2078,"href":"https:\/\/cowboyspincasino.com\/es\/wp-json\/wp\/v2\/pages\/1449\/revisions\/2078"}],"wp:attachment":[{"href":"https:\/\/cowboyspincasino.com\/es\/wp-json\/wp\/v2\/media?parent=1449"}],"curies":[{"name":"wp","href":"https:\/\/api.w.org\/{rel}","templated":true}]}}