{"id":1483,"date":"2026-01-20T12:11:11","date_gmt":"2026-01-20T12:11:11","guid":{"rendered":"https:\/\/bonuskongcasino.com\/login-and-registration\/"},"modified":"2026-03-16T10:04:55","modified_gmt":"2026-03-16T10:04:55","slug":"anmeldung-und-registrierung","status":"publish","type":"page","link":"https:\/\/cowboyspincasino.com\/de\/anmeldung-und-registrierung\/","title":{"rendered":"Anmeldung und Registrierung"},"content":{"rendered":"<h1>Cowboyspin Kontoanmeldung und -Registrierung<\/h1>\n<p>Um mit dem Spielen zu beginnen, m\u00fcssen Sie den Cowboyspin Login Vorgang durchf\u00fchren. Der Vorgang ist so gestaltet, dass er keine zus\u00e4tzliche Zeit in Anspruch nimmt und lediglich Ihre Identifizierung erfordert. Bitte beachten Sie, dass dieses Verfahren nur f\u00fcr Personen verf\u00fcgbar ist, die das Vollj\u00e4hrigkeitsalter erreicht haben.<\/p>\n<p><div class=\"banner-wrap\" aria-label=\"Banner\"><img src=\"https:\/\/cowboyspincasino.com\/wp-content\/uploads\/2026\/03\/banner-desktop2x.webp\" class=\"w-100 d-none d-lg-block img-pc main-banner-img\" alt=\"Cowboyspin bonus desktop\" fetchpriority=\"high\" decoding=\"async\"><img src=\"https:\/\/cowboyspincasino.com\/wp-content\/uploads\/2026\/03\/banner-mobile2x.webp\" class=\"w-100 d-none d-md-block d-lg-none main-banner-img\" alt=\"banner-mobile2x\" fetchpriority=\"high\" decoding=\"async\"><img src=\"https:\/\/cowboyspincasino.com\/wp-content\/uploads\/2026\/03\/banner-mobile2x.webp\" class=\"w-100 d-md-none\" alt=\"banner-mobile2x\" fetchpriority=\"high\" decoding=\"async\"><div class=\"banner-description\">\n<div class=\"banner-title\">Willkommensboni<\/div>\n<p class=\"banner-header-title\">1500 \u20ac<\/p>\n<div class=\"banner-header-AdditionalText\">+ 250 Freispiele<\/div>\n<button data-item=\"homepage_banner_link\" class=\"goto m-button m-gradient-border m-button--primary m-button--large banner-button btn-orange\">\n            <div class=\"m-button-content\">\n                <span>Jetzt anmelden<\/span>\n                <span><\/span>\n            <\/div>\n        <\/button>\n<\/div>\n<div class=\"WelcomePack\">\n<p><img loading=\"lazy\" decoding=\"async\" class=\"alignnone size-full wp-image-1829\" src=\"https:\/\/cowboyspincasino.com\/wp-content\/uploads\/2026\/03\/welcome-crown.png\" alt=\"cronw\" width=\"25\" height=\"26\" \/><\/p>\n<div class=\"WelcomePack-Info\">W\u00f6chentlicher Cashback von bis zu 25 %<\/div>\n<p><img loading=\"lazy\" decoding=\"async\" class=\"alignnone size-full wp-image-1829\" src=\"https:\/\/cowboyspincasino.com\/wp-content\/uploads\/2026\/03\/welcome-crown.png\" alt=\"cronw\" width=\"25\" height=\"26\" \/><\/p>\n<\/div>\n<\/div><div class=\"scrollable-content-wrap my-5\"><div class=\"scrollable-content-inner\"><h2>Neuanmeldung bei Cowboy Spin<\/h2>\n<p>Wenn Sie ein neues Cowboyspin Casino Konto registrieren, erhalten Sie vollen Zugriff auf alle Spiele, Aktionen und anderen Funktionen der Plattform. Nach der Anmeldung erhalten alle neuen Spieler das Willkommenspaket: bis zu 1.500 \u20ac + 250 Freispiele. Alle anderen Aktionen sind ebenfalls verf\u00fcgbar.<\/p>\n<p>Benutzer erhalten vollen Zugriff auf hochwertige Spiele von erstklassigen Anbietern, Ein- und Auszahlungsoptionen sowie Zugriff auf ein pers\u00f6nliches Konto, das zus\u00e4tzliche Funktionen f\u00fcr ein komfortables und selektives Spielerlebnis bietet.<\/p>\n<h3>Erstellen Sie Ihr Konto<\/h3>\n<p>Um ein Konto bei Cowboyspin zu erstellen, folgen Sie diesen einfachen Schritten:<\/p>\n<ol>\n<li>Um zum Registrierungsformular zu gelangen, klicken Sie auf der Startseite auf die Schaltfl\u00e4che \u201eRegistrieren\u201c.<\/li>\n<li>Geben Sie Ihre E-Mail-Adresse ein und w\u00e4hlen Sie ein Passwort.<\/li>\n<li>Verwenden Sie einen Promo-Code, falls Sie einen haben.<\/li>\n<li>Bitte best\u00e4tigen Sie, dass Sie \u00fcber 18 Jahre alt sind und die Bedingungen akzeptieren.<\/li>\n<li>Klicken Sie auf \u201eRegistrieren\u201c, um den Prozess abzuschlie\u00dfen.<\/li>\n<\/ol>\n<p>Dieser Vorgang kann weiter vereinfacht werden, indem Sie auf die Schaltfl\u00e4che \u201eMit Google fortfahren\u201c klicken. Wenn Sie auf diese Schaltfl\u00e4che klicken, \u00fcberspringen Sie das manuelle Formular und k\u00f6nnen die Registrierung sofort abschlie\u00dfen.<\/p>\n<p>Denken Sie daran, dass Sie bei der Erstellung eines Cowboy Spin Kontos die Allgemeinen Gesch\u00e4ftsbedingungen lesen und die Datenschutzrichtlinie der Website akzeptieren m\u00fcssen.<\/p>\n<p><img loading=\"lazy\" decoding=\"async\" class=\"alignnone size-full wp-image-1925\" src=\"https:\/\/cowboyspincasino.com\/wp-content\/uploads\/2026\/03\/Cowboyspin.webp\" alt=\"Cowboyspin login\" width=\"1248\" height=\"536\" srcset=\"https:\/\/cowboyspincasino.com\/wp-content\/uploads\/2026\/03\/Cowboyspin.webp 1248w, https:\/\/cowboyspincasino.com\/wp-content\/uploads\/2026\/03\/Cowboyspin-300x129.webp 300w, https:\/\/cowboyspincasino.com\/wp-content\/uploads\/2026\/03\/Cowboyspin-1024x440.webp 1024w, https:\/\/cowboyspincasino.com\/wp-content\/uploads\/2026\/03\/Cowboyspin-768x330.webp 768w\" sizes=\"auto, (max-width: 1248px) 100vw, 1248px\" \/><\/p>\n<h2>Verwendung eines Cowboyspin-Kontos<\/h2>\n<p>Sobald Sie sich registriert haben, m\u00fcssen Sie sich nur noch in Ihr Konto einloggen, um darauf zuzugreifen. So beenden Sie die Cowboyspin Anmeldung:<\/p>\n<ol>\n<li>Klicken Sie auf die Anmeldeschaltfl\u00e4che oben rechts auf der Seite.<\/li>\n<li>Geben Sie die Daten ein, die Sie bei der Registrierung verwendet haben, oder melden Sie sich \u00fcber Google an.<\/li>\n<li>Nachdem Sie alles \u00fcberpr\u00fcft haben, klicken Sie auf den Best\u00e4tigungslink am Ende des Formulars.<\/li>\n<\/ol>\n<p>Sobald Sie angemeldet sind, haben Sie die volle Kontrolle \u00fcber Ihre Spiel- und pers\u00f6nlichen Daten. Sie k\u00f6nnen ganz einfach Ihre Profilinformationen \u00e4ndern, Ein- und Auszahlungen vornehmen, ein Protokoll Ihrer Transaktionen einsehen und sich \u00fcber Boni und Angebote informieren, die Ihnen nur \u00fcber Ihr Cowboyspin Konto Dashboard zur Verf\u00fcgung stehen.<\/p>\n<h3>Cowboy Spin Kontoverifizierung und Sicherheit<\/h3>\n<p>Unsere Website befolgt strenge Sicherheitsvorschriften, um die Konten und pers\u00f6nlichen Daten der Spieler zu sch\u00fctzen. Dies geschieht durch einen vollst\u00e4ndigen Verifizierungsprozess. Das Know Your Customer-System (KYC) \u00fcberpr\u00fcft den Namen einer Person, bevor diese eine Auszahlung vornehmen kann. Diese Funktion verhindert Betrug und den Zugriff von Personen unter 18 Jahren und stellt sicher, dass die Regeln eingehalten werden. Das mehrschichtige Sicherheitssystem Cowboyspin umfasst fortschrittliche Verschl\u00fcsselung, Echtzeit\u00fcberwachung und unabh\u00e4ngige Audits, um sicherzustellen, dass Ihr Spielerlebnis absolut sicher ist.<\/p>\n<table>\n<tbody>\n<tr>\n<td>Sicherheitsma\u00dfnahme<\/td>\n<td>Zweck<\/td>\n<\/tr>\n<tr>\n<td>TLS 1.3-Verschl\u00fcsselung<\/td>\n<td>Sichert alle Daten\u00fcbertragungen<\/td>\n<\/tr>\n<tr>\n<td>Zwei-Faktor-Authentifizierung<\/td>\n<td>Verhindert unbefugten Zugriff auf Konten<\/td>\n<\/tr>\n<tr>\n<td>KYC-\u00dcberpr\u00fcfung<\/td>\n<td>Best\u00e4tigt die Identit\u00e4t und das Alter des Spielers<\/td>\n<\/tr>\n<tr>\n<td>RNG-Zertifizierung<\/td>\n<td>Gew\u00e4hrleistet faire Spielergebnisse<\/td>\n<\/tr>\n<tr>\n<td>Betrugs\u00fcberwachung rund um die Uhr<\/td>\n<td>Erkennt verd\u00e4chtige Aktivit\u00e4ten sofort<\/td>\n<\/tr>\n<\/tbody>\n<\/table>\n<h3>Passwort vergessen?<\/h3>\n<p>Wir wissen, dass beim Anmelden f\u00fcr den Cowboyspin manchmal unerwartete Schwierigkeiten auftreten k\u00f6nnen. Meistens liegt dies daran, dass Sie das Passwort falsch eingegeben haben. Wenn Sie sich \u00fcber Google einloggen, k\u00f6nnen Probleme bei der Auswahl eines Kontos auftreten, das nicht mit Cowboyspin Casino verkn\u00fcpft ist.<\/p>\n<p>Um das Passwort zu \u00e4ndern, klicken Sie unter der Schaltfl\u00e4che \u201eAnmelden\u201c auf \u201ePasswort vergessen?\u201c. Versuchen Sie, sich mit den neuen Daten erneut anzumelden.<\/p>\n<p>Wenn dieses Verfahren nicht geholfen hat, liegt das Problem m\u00f6glicherweise auf unserer Seite. Sie k\u00f6nnen sich jederzeit \u00fcber den Live-Chat an unser Support-Team wenden. Wenn der Live-Chat in Ihrer Sprache nicht verf\u00fcgbar ist, bieten wir Ihnen mehrsprachigen Support \u00fcber das E-Mail-Formular.<\/p>\n<h2>FAQ<\/h2>\n<h3>Kann ich mehrere Konten bei Cowboyspin Casino erstellen?<\/h3>\n<p>Nein, Cowboyspin erlaubt nur ein Konto pro Spieler, IP-Adresse und Ger\u00e4t. Das Erstellen mehrerer Profile verst\u00f6\u00dft gegen unsere Nutzungsbedingungen und f\u00fchrt zu einer dauerhaften Sperrung mit Verlust aller Gelder und Boni auf den Konten.<\/p>\n<h3>Was soll ich tun, wenn ich keinen Zugriff auf meine registrierte E-Mail-Adresse habe?<\/h3>\n<p>Wenn Sie nicht auf die E-Mail-Adresse zugreifen k\u00f6nnen, die mit Ihrem Cowboy Spin Konto verkn\u00fcpft ist, wenden Sie sich bitte umgehend \u00fcber den Live-Chat an unser Support-Team. Unsere Mitarbeiter werden Sie durch die Schritte zur Best\u00e4tigung Ihrer Identit\u00e4t f\u00fchren, damit Sie Ihre Kontaktdaten sicher \u00e4ndern und wieder auf Ihr Konto zugreifen k\u00f6nnen, ohne gegen Sicherheitsvorschriften zu versto\u00dfen.<\/p>\n<h3>Bietet Cowboyspin Casino Demo-Spiele ohne Registrierung an?<\/h3>\n<p>Ja, auf unserer Website finden Sie Demoversionen einiger Slot-Spiele, die sofort geladen werden und f\u00fcr die Sie kein Konto erstellen oder sich bei Cowboyspin anmelden m\u00fcssen. Vor der Anmeldung k\u00f6nnen Spieler die Spielmechanik, Themen und Funktionen ohne Risiko ausprobieren. Sie m\u00fcssen die Registrierung abschlie\u00dfen, um vollen Zugriff auf Echtgeldspiele, Auszahlungen und Werbeaktionen zu erhalten.<\/p>\n<\/div><\/div><\/p>\n","protected":false},"excerpt":{"rendered":"<p>Cowboyspin Kontoanmeldung und -Registrierung Um mit dem Spielen zu beginnen, m\u00fcssen Sie den Cowboyspin Login Vorgang durchf\u00fchren. Der Vorgang ist so gestaltet, dass er keine zus\u00e4tzliche Zeit in Anspruch nimmt und lediglich Ihre Identifizierung erfordert. Bitte beachten Sie, dass dieses Verfahren nur f\u00fcr Personen verf\u00fcgbar ist, die das Vollj\u00e4hrigkeitsalter erreicht haben.<\/p>\n","protected":false},"author":1,"featured_media":0,"parent":0,"menu_order":0,"comment_status":"closed","ping_status":"closed","template":"template-builder.php","meta":{"_acf_changed":false,"inline_featured_image":false,"footnotes":""},"class_list":["post-1483","page","type-page","status-publish","hentry"],"acf":[],"yoast_head":"<!-- This site is optimized with the Yoast SEO plugin v27.3 - https:\/\/yoast.com\/product\/yoast-seo-wordpress\/ -->\n<title>Cowboyspin Login und Registrierung<\/title>\n<meta name=\"description\" content=\"Erstellen, verwalten und \u00fcberpr\u00fcfen Sie Ihr Cowboyspin-Konto m\u00fchelos. Genie\u00dfen Sie eine schnelle Registrierung, einfache Kontowiederherstellung und sichere Schlie\u00dfung mit Cowboyspin Login, wodurch Ihr Konto rund um die Uhr gesch\u00fctzt ist.\" \/>\n<meta name=\"robots\" content=\"index, follow, max-snippet:-1, max-image-preview:large, max-video-preview:-1\" \/>\n<link rel=\"canonical\" href=\"https:\/\/cowboyspincasino.com\/de\/anmeldung-und-registrierung\/\" \/>\n<meta property=\"og:locale\" content=\"de_DE\" \/>\n<meta property=\"og:type\" content=\"article\" \/>\n<meta property=\"og:title\" content=\"Cowboyspin Login und Registrierung\" \/>\n<meta property=\"og:description\" content=\"Erstellen, verwalten und \u00fcberpr\u00fcfen Sie Ihr Cowboyspin-Konto m\u00fchelos. Genie\u00dfen Sie eine schnelle Registrierung, einfache Kontowiederherstellung und sichere Schlie\u00dfung mit Cowboyspin Login, wodurch Ihr Konto rund um die Uhr gesch\u00fctzt ist.\" \/>\n<meta property=\"og:url\" content=\"https:\/\/cowboyspincasino.com\/de\/anmeldung-und-registrierung\/\" \/>\n<meta property=\"og:site_name\" content=\"cowboyspin\" \/>\n<meta property=\"article:modified_time\" content=\"2026-03-16T10:04:55+00:00\" \/>\n<meta name=\"twitter:card\" content=\"summary_large_image\" \/>\n<meta name=\"twitter:label1\" content=\"Gesch\u00e4tzte Lesezeit\" \/>\n\t<meta name=\"twitter:data1\" content=\"1\u00a0Minute\" \/>\n<script type=\"application\/ld+json\" class=\"yoast-schema-graph\">{\"@context\":\"https:\\\/\\\/schema.org\",\"@graph\":[{\"@type\":\"WebPage\",\"@id\":\"https:\\\/\\\/cowboyspincasino.com\\\/de\\\/anmeldung-und-registrierung\\\/\",\"url\":\"https:\\\/\\\/cowboyspincasino.com\\\/de\\\/anmeldung-und-registrierung\\\/\",\"name\":\"Cowboyspin Login und Registrierung\",\"isPartOf\":{\"@id\":\"https:\\\/\\\/cowboyspincasino.com\\\/de\\\/#website\"},\"datePublished\":\"2026-01-20T12:11:11+00:00\",\"dateModified\":\"2026-03-16T10:04:55+00:00\",\"description\":\"Erstellen, verwalten und \u00fcberpr\u00fcfen Sie Ihr Cowboyspin-Konto m\u00fchelos. Genie\u00dfen Sie eine schnelle Registrierung, einfache Kontowiederherstellung und sichere Schlie\u00dfung mit Cowboyspin Login, wodurch Ihr Konto rund um die Uhr gesch\u00fctzt ist.\",\"breadcrumb\":{\"@id\":\"https:\\\/\\\/cowboyspincasino.com\\\/de\\\/anmeldung-und-registrierung\\\/#breadcrumb\"},\"inLanguage\":\"de\",\"potentialAction\":[{\"@type\":\"ReadAction\",\"target\":[\"https:\\\/\\\/cowboyspincasino.com\\\/de\\\/anmeldung-und-registrierung\\\/\"]}]},{\"@type\":\"BreadcrumbList\",\"@id\":\"https:\\\/\\\/cowboyspincasino.com\\\/de\\\/anmeldung-und-registrierung\\\/#breadcrumb\",\"itemListElement\":[{\"@type\":\"ListItem\",\"position\":1,\"name\":\"Cowboyspin\",\"item\":\"https:\\\/\\\/cowboyspincasino.com\\\/de\\\/\"},{\"@type\":\"ListItem\",\"position\":2,\"name\":\"Anmeldung und Registrierung\"}]},{\"@type\":\"WebSite\",\"@id\":\"https:\\\/\\\/cowboyspincasino.com\\\/de\\\/#website\",\"url\":\"https:\\\/\\\/cowboyspincasino.com\\\/de\\\/\",\"name\":\"Cowboyspin\",\"description\":\"\",\"publisher\":{\"@id\":\"https:\\\/\\\/cowboyspincasino.com\\\/de\\\/#organization\"},\"potentialAction\":[{\"@type\":\"SearchAction\",\"target\":{\"@type\":\"EntryPoint\",\"urlTemplate\":\"https:\\\/\\\/cowboyspincasino.com\\\/de\\\/?s={search_term_string}\"},\"query-input\":{\"@type\":\"PropertyValueSpecification\",\"valueRequired\":true,\"valueName\":\"search_term_string\"}}],\"inLanguage\":\"de\"},{\"@type\":\"Organization\",\"@id\":\"https:\\\/\\\/cowboyspincasino.com\\\/de\\\/#organization\",\"name\":\"Cowboyspin\",\"url\":\"https:\\\/\\\/cowboyspincasino.com\\\/de\\\/\",\"logo\":{\"@type\":\"ImageObject\",\"inLanguage\":\"de\",\"@id\":\"https:\\\/\\\/cowboyspincasino.com\\\/de\\\/#\\\/schema\\\/logo\\\/image\\\/\",\"url\":\"https:\\\/\\\/cowboyspincasino.com\\\/wp-content\\\/uploads\\\/2026\\\/03\\\/cowboyspin-logo.png\",\"contentUrl\":\"https:\\\/\\\/cowboyspincasino.com\\\/wp-content\\\/uploads\\\/2026\\\/03\\\/cowboyspin-logo.png\",\"width\":180,\"height\":66,\"caption\":\"Cowboyspin\"},\"image\":{\"@id\":\"https:\\\/\\\/cowboyspincasino.com\\\/de\\\/#\\\/schema\\\/logo\\\/image\\\/\"}}]}<\/script>\n<!-- \/ Yoast SEO plugin. -->","yoast_head_json":{"title":"Cowboyspin Login und Registrierung","description":"Erstellen, verwalten und \u00fcberpr\u00fcfen Sie Ihr Cowboyspin-Konto m\u00fchelos. Genie\u00dfen Sie eine schnelle Registrierung, einfache Kontowiederherstellung und sichere Schlie\u00dfung mit Cowboyspin Login, wodurch Ihr Konto rund um die Uhr gesch\u00fctzt ist.","robots":{"index":"index","follow":"follow","max-snippet":"max-snippet:-1","max-image-preview":"max-image-preview:large","max-video-preview":"max-video-preview:-1"},"canonical":"https:\/\/cowboyspincasino.com\/de\/anmeldung-und-registrierung\/","og_locale":"de_DE","og_type":"article","og_title":"Cowboyspin Login und Registrierung","og_description":"Erstellen, verwalten und \u00fcberpr\u00fcfen Sie Ihr Cowboyspin-Konto m\u00fchelos. Genie\u00dfen Sie eine schnelle Registrierung, einfache Kontowiederherstellung und sichere Schlie\u00dfung mit Cowboyspin Login, wodurch Ihr Konto rund um die Uhr gesch\u00fctzt ist.","og_url":"https:\/\/cowboyspincasino.com\/de\/anmeldung-und-registrierung\/","og_site_name":"cowboyspin","article_modified_time":"2026-03-16T10:04:55+00:00","twitter_card":"summary_large_image","twitter_misc":{"Gesch\u00e4tzte Lesezeit":"1\u00a0Minute"},"schema":{"@context":"https:\/\/schema.org","@graph":[{"@type":"WebPage","@id":"https:\/\/cowboyspincasino.com\/de\/anmeldung-und-registrierung\/","url":"https:\/\/cowboyspincasino.com\/de\/anmeldung-und-registrierung\/","name":"Cowboyspin Login und Registrierung","isPartOf":{"@id":"https:\/\/cowboyspincasino.com\/de\/#website"},"datePublished":"2026-01-20T12:11:11+00:00","dateModified":"2026-03-16T10:04:55+00:00","description":"Erstellen, verwalten und \u00fcberpr\u00fcfen Sie Ihr Cowboyspin-Konto m\u00fchelos. Genie\u00dfen Sie eine schnelle Registrierung, einfache Kontowiederherstellung und sichere Schlie\u00dfung mit Cowboyspin Login, wodurch Ihr Konto rund um die Uhr gesch\u00fctzt ist.","breadcrumb":{"@id":"https:\/\/cowboyspincasino.com\/de\/anmeldung-und-registrierung\/#breadcrumb"},"inLanguage":"de","potentialAction":[{"@type":"ReadAction","target":["https:\/\/cowboyspincasino.com\/de\/anmeldung-und-registrierung\/"]}]},{"@type":"BreadcrumbList","@id":"https:\/\/cowboyspincasino.com\/de\/anmeldung-und-registrierung\/#breadcrumb","itemListElement":[{"@type":"ListItem","position":1,"name":"Cowboyspin","item":"https:\/\/cowboyspincasino.com\/de\/"},{"@type":"ListItem","position":2,"name":"Anmeldung und Registrierung"}]},{"@type":"WebSite","@id":"https:\/\/cowboyspincasino.com\/de\/#website","url":"https:\/\/cowboyspincasino.com\/de\/","name":"Cowboyspin","description":"","publisher":{"@id":"https:\/\/cowboyspincasino.com\/de\/#organization"},"potentialAction":[{"@type":"SearchAction","target":{"@type":"EntryPoint","urlTemplate":"https:\/\/cowboyspincasino.com\/de\/?s={search_term_string}"},"query-input":{"@type":"PropertyValueSpecification","valueRequired":true,"valueName":"search_term_string"}}],"inLanguage":"de"},{"@type":"Organization","@id":"https:\/\/cowboyspincasino.com\/de\/#organization","name":"Cowboyspin","url":"https:\/\/cowboyspincasino.com\/de\/","logo":{"@type":"ImageObject","inLanguage":"de","@id":"https:\/\/cowboyspincasino.com\/de\/#\/schema\/logo\/image\/","url":"https:\/\/cowboyspincasino.com\/wp-content\/uploads\/2026\/03\/cowboyspin-logo.png","contentUrl":"https:\/\/cowboyspincasino.com\/wp-content\/uploads\/2026\/03\/cowboyspin-logo.png","width":180,"height":66,"caption":"Cowboyspin"},"image":{"@id":"https:\/\/cowboyspincasino.com\/de\/#\/schema\/logo\/image\/"}}]}},"_links":{"self":[{"href":"https:\/\/cowboyspincasino.com\/de\/wp-json\/wp\/v2\/pages\/1483","targetHints":{"allow":["GET"]}}],"collection":[{"href":"https:\/\/cowboyspincasino.com\/de\/wp-json\/wp\/v2\/pages"}],"about":[{"href":"https:\/\/cowboyspincasino.com\/de\/wp-json\/wp\/v2\/types\/page"}],"author":[{"embeddable":true,"href":"https:\/\/cowboyspincasino.com\/de\/wp-json\/wp\/v2\/users\/1"}],"replies":[{"embeddable":true,"href":"https:\/\/cowboyspincasino.com\/de\/wp-json\/wp\/v2\/comments?post=1483"}],"version-history":[{"count":3,"href":"https:\/\/cowboyspincasino.com\/de\/wp-json\/wp\/v2\/pages\/1483\/revisions"}],"predecessor-version":[{"id":2047,"href":"https:\/\/cowboyspincasino.com\/de\/wp-json\/wp\/v2\/pages\/1483\/revisions\/2047"}],"wp:attachment":[{"href":"https:\/\/cowboyspincasino.com\/de\/wp-json\/wp\/v2\/media?parent=1483"}],"curies":[{"name":"wp","href":"https:\/\/api.w.org\/{rel}","templated":true}]}}