{"id":1442,"date":"2026-01-20T12:08:23","date_gmt":"2026-01-20T12:08:23","guid":{"rendered":"https:\/\/bonuskongcasino.com\/app-2\/"},"modified":"2026-03-16T10:01:06","modified_gmt":"2026-03-16T10:01:06","slug":"app","status":"publish","type":"page","link":"https:\/\/cowboyspincasino.com\/de\/app\/","title":{"rendered":"App"},"content":{"rendered":"<h1>Cowboyspin Mobile Plattform<\/h1>\n<p>Die Cowboyspin App bietet allen Spielern das gleiche und manchmal sogar ein verbessertes Spielerlebnis wie die Desktop-Version. Die Funktionalit\u00e4t wurde exakt von der Desktop-Version \u00fcbernommen, sodass Sie sicher sein k\u00f6nnen, dass Ihnen nichts Wichtiges entgeht. Unser mobiles Casino verf\u00fcgt \u00fcber eine Spielebibliothek, die beliebte Online-Slots und einen vielf\u00e4ltigen Live-Casino-Bereich sowie alle anderen Arten von Spielen umfasst. Die Cowboyspin App ist v\u00f6llig kostenlos und sowohl f\u00fcr iOS- als auch f\u00fcr Android-Systeme verf\u00fcgbar. Sie kann auch auf einem Desktop installiert werden.<\/p>\n<div class=\"banner-wrap\" aria-label=\"Banner\"><img src=\"https:\/\/cowboyspincasino.com\/wp-content\/uploads\/2026\/03\/banner-desktop2x.webp\" class=\"w-100 d-none d-lg-block img-pc main-banner-img\" alt=\"Cowboyspin bonus desktop\" fetchpriority=\"high\" decoding=\"async\"><img src=\"https:\/\/cowboyspincasino.com\/wp-content\/uploads\/2026\/03\/banner-mobile2x.webp\" class=\"w-100 d-none d-md-block d-lg-none main-banner-img\" alt=\"banner-mobile2x\" fetchpriority=\"high\" decoding=\"async\"><img src=\"https:\/\/cowboyspincasino.com\/wp-content\/uploads\/2026\/03\/banner-mobile2x.webp\" class=\"w-100 d-md-none\" alt=\"banner-mobile2x\" fetchpriority=\"high\" decoding=\"async\"><div class=\"banner-description\">\n<div class=\"banner-title\">Willkommensboni<\/div>\n<p class=\"banner-header-title\">1500 \u20ac<\/p>\n<div class=\"banner-header-AdditionalText\">+ 250 Freispiele<\/div>\n<button data-item=\"homepage_banner_link\" class=\"goto m-button m-gradient-border m-button--primary m-button--large banner-button btn-orange\">\n            <div class=\"m-button-content\">\n                <span>Jetzt anmelden<\/span>\n                <span><\/span>\n            <\/div>\n        <\/button>\n<\/div>\n<div class=\"WelcomePack\">\n<p><img loading=\"lazy\" decoding=\"async\" class=\"alignnone size-full wp-image-1829\" src=\"https:\/\/cowboyspincasino.com\/wp-content\/uploads\/2026\/03\/welcome-crown.png\" alt=\"cronw\" width=\"25\" height=\"26\" \/><\/p>\n<div class=\"WelcomePack-Info\">W\u00f6chentlicher Cashback von bis zu 25 %<\/div>\n<p><img loading=\"lazy\" decoding=\"async\" class=\"alignnone size-full wp-image-1829\" src=\"https:\/\/cowboyspincasino.com\/wp-content\/uploads\/2026\/03\/welcome-crown.png\" alt=\"cronw\" width=\"25\" height=\"26\" \/><\/p>\n<\/div>\n<\/div>\n<h2>Verwendung von Cowboyspin auf Mobilger\u00e4ten<\/h2>\n<p>Wir haben eine mobile Software entwickelt, damit Sie keinen Unterschied bemerken, wenn Sie den Blick vom mobilen Spiel abwenden. Die Cowboyspin App ist eine Verkn\u00fcpfung zum Starten unserer Hauptversion der Website; sie wird als Progressive Web Application (PWA) bezeichnet. Alle Funktionen und Vorteile der Desktop-Version sind ebenfalls verf\u00fcgbar. Nach der Installation der mobilen Software m\u00fcssen Sie nichts weiter tun oder die Website besuchen, da die Verkn\u00fcpfung auf dem Startbildschirm verbleibt.<\/p>\n<p>Wir haben die Vorteile unserer mobilen Cowboyspin-Version mit der PC-Version verglichen und hier sind die Punkte, die wir hervorheben k\u00f6nnen:<\/p>\n<table>\n<tbody>\n<tr>\n<td>Vorteil<\/td>\n<td>Beschreibung<\/td>\n<\/tr>\n<tr>\n<td>Mobilit\u00e4t<\/td>\n<td>Sie m\u00fcssen nicht an Ihrem Schreibtisch sitzen oder \u00fcberhaupt sitzen, denn die mobile Version von Cowboyspin Casino ist immer und \u00fcberall verf\u00fcgbar. Spazierengehen, Reisen und andere Aktivit\u00e4ten beeintr\u00e4chtigen Ihren Zugang nicht.<\/td>\n<\/tr>\n<tr>\n<td>Geschwindigkeit<\/td>\n<td>Das Einschalten des Computers und das Hinsetzen an den Tisch kosten Zeit. Wenn Sie daf\u00fcr keine Zeit und Gelegenheit haben, steht Ihnen die mobile Anwendung jederzeit zur Verf\u00fcgung. Nehmen Sie einfach Ihr Smartphone aus der Tasche und greifen Sie in Sekundenschnelle auf alle Funktionen der Cowboy Spin Plattform zu.<\/td>\n<\/tr>\n<tr>\n<td>Push Benachrichtigungen<\/td>\n<td>Seien Sie unter den Ersten, die die neuesten Informationen \u00fcber neue Aktionen und Sonderangebote im Cowboyspin Casino erhalten. Dank mobiler Benachrichtigungen verpassen Sie nichts Wichtiges.<\/td>\n<\/tr>\n<\/tbody>\n<\/table>\n<p><div class=\"scrollable-content-wrap my-5\"><div class=\"scrollable-content-inner\"><h2>Cowboyspin Android Mobile App<\/h2>\n<p>Der Zugriff auf die Cowboyspin App auf Android ist einfach und erfordert keinen Download von Drittanbieter-Software. Der PWA-Client greift direkt auf die Webversion unserer Website zu, sodass er keinen zus\u00e4tzlichen Speicherplatz auf dem Ger\u00e4t beansprucht.<\/p>\n<p>Hier sind ein paar Schritte, um die Cowboyspin Casino Anwendung auf Ihrem Android-Ger\u00e4t zu installieren:<\/p>\n<ol>\n<li>Melden Sie sich \u00fcber den Browser Ihres Ger\u00e4ts auf der Website an.<\/li>\n<li>Gehen Sie zu den Browsereinstellungen und w\u00e4hlen Sie die Option \u201eZum Startbildschirm hinzuf\u00fcgen\u201c.<\/li>\n<li>Klicken Sie auf die Schaltfl\u00e4che und starten Sie den Installationsvorgang.<\/li>\n<li>Kehren Sie zum Hauptbildschirm zur\u00fcck und warten Sie, bis die Installation abgeschlossen ist.<\/li>\n<\/ol>\n<p>Nachdem Sie diese einfachen Schritte ausgef\u00fchrt haben und Cowboy Spin auf Ihrem Smartphone-Bildschirm angezeigt wird, k\u00f6nnen Sie sich bei der Anwendung anmelden. Da Sie sich bei Ihrem Konto anmelden, stellen Sie sicher, dass Sie den Verifizierungsprozess abgeschlossen haben, t\u00e4tigen Sie Ihre Einzahlung mit einer beliebigen Methode und beginnen Sie mit dem Spielen. Wenn Sie bei einem der oben genannten Schritte auf Schwierigkeiten sto\u00dfen, k\u00f6nnen Sie sich jederzeit \u00fcber den Live-Chat an unser Support-Team wenden.<\/p>\n<p><img loading=\"lazy\" decoding=\"async\" class=\"alignnone size-full wp-image-1893\" src=\"https:\/\/cowboyspincasino.com\/wp-content\/uploads\/2026\/03\/Cowboyspin-Android-App.webp\" alt=\"Cowboyspin Android App\" width=\"1248\" height=\"536\" srcset=\"https:\/\/cowboyspincasino.com\/wp-content\/uploads\/2026\/03\/Cowboyspin-Android-App.webp 1248w, https:\/\/cowboyspincasino.com\/wp-content\/uploads\/2026\/03\/Cowboyspin-Android-App-300x129.webp 300w, https:\/\/cowboyspincasino.com\/wp-content\/uploads\/2026\/03\/Cowboyspin-Android-App-1024x440.webp 1024w, https:\/\/cowboyspincasino.com\/wp-content\/uploads\/2026\/03\/Cowboyspin-Android-App-768x330.webp 768w\" sizes=\"auto, (max-width: 1248px) 100vw, 1248px\" \/><\/p>\n<\/div><\/div><div style=\"clear: both\"><\/div><div class=\"d-flex justify-content-center\"><button data-item=\"decouvrez_link\" data-group=\"website_links\" class=\"goto fw-bold rounded-pill btn btn-orange\" aria-label=\"Laden Sie die Cowboyspin-App herunter\" >Laden Sie die Cowboyspin-App herunter<\/button><\/div><div class=\"scrollable-content-wrap my-5\"><div class=\"scrollable-content-inner\"><h2>So funktioniert unsere App auf Ihrem Ger\u00e4t<\/h2>\n<p>Wir haben festgestellt, dass das Progressive Web Application (PWA)-Format benutzerfreundlicher und sicherer ist, daher haben wir uns daf\u00fcr entschieden. Unsere PWA-App nimmt im Gegensatz zur Cowboyspin APK keinen Speicherplatz auf Ihrem Ger\u00e4t ein, was sie ebenfalls zu einer bevorzugten Wahl macht. Die Geschwindigkeit der Informationsverarbeitung innerhalb der Anwendung ist ebenfalls viel h\u00f6her als bei \u00e4hnlicher Software, sodass Sie schneller auf Ihre Lieblingsspiele zugreifen k\u00f6nnen.<\/p>\n<p>Das Herunterladen von Dateien von Websites Dritter ist sehr gef\u00e4hrlich f\u00fcr Ihre Sicherheit, da diese Malware enthalten k\u00f6nnen, die Ihr Ger\u00e4t besch\u00e4digen und Ihre pers\u00f6nlichen Daten gef\u00e4hrden kann. Aus diesen Gr\u00fcnden ist das Cowboyspin Casino nur im PWA-Format verf\u00fcgbar. Unsere PWA bietet die gleichen Funktionen, ohne Sie diesen Risiken auszusetzen.<\/p>\n<h2>Cowboyspin iOS Mobile App<\/h2>\n<p>Die Installation von Cowboy Spin auf iOS ist nicht kompliziert. Sie ist fast identisch mit der Installation auf Android und erfordert ebenfalls keinen Download aus dem App Store. Sie m\u00fcssen lediglich das Cowboyspin Casino mit dem Safari-Browser \u00f6ffnen, zu den Browsereinstellungen gehen, auf die Schaltfl\u00e4che \u201eZum Startbildschirm hinzuf\u00fcgen\u201c klicken und warten, bis die Verkn\u00fcpfung angezeigt wird.<\/p>\n<p><img loading=\"lazy\" decoding=\"async\" class=\"alignnone size-full wp-image-1917\" src=\"https:\/\/cowboyspincasino.com\/wp-content\/uploads\/2026\/03\/Cowboyspin-iOS-App.webp\" alt=\"Cowboyspin iOS App\" width=\"1248\" height=\"536\" srcset=\"https:\/\/cowboyspincasino.com\/wp-content\/uploads\/2026\/03\/Cowboyspin-iOS-App.webp 1248w, https:\/\/cowboyspincasino.com\/wp-content\/uploads\/2026\/03\/Cowboyspin-iOS-App-300x129.webp 300w, https:\/\/cowboyspincasino.com\/wp-content\/uploads\/2026\/03\/Cowboyspin-iOS-App-1024x440.webp 1024w, https:\/\/cowboyspincasino.com\/wp-content\/uploads\/2026\/03\/Cowboyspin-iOS-App-768x330.webp 768w\" sizes=\"auto, (max-width: 1248px) 100vw, 1248px\" \/><\/p>\n<\/div><\/div><div style=\"clear: both\"><\/div><div class=\"d-flex justify-content-center\"><button data-item=\"decouvrez_link\" data-group=\"website_links\" class=\"goto fw-bold rounded-pill btn btn-orange\" aria-label=\"Cowboyspin herunterladen\" >Cowboyspin herunterladen<\/button><\/div><div class=\"scrollable-content-wrap my-5\"><div class=\"scrollable-content-inner\"><h2>Windows- und macOS-Anwendungen<\/h2>\n<p>Wir haben bereits erw\u00e4hnt, dass unsere Software nicht nur auf Mobilger\u00e4ten, sondern auch unter Windows und macOS verf\u00fcgbar ist. Die Cowboyspin App funktioniert perfekt auf Desktop-Ger\u00e4ten und bietet eine schnellere und optimierte Version im Vergleich zum Web. Dar\u00fcber hinaus bietet die App Push-Benachrichtigungen, sodass Sie keine Werbeaktionen und Sonderveranstaltungen verpassen.<\/p>\n<p>Der Download ist ganz einfach. Gehen Sie einfach auf unsere Website und klicken Sie auf die Schaltfl\u00e4che \u201eInstallieren\u201c in der Adressleiste, die wie ein Pfeil auf einem Computerbildschirm aussieht. Danach dr\u00fccken Sie die Schaltfl\u00e4che noch einmal und schon sind Sie fertig.<\/p>\n<p><img loading=\"lazy\" decoding=\"async\" class=\"alignnone size-full wp-image-1909\" src=\"https:\/\/cowboyspincasino.com\/wp-content\/uploads\/2026\/03\/Cowboyspin-Desktop.webp\" alt=\"Cowboyspin Desktop\" width=\"1248\" height=\"536\" srcset=\"https:\/\/cowboyspincasino.com\/wp-content\/uploads\/2026\/03\/Cowboyspin-Desktop.webp 1248w, https:\/\/cowboyspincasino.com\/wp-content\/uploads\/2026\/03\/Cowboyspin-Desktop-300x129.webp 300w, https:\/\/cowboyspincasino.com\/wp-content\/uploads\/2026\/03\/Cowboyspin-Desktop-1024x440.webp 1024w, https:\/\/cowboyspincasino.com\/wp-content\/uploads\/2026\/03\/Cowboyspin-Desktop-768x330.webp 768w\" sizes=\"auto, (max-width: 1248px) 100vw, 1248px\" \/><\/p>\n<\/div><\/div><div style=\"clear: both\"><\/div><div class=\"d-flex justify-content-center\"><button data-item=\"decouvrez_link\" data-group=\"website_links\" class=\"goto fw-bold rounded-pill btn btn-orange\" aria-label=\"Laden Sie die Cowboyspin-App herunter\" >Laden Sie die Cowboyspin-App herunter<\/button><\/div><div class=\"scrollable-content-wrap my-5\"><div class=\"scrollable-content-inner\"><h2>FAQ<\/h2>\n<h3>Ist die Erstellung eines Kontos erforderlich, um die Cowboy Spin App nutzen zu k\u00f6nnen?<\/h3>\n<p>Ja, Sie m\u00fcssen ein Konto bei Cowboyspin Casino erstellen, um alle Funktionen nutzen zu k\u00f6nnen, z. B. Echtgeldspiele spielen, Boni erhalten und Zahlungen vornehmen. In unserem vereinfachten Formular m\u00fcssen Sie nur eine E-Mail-Adresse, ein Passwort und einige grundlegende pers\u00f6nliche Daten angeben, um sich zu registrieren. Der gesamte Vorgang dauert etwa zwei Minuten. Einige Spiele verf\u00fcgen \u00fcber einen Demo-Modus, den Sie ohne Konto spielen k\u00f6nnen.<\/p>\n<h3>Bietet die Cowboy Spin Casino App Kundensupport?<\/h3>\n<p>Ja, mit der Cowboyspin App haben Sie rund um die Uhr \u00fcber Live-Chat und E-Mail uneingeschr\u00e4nkten Zugang zu unserem Kundenservice-Team. Durch Antippen des Chat-Symbols k\u00f6nnen Spieler sofort ein Gespr\u00e4ch mit einem Mitarbeiter beginnen, der ihnen in mehreren Sprachen bei technischen Fragen, Fragen zum Konto oder zur Zahlung weiterhilft. Unabh\u00e4ngig davon, welches Ger\u00e4t Sie verwenden, wird das Spielerlebnis vollst\u00e4ndig unterst\u00fctzt.<\/p>\n<h3>Wie kann ich die Cowboy Spin App aktualisieren?<\/h3>\n<p>Wenn Sie die Cowboyspin Casino PWA starten, wird automatisch die neueste Version geladen, sodass Sie nichts weiter tun m\u00fcssen. Alle Updates und neuen Funktionen k\u00f6nnen sofort genutzt werden, ohne dass Sie App-Stores besuchen oder Programme herunterladen m\u00fcssen. Der Hintergrundprozess l\u00e4uft reibungslos, sodass Spieler mit wenig Aufwand immer das neueste Spielerlebnis genie\u00dfen k\u00f6nnen.<\/p>\n<\/div><\/div><\/p>\n","protected":false},"excerpt":{"rendered":"<p>Cowboyspin Mobile Plattform Die Cowboyspin App bietet allen Spielern das gleiche und manchmal sogar ein verbessertes Spielerlebnis wie die Desktop-Version. Die Funktionalit\u00e4t wurde exakt von der Desktop-Version \u00fcbernommen, sodass Sie sicher sein k\u00f6nnen, dass Ihnen nichts Wichtiges entgeht. Unser mobiles Casino verf\u00fcgt \u00fcber eine Spielebibliothek, die beliebte Online-Slots und einen vielf\u00e4ltigen Live-Casino-Bereich sowie alle anderen [&hellip;]<\/p>\n","protected":false},"author":1,"featured_media":0,"parent":0,"menu_order":0,"comment_status":"closed","ping_status":"closed","template":"template-builder.php","meta":{"_acf_changed":false,"inline_featured_image":false,"footnotes":""},"class_list":["post-1442","page","type-page","status-publish","hentry"],"acf":[],"yoast_head":"<!-- This site is optimized with the Yoast SEO plugin v27.3 - https:\/\/yoast.com\/product\/yoast-seo-wordpress\/ -->\n<title>Cowboyspin App | iOS- und Android-Plattformen<\/title>\n<meta name=\"description\" content=\"Die Cowboyspin-App bietet reibungsloses Casino-Gaming auf Android, iOS, Windows und macOS mit synchronisierten Konten, regelm\u00e4\u00dfigen Updates und integriertem Kundensupport f\u00fcr ein stressfreies Erlebnis.\" \/>\n<meta name=\"robots\" content=\"index, follow, max-snippet:-1, max-image-preview:large, max-video-preview:-1\" \/>\n<link rel=\"canonical\" href=\"https:\/\/cowboyspincasino.com\/de\/app\/\" \/>\n<meta property=\"og:locale\" content=\"de_DE\" \/>\n<meta property=\"og:type\" content=\"article\" \/>\n<meta property=\"og:title\" content=\"Cowboyspin App | iOS- und Android-Plattformen\" \/>\n<meta property=\"og:description\" content=\"Die Cowboyspin-App bietet reibungsloses Casino-Gaming auf Android, iOS, Windows und macOS mit synchronisierten Konten, regelm\u00e4\u00dfigen Updates und integriertem Kundensupport f\u00fcr ein stressfreies Erlebnis.\" \/>\n<meta property=\"og:url\" content=\"https:\/\/cowboyspincasino.com\/de\/app\/\" \/>\n<meta property=\"og:site_name\" content=\"cowboyspin\" \/>\n<meta property=\"article:modified_time\" content=\"2026-03-16T10:01:06+00:00\" \/>\n<meta name=\"twitter:card\" content=\"summary_large_image\" \/>\n<meta name=\"twitter:label1\" content=\"Gesch\u00e4tzte Lesezeit\" \/>\n\t<meta name=\"twitter:data1\" content=\"2\u00a0Minuten\" \/>\n<script type=\"application\/ld+json\" class=\"yoast-schema-graph\">{\"@context\":\"https:\\\/\\\/schema.org\",\"@graph\":[{\"@type\":\"WebPage\",\"@id\":\"https:\\\/\\\/cowboyspincasino.com\\\/de\\\/app\\\/\",\"url\":\"https:\\\/\\\/cowboyspincasino.com\\\/de\\\/app\\\/\",\"name\":\"Cowboyspin App | iOS- und Android-Plattformen\",\"isPartOf\":{\"@id\":\"https:\\\/\\\/cowboyspincasino.com\\\/de\\\/#website\"},\"datePublished\":\"2026-01-20T12:08:23+00:00\",\"dateModified\":\"2026-03-16T10:01:06+00:00\",\"description\":\"Die Cowboyspin-App bietet reibungsloses Casino-Gaming auf Android, iOS, Windows und macOS mit synchronisierten Konten, regelm\u00e4\u00dfigen Updates und integriertem Kundensupport f\u00fcr ein stressfreies Erlebnis.\",\"breadcrumb\":{\"@id\":\"https:\\\/\\\/cowboyspincasino.com\\\/de\\\/app\\\/#breadcrumb\"},\"inLanguage\":\"de\",\"potentialAction\":[{\"@type\":\"ReadAction\",\"target\":[\"https:\\\/\\\/cowboyspincasino.com\\\/de\\\/app\\\/\"]}]},{\"@type\":\"BreadcrumbList\",\"@id\":\"https:\\\/\\\/cowboyspincasino.com\\\/de\\\/app\\\/#breadcrumb\",\"itemListElement\":[{\"@type\":\"ListItem\",\"position\":1,\"name\":\"Cowboyspin\",\"item\":\"https:\\\/\\\/cowboyspincasino.com\\\/de\\\/\"},{\"@type\":\"ListItem\",\"position\":2,\"name\":\"App\"}]},{\"@type\":\"WebSite\",\"@id\":\"https:\\\/\\\/cowboyspincasino.com\\\/de\\\/#website\",\"url\":\"https:\\\/\\\/cowboyspincasino.com\\\/de\\\/\",\"name\":\"Cowboyspin\",\"description\":\"\",\"publisher\":{\"@id\":\"https:\\\/\\\/cowboyspincasino.com\\\/de\\\/#organization\"},\"potentialAction\":[{\"@type\":\"SearchAction\",\"target\":{\"@type\":\"EntryPoint\",\"urlTemplate\":\"https:\\\/\\\/cowboyspincasino.com\\\/de\\\/?s={search_term_string}\"},\"query-input\":{\"@type\":\"PropertyValueSpecification\",\"valueRequired\":true,\"valueName\":\"search_term_string\"}}],\"inLanguage\":\"de\"},{\"@type\":\"Organization\",\"@id\":\"https:\\\/\\\/cowboyspincasino.com\\\/de\\\/#organization\",\"name\":\"Cowboyspin\",\"url\":\"https:\\\/\\\/cowboyspincasino.com\\\/de\\\/\",\"logo\":{\"@type\":\"ImageObject\",\"inLanguage\":\"de\",\"@id\":\"https:\\\/\\\/cowboyspincasino.com\\\/de\\\/#\\\/schema\\\/logo\\\/image\\\/\",\"url\":\"https:\\\/\\\/cowboyspincasino.com\\\/wp-content\\\/uploads\\\/2026\\\/03\\\/cowboyspin-logo.png\",\"contentUrl\":\"https:\\\/\\\/cowboyspincasino.com\\\/wp-content\\\/uploads\\\/2026\\\/03\\\/cowboyspin-logo.png\",\"width\":180,\"height\":66,\"caption\":\"Cowboyspin\"},\"image\":{\"@id\":\"https:\\\/\\\/cowboyspincasino.com\\\/de\\\/#\\\/schema\\\/logo\\\/image\\\/\"}}]}<\/script>\n<!-- \/ Yoast SEO plugin. -->","yoast_head_json":{"title":"Cowboyspin App | iOS- und Android-Plattformen","description":"Die Cowboyspin-App bietet reibungsloses Casino-Gaming auf Android, iOS, Windows und macOS mit synchronisierten Konten, regelm\u00e4\u00dfigen Updates und integriertem Kundensupport f\u00fcr ein stressfreies Erlebnis.","robots":{"index":"index","follow":"follow","max-snippet":"max-snippet:-1","max-image-preview":"max-image-preview:large","max-video-preview":"max-video-preview:-1"},"canonical":"https:\/\/cowboyspincasino.com\/de\/app\/","og_locale":"de_DE","og_type":"article","og_title":"Cowboyspin App | iOS- und Android-Plattformen","og_description":"Die Cowboyspin-App bietet reibungsloses Casino-Gaming auf Android, iOS, Windows und macOS mit synchronisierten Konten, regelm\u00e4\u00dfigen Updates und integriertem Kundensupport f\u00fcr ein stressfreies Erlebnis.","og_url":"https:\/\/cowboyspincasino.com\/de\/app\/","og_site_name":"cowboyspin","article_modified_time":"2026-03-16T10:01:06+00:00","twitter_card":"summary_large_image","twitter_misc":{"Gesch\u00e4tzte Lesezeit":"2\u00a0Minuten"},"schema":{"@context":"https:\/\/schema.org","@graph":[{"@type":"WebPage","@id":"https:\/\/cowboyspincasino.com\/de\/app\/","url":"https:\/\/cowboyspincasino.com\/de\/app\/","name":"Cowboyspin App | iOS- und Android-Plattformen","isPartOf":{"@id":"https:\/\/cowboyspincasino.com\/de\/#website"},"datePublished":"2026-01-20T12:08:23+00:00","dateModified":"2026-03-16T10:01:06+00:00","description":"Die Cowboyspin-App bietet reibungsloses Casino-Gaming auf Android, iOS, Windows und macOS mit synchronisierten Konten, regelm\u00e4\u00dfigen Updates und integriertem Kundensupport f\u00fcr ein stressfreies Erlebnis.","breadcrumb":{"@id":"https:\/\/cowboyspincasino.com\/de\/app\/#breadcrumb"},"inLanguage":"de","potentialAction":[{"@type":"ReadAction","target":["https:\/\/cowboyspincasino.com\/de\/app\/"]}]},{"@type":"BreadcrumbList","@id":"https:\/\/cowboyspincasino.com\/de\/app\/#breadcrumb","itemListElement":[{"@type":"ListItem","position":1,"name":"Cowboyspin","item":"https:\/\/cowboyspincasino.com\/de\/"},{"@type":"ListItem","position":2,"name":"App"}]},{"@type":"WebSite","@id":"https:\/\/cowboyspincasino.com\/de\/#website","url":"https:\/\/cowboyspincasino.com\/de\/","name":"Cowboyspin","description":"","publisher":{"@id":"https:\/\/cowboyspincasino.com\/de\/#organization"},"potentialAction":[{"@type":"SearchAction","target":{"@type":"EntryPoint","urlTemplate":"https:\/\/cowboyspincasino.com\/de\/?s={search_term_string}"},"query-input":{"@type":"PropertyValueSpecification","valueRequired":true,"valueName":"search_term_string"}}],"inLanguage":"de"},{"@type":"Organization","@id":"https:\/\/cowboyspincasino.com\/de\/#organization","name":"Cowboyspin","url":"https:\/\/cowboyspincasino.com\/de\/","logo":{"@type":"ImageObject","inLanguage":"de","@id":"https:\/\/cowboyspincasino.com\/de\/#\/schema\/logo\/image\/","url":"https:\/\/cowboyspincasino.com\/wp-content\/uploads\/2026\/03\/cowboyspin-logo.png","contentUrl":"https:\/\/cowboyspincasino.com\/wp-content\/uploads\/2026\/03\/cowboyspin-logo.png","width":180,"height":66,"caption":"Cowboyspin"},"image":{"@id":"https:\/\/cowboyspincasino.com\/de\/#\/schema\/logo\/image\/"}}]}},"_links":{"self":[{"href":"https:\/\/cowboyspincasino.com\/de\/wp-json\/wp\/v2\/pages\/1442","targetHints":{"allow":["GET"]}}],"collection":[{"href":"https:\/\/cowboyspincasino.com\/de\/wp-json\/wp\/v2\/pages"}],"about":[{"href":"https:\/\/cowboyspincasino.com\/de\/wp-json\/wp\/v2\/types\/page"}],"author":[{"embeddable":true,"href":"https:\/\/cowboyspincasino.com\/de\/wp-json\/wp\/v2\/users\/1"}],"replies":[{"embeddable":true,"href":"https:\/\/cowboyspincasino.com\/de\/wp-json\/wp\/v2\/comments?post=1442"}],"version-history":[{"count":3,"href":"https:\/\/cowboyspincasino.com\/de\/wp-json\/wp\/v2\/pages\/1442\/revisions"}],"predecessor-version":[{"id":2045,"href":"https:\/\/cowboyspincasino.com\/de\/wp-json\/wp\/v2\/pages\/1442\/revisions\/2045"}],"wp:attachment":[{"href":"https:\/\/cowboyspincasino.com\/de\/wp-json\/wp\/v2\/media?parent=1442"}],"curies":[{"name":"wp","href":"https:\/\/api.w.org\/{rel}","templated":true}]}}